{"id":18637,"date":"2025-12-16T20:44:46","date_gmt":"2025-12-16T20:44:46","guid":{"rendered":"https:\/\/researchchemicalsweb.com\/?post_type=product&#038;p=18637"},"modified":"2026-02-17T14:25:13","modified_gmt":"2026-02-17T14:25:13","slug":"2c-e-kugelchen-10-mg","status":"publish","type":"product","link":"https:\/\/researchchemicalsweb.com\/de\/produkt\/2c-e-kugelchen-10-mg\/","title":{"rendered":"2C-E Pellets 10 MG"},"content":{"rendered":"<p data-start=\"4783\" data-end=\"4975\"><strong data-start=\"4783\" data-end=\"4828\">2C-E (2,5-Dimethoxy-4-ethylphenethylamin)<\/strong> ist eine <strong data-start=\"4836\" data-end=\"4869\">substituiertes Phenethylamin<\/strong> von der <strong data-start=\"4877\" data-end=\"4889\">Baureihe 2C<\/strong>, eine Gruppe von Verbindungen, die in der forensischen und analytischen Chemie untersucht werden. 2c e<\/p>\n<p data-start=\"4977\" data-end=\"5157\">Die <strong data-start=\"4980\" data-end=\"5002\">2C-E 10 mg Pellets<\/strong> dienen als <strong data-start=\"5014\" data-end=\"5032\">Referenzsubstanz<\/strong> f\u00fcr die analytische Kalibrierung und Methodenentwicklung in Laboratorien, die Forschung zu substituierten Phenethylaminen betreiben.<\/p>\n<p data-start=\"5159\" data-end=\"5291\">Dieses Produkt ist <strong data-start=\"5174\" data-end=\"5229\">ausschlie\u00dflich f\u00fcr die wissenschaftliche Forschung bestimmt sind<\/strong> und <strong data-start=\"5233\" data-end=\"5290\">nicht f\u00fcr den menschlichen oder tierischen Verzehr geeignet<\/strong>.<\/p>\n<hr data-start=\"5293\" data-end=\"5296\" \/>\n<h3 data-start=\"5298\" data-end=\"5329\"><strong data-start=\"5302\" data-end=\"5329\">Wesentliche Merkmale<\/strong><\/h3>\n<ul data-start=\"5331\" data-end=\"5813\">\n<li data-start=\"5331\" data-end=\"5430\">\n<p data-start=\"5333\" data-end=\"5430\"><strong data-start=\"5333\" data-end=\"5353\">Hohe Reinheit:<\/strong> Hergestellt unter strenger Qualit\u00e4tskontrolle f\u00fcr zuverl\u00e4ssige Ergebnisse.<\/p>\n<\/li>\n<li data-start=\"5431\" data-end=\"5522\">\n<p data-start=\"5433\" data-end=\"5522\"><strong data-start=\"5433\" data-end=\"5465\">Standardisierte Dosierung:<\/strong> Jedes Pellet enth\u00e4lt 10 mg 2C-E f\u00fcr eine genaue Analyse.<\/p>\n<\/li>\n<li data-start=\"5523\" data-end=\"5632\">\n<p data-start=\"5525\" data-end=\"5632\"><strong data-start=\"5525\" data-end=\"5564\">Zertifiziertes Referenzmaterial:<\/strong> Geliefert mit <strong data-start=\"5578\" data-end=\"5606\">Analysezertifikat (COA)<\/strong> und Reinheitsdaten.<\/p>\n<\/li>\n<li data-start=\"5633\" data-end=\"5719\">\n<p data-start=\"5635\" data-end=\"5719\"><strong data-start=\"5635\" data-end=\"5666\">Breiter Einsatz von Analyseger\u00e4ten:<\/strong> Geeignet f\u00fcr <strong data-start=\"5681\" data-end=\"5690\">GC-MS<\/strong>, <strong data-start=\"5692\" data-end=\"5704\">LC-MS\/MS<\/strong> und <strong data-start=\"5708\" data-end=\"5716\">HPLC<\/strong>.<\/p>\n<\/li>\n<li data-start=\"5720\" data-end=\"5813\">\n<p data-start=\"5722\" data-end=\"5813\"><strong data-start=\"5722\" data-end=\"5747\">Stabile Formulierung:<\/strong> Beh\u00e4lt unter den empfohlenen Lagerungsbedingungen seine chemische Stabilit\u00e4t bei. 2c e<\/p>\n<\/li>\n<\/ul>\n<hr data-start=\"5815\" data-end=\"5818\" \/>\n<h3 data-start=\"5820\" data-end=\"5837\"><strong data-start=\"5824\" data-end=\"5837\">Vorteile<\/strong><\/h3>\n<ul data-start=\"5839\" data-end=\"6311\">\n<li data-start=\"5839\" data-end=\"5946\">\n<p data-start=\"5841\" data-end=\"5946\"><strong data-start=\"5841\" data-end=\"5878\">Unterst\u00fctzt die analytische Forschung:<\/strong> Hilft bei der Entwicklung von Nachweis- und Identifizierungsmethoden.<\/p>\n<\/li>\n<li data-start=\"5947\" data-end=\"6051\">\n<p data-start=\"5949\" data-end=\"6051\"><strong data-start=\"5949\" data-end=\"5976\">Forensische Anwendung:<\/strong> Wird f\u00fcr die Klassifizierung von substituierten Phenethylaminen verwendet.<\/p>\n<\/li>\n<li data-start=\"6052\" data-end=\"6120\">\n<p data-start=\"6054\" data-end=\"6120\"><strong data-start=\"6054\" data-end=\"6081\">Zuverl\u00e4ssige Kalibrierung:<\/strong> Sorgt f\u00fcr konstante Messergebnisse.<\/p>\n<\/li>\n<li data-start=\"6121\" data-end=\"6211\">\n<p data-start=\"6123\" data-end=\"6211\"><strong data-start=\"6123\" data-end=\"6145\">P\u00e4dagogischer Wert:<\/strong> Geeignet f\u00fcr akademische Kurse in Chemie und Toxikologie.<\/p>\n<\/li>\n<li data-start=\"6212\" data-end=\"6311\">\n<p data-start=\"6214\" data-end=\"6311\"><strong data-start=\"6214\" data-end=\"6249\">Erf\u00fcllt die Laborstandards:<\/strong> Hergestellt nach den internationalen Sicherheitsrichtlinien.<\/p>\n<\/li>\n<\/ul>\n<hr data-start=\"6313\" data-end=\"6316\" \/>\n<h3 data-start=\"6318\" data-end=\"6379\"><strong data-start=\"6322\" data-end=\"6379\">Gebrauchsanweisung (nur f\u00fcr Forschungszwecke)<\/strong><\/h3>\n<ol data-start=\"6381\" data-end=\"6729\">\n<li data-start=\"6381\" data-end=\"6471\">\n<p data-start=\"6384\" data-end=\"6471\"><strong data-start=\"6384\" data-end=\"6402\">Vorbereitung:<\/strong> Verwendung in zugelassenen Laboratorien mit geeigneter Schutzausr\u00fcstung.<\/p>\n<\/li>\n<li data-start=\"6472\" data-end=\"6592\">\n<p data-start=\"6475\" data-end=\"6592\"><strong data-start=\"6475\" data-end=\"6490\">Anwendung:<\/strong> Verwendung f\u00fcr analytische, chromatographische oder spektrale Analysen nach validierten Protokollen.<\/p>\n<\/li>\n<li data-start=\"6593\" data-end=\"6656\">\n<p data-start=\"6596\" data-end=\"6656\"><strong data-start=\"6596\" data-end=\"6607\">Lagerung:<\/strong> K\u00fchl, trocken, dunkel und gut verschlossen lagern.<\/p>\n<\/li>\n<li data-start=\"6657\" data-end=\"6729\">\n<p data-start=\"6660\" data-end=\"6729\"><strong data-start=\"6660\" data-end=\"6671\">Entw\u00e4sserung:<\/strong> Befolgen Sie die \u00f6rtlichen Vorschriften f\u00fcr die Entsorgung von Chemikalien.<\/p>\n<\/li>\n<\/ol>\n<hr data-start=\"6731\" data-end=\"6734\" \/>\n<h3 data-start=\"6736\" data-end=\"6770\"><strong data-start=\"6740\" data-end=\"6770\">Sicherheit und Einhaltung der Vorschriften<\/strong><\/h3>\n<ul data-start=\"6772\" data-end=\"7197\">\n<li data-start=\"6772\" data-end=\"6866\">\n<p data-start=\"6774\" data-end=\"6866\"><strong data-start=\"6774\" data-end=\"6810\">Nur f\u00fcr Laborzwecke:<\/strong> Nicht f\u00fcr den menschlichen oder tierischen Verzehr bestimmt.<\/p>\n<\/li>\n<li data-start=\"6867\" data-end=\"6966\">\n<p data-start=\"6869\" data-end=\"6966\"><strong data-start=\"6869\" data-end=\"6891\">Rechtsstatus:<\/strong> 2C-E f\u00e4llt in vielen L\u00e4ndern unter das Opiumgesetz oder \u00e4hnliche Vorschriften.<\/p>\n<\/li>\n<li data-start=\"6967\" data-end=\"7072\">\n<p data-start=\"6969\" data-end=\"7072\"><strong data-start=\"6969\" data-end=\"6997\">Gesundheit und Sicherheit:<\/strong> Einatmen und Hautkontakt vermeiden; in einem gut bel\u00fcfteten Bereich arbeiten.<\/p>\n<\/li>\n<li data-start=\"7073\" data-end=\"7197\">\n<p data-start=\"7075\" data-end=\"7197\"><strong data-start=\"7075\" data-end=\"7092\">Dokumentation:<\/strong> A <strong data-start=\"7097\" data-end=\"7133\">Sicherheitsdatenblatt (MSDS)<\/strong> und <strong data-start=\"7137\" data-end=\"7165\">Analysezertifikat (COA)<\/strong> sind auf Anfrage erh\u00e4ltlich.<\/p>\n<\/li>\n<\/ul>\n<hr data-start=\"7199\" data-end=\"7202\" \/>\n<h3 data-start=\"7204\" data-end=\"7239\"><strong data-start=\"7208\" data-end=\"7239\">H\u00e4ufig gestellte Fragen (FAQs)<\/strong><\/h3>\n<p data-start=\"7241\" data-end=\"7398\"><strong data-start=\"7241\" data-end=\"7277\">1. Wof\u00fcr wird das 2C-E verwendet?<\/strong><br data-start=\"7277\" data-end=\"7280\" \/>2C-E wird verwendet als <strong data-start=\"7304\" data-end=\"7327\">Referenzstandard<\/strong> F\u00fcr analytische und forensische Untersuchungen von Phenethylaminanaloga.<\/p>\n<p data-start=\"7400\" data-end=\"7560\"><strong data-start=\"7400\" data-end=\"7451\">2. Ist 2C-E f\u00fcr den menschlichen Verzehr geeignet?<\/strong><br data-start=\"7451\" data-end=\"7454\" \/>Nein. Dieses Produkt ist <strong data-start=\"7474\" data-end=\"7512\">nur f\u00fcr Forschungszwecke<\/strong> und <strong data-start=\"7516\" data-end=\"7557\">nicht f\u00fcr medizinische Zwecke zugelassen<\/strong>.<\/p>\n<p data-start=\"7562\" data-end=\"7689\"><strong data-start=\"7562\" data-end=\"7601\">3. Wie sollte 2C-E aufbewahrt werden?<\/strong><br data-start=\"7601\" data-end=\"7604\" \/>K\u00fchl, trocken und dunkel, gut verschlossen und au\u00dferhalb der Reichweite von Unbefugten lagern.<\/p>","protected":false},"excerpt":{"rendered":"<h2><span style=\"vertical-align: inherit;\"><span style=\"vertical-align: inherit;\"><span dir=\"auto\" style=\"vertical-align: inherit;\"><span dir=\"auto\" style=\"vertical-align: inherit;\">2C-E properties<\/span><\/span><\/span><\/span><\/h2>\n<p><strong><span style=\"vertical-align: inherit;\"><span style=\"vertical-align: inherit;\"><span dir=\"auto\" style=\"vertical-align: inherit;\"><span dir=\"auto\" style=\"vertical-align: inherit;\">Synonyms<\/span><\/span><\/span><\/span><\/strong><span style=\"vertical-align: inherit;\"><span style=\"vertical-align: inherit;\"><span dir=\"auto\" style=\"vertical-align: inherit;\"><span dir=\"auto\" style=\"vertical-align: inherit;\"> : 2,5-dimethoxy-4-ethylphenethylamine, monohydrochloride <\/span><\/span><\/span><\/span><br \/>\n<strong><span style=\"vertical-align: inherit;\"><span style=\"vertical-align: inherit;\"><span dir=\"auto\" style=\"vertical-align: inherit;\"><span dir=\"auto\" style=\"vertical-align: inherit;\">CAS Number<\/span><\/span><\/span><\/span><\/strong><span style=\"vertical-align: inherit;\"><span style=\"vertical-align: inherit;\"><span dir=\"auto\" style=\"vertical-align: inherit;\"><span dir=\"auto\" style=\"vertical-align: inherit;\"> : 923013-67-6 <\/span><\/span><\/span><\/span><br \/>\n<strong><span style=\"vertical-align: inherit;\"><span style=\"vertical-align: inherit;\"><span dir=\"auto\" style=\"vertical-align: inherit;\"><span dir=\"auto\" style=\"vertical-align: inherit;\">Formula<\/span><\/span><\/span><\/span><\/strong><span style=\"vertical-align: inherit;\"><span style=\"vertical-align: inherit;\"><span dir=\"auto\" style=\"vertical-align: inherit;\"><span dir=\"auto\" style=\"vertical-align: inherit;\"> : C12H19NO2 \u2022 HCL <\/span><\/span><\/span><\/span><br \/>\n<strong><span style=\"vertical-align: inherit;\"><span style=\"vertical-align: inherit;\"><span dir=\"auto\" style=\"vertical-align: inherit;\"><span dir=\"auto\" style=\"vertical-align: inherit;\">Molar mass<\/span><\/span><\/span><\/span><\/strong><span style=\"vertical-align: inherit;\"><span style=\"vertical-align: inherit;\"><span dir=\"auto\" style=\"vertical-align: inherit;\"><span dir=\"auto\" style=\"vertical-align: inherit;\"> : 245.7 g\/mol <\/span><\/span><\/span><\/span><br \/>\n<strong><span style=\"vertical-align: inherit;\"><span style=\"vertical-align: inherit;\"><span dir=\"auto\" style=\"vertical-align: inherit;\"><span dir=\"auto\" style=\"vertical-align: inherit;\">Purity<\/span><\/span><\/span><\/span><\/strong><span style=\"vertical-align: inherit;\"><span style=\"vertical-align: inherit;\"><span dir=\"auto\" style=\"vertical-align: inherit;\"><span dir=\"auto\" style=\"vertical-align: inherit;\"> : \u226599%<\/span><\/span><\/span><\/span><\/p>","protected":false},"featured_media":20171,"comment_status":"closed","ping_status":"closed","template":"","meta":[],"product_brand":[],"product_cat":[72,401,73,74,127],"product_tag":[75,76,78],"class_list":{"0":"post-18637","1":"product","2":"type-product","3":"status-publish","4":"has-post-thumbnail","6":"product_cat-2c-e","7":"product_cat-2c-e-pellets","8":"product_cat-bijna-verboden","9":"product_cat-fenethylamine","10":"product_cat-pellets","11":"product_tag-2c-e","12":"product_tag-2c-e-kopen","13":"product_tag-nl","15":"first","16":"instock","17":"shipping-taxable","18":"purchasable","19":"product-type-variable"},"_links":{"self":[{"href":"https:\/\/researchchemicalsweb.com\/de\/wp-json\/wp\/v2\/product\/18637","targetHints":{"allow":["GET"]}}],"collection":[{"href":"https:\/\/researchchemicalsweb.com\/de\/wp-json\/wp\/v2\/product"}],"about":[{"href":"https:\/\/researchchemicalsweb.com\/de\/wp-json\/wp\/v2\/types\/product"}],"replies":[{"embeddable":true,"href":"https:\/\/researchchemicalsweb.com\/de\/wp-json\/wp\/v2\/comments?post=18637"}],"version-history":[{"count":1,"href":"https:\/\/researchchemicalsweb.com\/de\/wp-json\/wp\/v2\/product\/18637\/revisions"}],"predecessor-version":[{"id":18683,"href":"https:\/\/researchchemicalsweb.com\/de\/wp-json\/wp\/v2\/product\/18637\/revisions\/18683"}],"wp:featuredmedia":[{"embeddable":true,"href":"https:\/\/researchchemicalsweb.com\/de\/wp-json\/wp\/v2\/media\/20171"}],"wp:attachment":[{"href":"https:\/\/researchchemicalsweb.com\/de\/wp-json\/wp\/v2\/media?parent=18637"}],"wp:term":[{"taxonomy":"product_brand","embeddable":true,"href":"https:\/\/researchchemicalsweb.com\/de\/wp-json\/wp\/v2\/product_brand?post=18637"},{"taxonomy":"product_cat","embeddable":true,"href":"https:\/\/researchchemicalsweb.com\/de\/wp-json\/wp\/v2\/product_cat?post=18637"},{"taxonomy":"product_tag","embeddable":true,"href":"https:\/\/researchchemicalsweb.com\/de\/wp-json\/wp\/v2\/product_tag?post=18637"}],"curies":[{"name":"wp","href":"https:\/\/api.w.org\/{rel}","templated":true}]}}