{"id":18634,"date":"2025-12-16T20:44:46","date_gmt":"2025-12-16T20:44:46","guid":{"rendered":"https:\/\/researchchemicalsweb.com\/?post_type=product&#038;p=18634"},"modified":"2026-02-17T14:25:05","modified_gmt":"2026-02-17T14:25:05","slug":"2-mmc-2-methylmethcathinon","status":"publish","type":"product","link":"https:\/\/researchchemicalsweb.com\/de\/produkt\/2-mmc-2-methylmethcathinon\/","title":{"rendered":"2-MMC (2-Methylmethcathinon)"},"content":{"rendered":"<p data-start=\"5037\" data-end=\"5280\"><strong data-start=\"5037\" data-end=\"5070\">2-MMC (2-Methylmethcathinon)<\/strong> ist eine <strong data-start=\"5078\" data-end=\"5111\">synthetisches Cathinon-Derivat<\/strong> die zum <strong data-start=\"5131\" data-end=\"5155\">Phenethylamin-Klasse<\/strong>. Sie wird im Rahmen der <strong data-start=\"5188\" data-end=\"5225\">forensische und analytische Chemie<\/strong> Aufgrund seiner strukturellen und spektralen Eigenschaften. 2 mmc kaufen<\/p>\n<p data-start=\"5282\" data-end=\"5571\">In Laboratorien wird 2-MMC verwendet als <strong data-start=\"5322\" data-end=\"5340\">Referenzsubstanz<\/strong> f\u00fcr die <strong data-start=\"5350\" data-end=\"5390\">Entwicklung, Validierung und Kalibrierung<\/strong> von Nachweismethoden bei forensischen und toxikologischen Untersuchungen.<br data-start=\"5453\" data-end=\"5456\" \/>Dieses Produkt ist <strong data-start=\"5471\" data-end=\"5509\">nur f\u00fcr Forschungszwecke<\/strong> und <strong data-start=\"5513\" data-end=\"5570\">nicht f\u00fcr den menschlichen oder tierischen Verzehr geeignet<\/strong>.<\/p>\n<hr data-start=\"5573\" data-end=\"5576\" \/>\n<h3 data-start=\"5578\" data-end=\"5609\"><strong data-start=\"5582\" data-end=\"5609\">Wesentliche Merkmale<\/strong><\/h3>\n<ul data-start=\"5611\" data-end=\"6105\">\n<li data-start=\"5611\" data-end=\"5713\">\n<p data-start=\"5613\" data-end=\"5713\"><strong data-start=\"5613\" data-end=\"5633\">Hohe Reinheit:<\/strong> Hergestellt unter kontrollierten Bedingungen f\u00fcr zuverl\u00e4ssige Ergebnisse.<\/p>\n<\/li>\n<li data-start=\"5714\" data-end=\"5823\">\n<p data-start=\"5716\" data-end=\"5823\"><strong data-start=\"5716\" data-end=\"5755\">Zertifiziertes Referenzmaterial:<\/strong> Geliefert mit <strong data-start=\"5769\" data-end=\"5797\">Analysezertifikat (COA)<\/strong> und Reinheitsdaten.<\/p>\n<\/li>\n<li data-start=\"5824\" data-end=\"5922\">\n<p data-start=\"5826\" data-end=\"5922\"><strong data-start=\"5826\" data-end=\"5853\">Forensische Relevanz:<\/strong> Geeignet f\u00fcr die Identifizierung und den Vergleich von Cathinon-Analoga.<\/p>\n<\/li>\n<li data-start=\"5923\" data-end=\"6011\">\n<p data-start=\"5925\" data-end=\"6011\"><strong data-start=\"5925\" data-end=\"5956\">Breiter Einsatz von Analyseger\u00e4ten:<\/strong> Kompatibel mit <strong data-start=\"5972\" data-end=\"5981\">GC-MS<\/strong>, <strong data-start=\"5983\" data-end=\"5995\">LC-MS\/MS<\/strong>, und <strong data-start=\"6000\" data-end=\"6008\">HPLC<\/strong>.<\/p>\n<\/li>\n<li data-start=\"6012\" data-end=\"6105\">\n<p data-start=\"6014\" data-end=\"6105\"><strong data-start=\"6014\" data-end=\"6041\">Stabile Zusammensetzung:<\/strong> Konzipiert f\u00fcr die Langzeitlagerung unter Laborbedingungen.<\/p>\n<\/li>\n<\/ul>\n<hr data-start=\"6107\" data-end=\"6110\" \/>\n<h3 data-start=\"6112\" data-end=\"6129\"><strong data-start=\"6116\" data-end=\"6129\">Vorteile<\/strong><\/h3>\n<ul data-start=\"6131\" data-end=\"6590\">\n<li data-start=\"6131\" data-end=\"6237\">\n<p data-start=\"6133\" data-end=\"6237\"><strong data-start=\"6133\" data-end=\"6170\">Unterst\u00fctzt die forensische Forschung:<\/strong> Hilft beim Nachweis und der Analyse von substituierten Cathinonen.<\/p>\n<\/li>\n<li data-start=\"6238\" data-end=\"6312\">\n<p data-start=\"6240\" data-end=\"6312\"><strong data-start=\"6240\" data-end=\"6267\">Zuverl\u00e4ssige Kalibrierung:<\/strong> Sorgt f\u00fcr reproduzierbare Messergebnisse.<\/p>\n<\/li>\n<li data-start=\"6313\" data-end=\"6402\">\n<p data-start=\"6315\" data-end=\"6402\"><strong data-start=\"6315\" data-end=\"6336\">Genaue Daten:<\/strong> Beitrag zur Validierung von toxikologischen Analysemethoden.<\/p>\n<\/li>\n<li data-start=\"6403\" data-end=\"6490\">\n<p data-start=\"6405\" data-end=\"6490\"><strong data-start=\"6405\" data-end=\"6427\">P\u00e4dagogischer Wert:<\/strong> Geeignet f\u00fcr akademische Kurse in analytischer Chemie.<\/p>\n<\/li>\n<li data-start=\"6491\" data-end=\"6590\">\n<p data-start=\"6493\" data-end=\"6590\"><strong data-start=\"6493\" data-end=\"6528\">Erf\u00fcllt die Laborstandards:<\/strong> Hergestellt nach den internationalen Sicherheitsrichtlinien.<\/p>\n<\/li>\n<\/ul>\n<hr data-start=\"6592\" data-end=\"6595\" \/>\n<h3 data-start=\"6597\" data-end=\"6658\"><strong data-start=\"6601\" data-end=\"6658\">Gebrauchsanweisung (nur f\u00fcr Forschungszwecke)<\/strong><\/h3>\n<ol data-start=\"6660\" data-end=\"6992\">\n<li data-start=\"6660\" data-end=\"6755\">\n<p data-start=\"6663\" data-end=\"6755\"><strong data-start=\"6663\" data-end=\"6677\">Handhabung:<\/strong> Nur in zugelassenen Labors mit geeigneter Schutzausr\u00fcstung verwenden.<\/p>\n<\/li>\n<li data-start=\"6756\" data-end=\"6842\">\n<p data-start=\"6759\" data-end=\"6842\"><strong data-start=\"6759\" data-end=\"6777\">Vorbereitung:<\/strong> Die Verd\u00fcnnung oder Zubereitung erfolgt gem\u00e4\u00df validierten Analyseprotokollen.<\/p>\n<\/li>\n<li data-start=\"6843\" data-end=\"6906\">\n<p data-start=\"6846\" data-end=\"6906\"><strong data-start=\"6846\" data-end=\"6857\">Lagerung:<\/strong> K\u00fchl, trocken, dunkel und gut verschlossen lagern.<\/p>\n<\/li>\n<li data-start=\"6907\" data-end=\"6992\">\n<p data-start=\"6910\" data-end=\"6992\"><strong data-start=\"6910\" data-end=\"6921\">Entw\u00e4sserung:<\/strong> Entsorgen Sie die Reste gem\u00e4\u00df den \u00f6rtlichen Vorschriften f\u00fcr chemische Abf\u00e4lle.<\/p>\n<\/li>\n<\/ol>\n<hr data-start=\"6994\" data-end=\"6997\" \/>\n<h3 data-start=\"6999\" data-end=\"7033\"><strong data-start=\"7003\" data-end=\"7033\">Sicherheit und Einhaltung der Vorschriften<\/strong><\/h3>\n<ul data-start=\"7035\" data-end=\"7494\">\n<li data-start=\"7035\" data-end=\"7130\">\n<p data-start=\"7037\" data-end=\"7130\"><strong data-start=\"7037\" data-end=\"7073\">Nur f\u00fcr Laborzwecke:<\/strong> Nicht f\u00fcr den menschlichen oder tierischen Verzehr geeignet.<\/p>\n<\/li>\n<li data-start=\"7131\" data-end=\"7252\">\n<p data-start=\"7133\" data-end=\"7252\"><strong data-start=\"7133\" data-end=\"7161\">Rechtliche Erw\u00e4gungen:<\/strong> Der rechtliche Status von 2-MMC variiert von Land zu Land; \u00fcberpr\u00fcfen Sie immer die \u00f6rtlichen Gesetze. 2-MMC kaufen<\/p>\n<\/li>\n<li data-start=\"7253\" data-end=\"7369\">\n<p data-start=\"7255\" data-end=\"7369\"><strong data-start=\"7255\" data-end=\"7283\">Gesundheit und Sicherheit:<\/strong> Einatmen und Hautkontakt vermeiden. Stets pers\u00f6nliche Schutzausr\u00fcstung verwenden.<\/p>\n<\/li>\n<li data-start=\"7370\" data-end=\"7494\">\n<p data-start=\"7372\" data-end=\"7494\"><strong data-start=\"7372\" data-end=\"7389\">Dokumentation:<\/strong> A <strong data-start=\"7394\" data-end=\"7430\">Sicherheitsdatenblatt (MSDS)<\/strong> und <strong data-start=\"7434\" data-end=\"7462\">Analysezertifikat (COA)<\/strong> sind auf Anfrage erh\u00e4ltlich.<\/p>\n<\/li>\n<\/ul>\n<hr data-start=\"7496\" data-end=\"7499\" \/>\n<h3 data-start=\"7501\" data-end=\"7536\"><strong data-start=\"7505\" data-end=\"7536\">H\u00e4ufig gestellte Fragen (FAQs)<\/strong><\/h3>\n<p data-start=\"7538\" data-end=\"7677\"><strong data-start=\"7538\" data-end=\"7575\">1. Wof\u00fcr wird 2-MMC verwendet?<\/strong><br data-start=\"7575\" data-end=\"7578\" \/>2-MMC wird verwendet als <strong data-start=\"7603\" data-end=\"7621\">Referenzsubstanz<\/strong> F\u00fcr chemische, forensische und toxikologische Untersuchungen.<\/p>\n<p data-start=\"7679\" data-end=\"7840\"><strong data-start=\"7679\" data-end=\"7731\">2. Ist 2-MMC f\u00fcr den menschlichen Verzehr geeignet?<\/strong><br data-start=\"7731\" data-end=\"7734\" \/>Nein. Dieses Produkt ist <strong data-start=\"7754\" data-end=\"7792\">nur f\u00fcr Forschungszwecke<\/strong> und <strong data-start=\"7796\" data-end=\"7837\">nicht f\u00fcr medizinische Zwecke zugelassen<\/strong>.<\/p>\n<p data-start=\"7842\" data-end=\"7966\"><strong data-start=\"7842\" data-end=\"7882\">3. Wie sollte 2-MMC aufbewahrt werden?<\/strong><br data-start=\"7882\" data-end=\"7885\" \/>K\u00fchl, trocken und dunkel, gut verschlossen und au\u00dferhalb der Reichweite von Unbefugten lagern.<\/p>\n<p><a href=\"https:\/\/researchchemicalsweb.com\/de\/shop\/lysergamide\/1v-lsd-150-mcg-blotters\/\"><span dir=\"auto\" style=\"vertical-align: inherit;\"><span dir=\"auto\" style=\"vertical-align: inherit;\">1V-LSD 150 MCG Blotters <\/span><\/span><\/a><a href=\"https:\/\/researchchemicalsweb.com\/de\/shop\/cathinonen\/2-cmc-kaufen\/\"><span dir=\"auto\" style=\"vertical-align: inherit;\"><span dir=\"auto\" style=\"vertical-align: inherit;\">2-CMC 250mg Pellets <\/span><\/span><\/a><a href=\"https:\/\/researchchemicalsweb.com\/de\/shop\/phenethylamin\/2c-ef-2mg-capsules\/\"><span dir=\"auto\" style=\"vertical-align: inherit;\"><span dir=\"auto\" style=\"vertical-align: inherit;\">2C-EF 2mg Kapseln <\/span><\/span><\/a><a href=\"https:\/\/researchchemicalsweb.com\/de\/shop\/fast-verboten\/6-cl-adba\/\"><span dir=\"auto\" style=\"vertical-align: inherit;\"><span dir=\"auto\" style=\"vertical-align: inherit;\">6-CL-ADBA <\/span><\/span><\/a><a href=\"https:\/\/researchchemicalsweb.com\/de\/shop\/andere\/meai\/\"><span dir=\"auto\" style=\"vertical-align: inherit;\"><span dir=\"auto\" style=\"vertical-align: inherit;\">MEAI<\/span><\/span><\/a><\/p>","protected":false},"excerpt":{"rendered":"<h2><span dir=\"auto\" style=\"vertical-align: inherit;\"><span dir=\"auto\" style=\"vertical-align: inherit;\">2-MMC properties<\/span><\/span><\/h2>\n<p><strong><span dir=\"auto\" style=\"vertical-align: inherit;\"><span dir=\"auto\" style=\"vertical-align: inherit;\">CAS Number<\/span><\/span><\/strong><span dir=\"auto\" style=\"vertical-align: inherit;\"><span dir=\"auto\" style=\"vertical-align: inherit;\"> : 1246911-71-6 <\/span><\/span><br \/>\n<strong><span dir=\"auto\" style=\"vertical-align: inherit;\"><span dir=\"auto\" style=\"vertical-align: inherit;\">Formula<\/span><\/span><\/strong><span dir=\"auto\" style=\"vertical-align: inherit;\"><span dir=\"auto\" style=\"vertical-align: inherit;\"> : C11h15NO \u2022 HCL <\/span><\/span><br \/>\n<strong><span dir=\"auto\" style=\"vertical-align: inherit;\"><span dir=\"auto\" style=\"vertical-align: inherit;\">Molar Mass<\/span><\/span><\/strong><span dir=\"auto\" style=\"vertical-align: inherit;\"><span dir=\"auto\" style=\"vertical-align: inherit;\"> : 177.247 <\/span><\/span><br \/>\n<strong><span dir=\"auto\" style=\"vertical-align: inherit;\"><span dir=\"auto\" style=\"vertical-align: inherit;\">Purity<\/span><\/span><\/strong><span dir=\"auto\" style=\"vertical-align: inherit;\"><span dir=\"auto\" style=\"vertical-align: inherit;\"> : \u226599%<\/span><\/span><\/p>","protected":false},"featured_media":20190,"comment_status":"closed","ping_status":"closed","template":"","meta":[],"product_brand":[],"product_cat":[394,73,111],"product_tag":[563,395,396,78],"class_list":{"0":"post-18634","1":"product","2":"type-product","3":"status-publish","4":"has-post-thumbnail","6":"product_cat-2-mmc","7":"product_cat-bijna-verboden","8":"product_cat-cathinonen","9":"product_tag-2-mmc","10":"product_tag-2-mmc-kopen","11":"product_tag-2-mmc-pellets-kopen","12":"product_tag-nl","14":"first","15":"instock","16":"shipping-taxable","17":"purchasable","18":"product-type-variable"},"_links":{"self":[{"href":"https:\/\/researchchemicalsweb.com\/de\/wp-json\/wp\/v2\/product\/18634","targetHints":{"allow":["GET"]}}],"collection":[{"href":"https:\/\/researchchemicalsweb.com\/de\/wp-json\/wp\/v2\/product"}],"about":[{"href":"https:\/\/researchchemicalsweb.com\/de\/wp-json\/wp\/v2\/types\/product"}],"replies":[{"embeddable":true,"href":"https:\/\/researchchemicalsweb.com\/de\/wp-json\/wp\/v2\/comments?post=18634"}],"version-history":[{"count":1,"href":"https:\/\/researchchemicalsweb.com\/de\/wp-json\/wp\/v2\/product\/18634\/revisions"}],"predecessor-version":[{"id":18678,"href":"https:\/\/researchchemicalsweb.com\/de\/wp-json\/wp\/v2\/product\/18634\/revisions\/18678"}],"wp:featuredmedia":[{"embeddable":true,"href":"https:\/\/researchchemicalsweb.com\/de\/wp-json\/wp\/v2\/media\/20190"}],"wp:attachment":[{"href":"https:\/\/researchchemicalsweb.com\/de\/wp-json\/wp\/v2\/media?parent=18634"}],"wp:term":[{"taxonomy":"product_brand","embeddable":true,"href":"https:\/\/researchchemicalsweb.com\/de\/wp-json\/wp\/v2\/product_brand?post=18634"},{"taxonomy":"product_cat","embeddable":true,"href":"https:\/\/researchchemicalsweb.com\/de\/wp-json\/wp\/v2\/product_cat?post=18634"},{"taxonomy":"product_tag","embeddable":true,"href":"https:\/\/researchchemicalsweb.com\/de\/wp-json\/wp\/v2\/product_tag?post=18634"}],"curies":[{"name":"wp","href":"https:\/\/api.w.org\/{rel}","templated":true}]}}