{"id":18371,"date":"2025-12-16T20:38:14","date_gmt":"2025-12-16T20:38:14","guid":{"rendered":"https:\/\/researchchemicalsweb.com\/?post_type=product&#038;p=18371"},"modified":"2026-02-18T06:28:04","modified_gmt":"2026-02-18T06:28:04","slug":"1p-lsd-150-mcg-pellets","status":"publish","type":"product","link":"https:\/\/researchchemicalsweb.com\/de\/produkt\/1p-lsd-150-mcg-pellets\/","title":{"rendered":"1P-LSD 150 MCG Pellets"},"content":{"rendered":"<h3>lsd bestellen 1P-LSD 150 MCG Pellets - Premium Qualit\u00e4t f\u00fcr die wissenschaftliche Forschung<\/h3>\n<p data-start=\"4066\" data-end=\"4258\"><strong data-start=\"4066\" data-end=\"4117\">1P-LSD (1-Propionyl-Lysergs\u00e4urediethylamid)<\/strong> 150 \u00b5g Pellets sind <strong data-start=\"4138\" data-end=\"4184\">Forschungsverbindungen von hoher Reinheit<\/strong>, entwickelt f\u00fcr <strong data-start=\"4202\" data-end=\"4255\">neurowissenschaftliche und pharmakologische Forschung<\/strong>. 1p lsd kaufen<\/p>\n<p data-start=\"4260\" data-end=\"4523\">Als <strong data-start=\"4264\" data-end=\"4296\">strukturelles Analogon von LSD<\/strong>, 1P-LSD enth\u00e4lt eine Propionylgruppe, die seine pharmakologischen Eigenschaften beeinflusst. Es wird h\u00e4ufig verwendet in <strong data-start=\"4406\" data-end=\"4446\">Forschung \u00fcber Serotoninrezeptoren<\/strong> und <strong data-start=\"4450\" data-end=\"4492\">Struktur-Wirkungs-Beziehungen (SAR)<\/strong> innerhalb der Klasse der Lysergamide.<\/p>\n<p data-start=\"4525\" data-end=\"4673\">Jedes Granulat enth\u00e4lt <strong data-start=\"4543\" data-end=\"4567\">150 Mikrogramm 1P-LSD<\/strong> mit hoher Genauigkeit, um reproduzierbare Untersuchungsergebnisse und Langzeitstabilit\u00e4t zu gew\u00e4hrleisten.<\/p>\n<blockquote data-start=\"4675\" data-end=\"4813\">\n<p data-start=\"4677\" data-end=\"4813\">\u26a0\ufe0f <strong data-start=\"4680\" data-end=\"4691\">Anmerkung:<\/strong> Dieses Produkt ist <strong data-start=\"4707\" data-end=\"4762\">ausschlie\u00dflich f\u00fcr die wissenschaftliche Forschung bestimmt sind<\/strong> und <strong data-start=\"4766\" data-end=\"4810\">nicht f\u00fcr den menschlichen Verzehr geeignet<\/strong>.<\/p>\n<\/blockquote>\n<hr data-start=\"4815\" data-end=\"4818\" \/>\n<h3 data-start=\"4820\" data-end=\"4851\"><strong data-start=\"4824\" data-end=\"4851\">Wesentliche Merkmale<\/strong><\/h3>\n<ul data-start=\"4852\" data-end=\"5288\">\n<li data-start=\"4852\" data-end=\"4935\">\n<p data-start=\"4854\" data-end=\"4935\"><strong data-start=\"4854\" data-end=\"4880\">Hohe Reinheit (\u226599%)<\/strong> - Laborgepr\u00fcft auf Identit\u00e4t und Stabilit\u00e4t.<\/p>\n<\/li>\n<li data-start=\"4936\" data-end=\"5034\">\n<p data-start=\"4938\" data-end=\"5034\"><strong data-start=\"4938\" data-end=\"4976\">Pr\u00e4zise Mikrodosierung (150 \u00b5g)<\/strong> - F\u00fcr konsistente und zuverl\u00e4ssige Forschungsergebnisse.<\/p>\n<\/li>\n<li data-start=\"5035\" data-end=\"5117\">\n<p data-start=\"5037\" data-end=\"5117\"><strong data-start=\"5037\" data-end=\"5063\">Verbesserte Stabilit\u00e4t<\/strong> - Entwickelt, um eine Verschlechterung w\u00e4hrend der Lagerung zu verhindern.<\/p>\n<\/li>\n<li data-start=\"5118\" data-end=\"5200\">\n<p data-start=\"5120\" data-end=\"5200\"><strong data-start=\"5120\" data-end=\"5145\">GMP-\u00e4hnliche Produktion<\/strong> - Garantierte Qualit\u00e4t f\u00fcr Forschungszwecke.<\/p>\n<\/li>\n<li data-start=\"5201\" data-end=\"5288\">\n<p data-start=\"5203\" data-end=\"5288\"><strong data-start=\"5203\" data-end=\"5225\">Sichere Verpackung<\/strong> - Luftdicht und feuchtigkeitsbest\u00e4ndig f\u00fcr lange Haltbarkeit.<\/p>\n<\/li>\n<\/ul>\n<hr data-start=\"5290\" data-end=\"5293\" \/>\n<h3 data-start=\"5295\" data-end=\"5312\"><strong data-start=\"5299\" data-end=\"5312\">Vorteile<\/strong><\/h3>\n<ul data-start=\"5313\" data-end=\"5576\">\n<li data-start=\"5313\" data-end=\"5394\">\n<p data-start=\"5315\" data-end=\"5394\">Unterst\u00fctzt <strong data-start=\"5327\" data-end=\"5391\">Forschung \u00fcber Serotoninrezeptoren und Lysergamid-Analoga<\/strong>.<\/p>\n<\/li>\n<li data-start=\"5395\" data-end=\"5461\">\n<p data-start=\"5397\" data-end=\"5461\"><strong data-start=\"5397\" data-end=\"5421\">Genaue Dosierung<\/strong> f\u00fcr eine zuverl\u00e4ssige Reproduzierbarkeit.<\/p>\n<\/li>\n<li data-start=\"5462\" data-end=\"5514\">\n<p data-start=\"5464\" data-end=\"5514\"><strong data-start=\"5464\" data-end=\"5490\">Langfristige Stabilit\u00e4t<\/strong> und einfache Lagerung. 1p lsd kaufen<\/p>\n<\/li>\n<li data-start=\"5515\" data-end=\"5576\">\n<p data-start=\"5517\" data-end=\"5576\">Geeignet f\u00fcr <strong data-start=\"5531\" data-end=\"5573\">pharmakologische und analytische Forschung<\/strong>.<\/p>\n<\/li>\n<\/ul>\n<hr data-start=\"5578\" data-end=\"5581\" \/>\n<h3 data-start=\"5583\" data-end=\"5598\"><strong data-start=\"5587\" data-end=\"5598\">Verwenden Sie<\/strong><\/h3>\n<ul data-start=\"5599\" data-end=\"5881\">\n<li data-start=\"5599\" data-end=\"5669\">\n<p data-start=\"5601\" data-end=\"5669\">Nur zu verwenden von <strong data-start=\"5626\" data-end=\"5666\">qualifiziertes Laborpersonal<\/strong>.<\/p>\n<\/li>\n<li data-start=\"5670\" data-end=\"5746\">\n<p data-start=\"5672\" data-end=\"5746\">Verwenden Sie geeignete <strong data-start=\"5690\" data-end=\"5714\">Schutzausr\u00fcstung<\/strong> (Handschuhe, Schutzbrille, Laborkittel).<\/p>\n<\/li>\n<li data-start=\"5747\" data-end=\"5822\">\n<p data-start=\"5749\" data-end=\"5822\">Speichern auf einem <strong data-start=\"5764\" data-end=\"5787\">k\u00fchler, trockener Ort<\/strong>, vor Licht und Feuchtigkeit gesch\u00fctzt.<\/p>\n<\/li>\n<li data-start=\"5823\" data-end=\"5881\">\n<p data-start=\"5825\" data-end=\"5881\">Nicht f\u00fcr den menschlichen oder tierischen Verzehr geeignet.<\/p>\n<\/li>\n<\/ul>\n<hr data-start=\"5883\" data-end=\"5886\" \/>\n<h3 data-start=\"5888\" data-end=\"5923\"><strong data-start=\"5892\" data-end=\"5923\">H\u00e4ufig gestellte Fragen (FAQs)<\/strong><\/h3>\n<p data-start=\"5925\" data-end=\"6082\"><strong data-start=\"5925\" data-end=\"5963\">1. Wof\u00fcr wird 1P-LSD verwendet?<\/strong><br data-start=\"5963\" data-end=\"5966\" \/>1P-LSD wird verwendet in <strong data-start=\"5991\" data-end=\"6021\">wissenschaftliche Forschung<\/strong> zu Lysergamiden und ihrer Wirkung auf Serotoninrezeptoren.<\/p>\n<p data-start=\"6084\" data-end=\"6260\"><strong data-start=\"6084\" data-end=\"6138\">2. Ist 1P-LSD 150 \u00b5g f\u00fcr den menschlichen Gebrauch sicher?<\/strong><br data-start=\"6138\" data-end=\"6141\" \/>Nein. Dieses Produkt ist <strong data-start=\"6161\" data-end=\"6210\">nur f\u00fcr Forschungszwecke bestimmt<\/strong> und nicht f\u00fcr den menschlichen Verzehr zugelassen.<\/p>\n<p data-start=\"6262\" data-end=\"6430\"><strong data-start=\"6262\" data-end=\"6307\">3. Wie sollte 1P-LSD 150 \u00b5g aufbewahrt werden?<\/strong><br data-start=\"6307\" data-end=\"6310\" \/>Aufbewahren in einem <strong data-start=\"6325\" data-end=\"6355\">dicht verschlossene Verpackung<\/strong> bei Raumtemperatur (15-25\u00b0C), vor Feuchtigkeit, Hitze und Licht gesch\u00fctzt.<\/p>\n<h4><span style=\"color: #333333; font-size: 16px;\">.<\/span><a style=\"font-size: 16px;\" href=\"https:\/\/researchchemicalsweb.com\/de\/shop\/iboga-ibogaine\/iboga-wurzel-rinde\/\">Iboga-Wurzel-Rinde<\/a><a style=\"font-size: 16px;\" href=\"https:\/\/researchchemicalsweb.com\/de\/shop\/iboga-ibogaine\/buy-ibogaine-hcl-online\/\">ibogaine hcl online kaufen<\/a><a style=\"font-size: 16px;\" href=\"https:\/\/researchchemicalsweb.com\/de\/shop\/pellets\/o-dsmt-50mg-pellets\/\">o-dsmt<\/a><a style=\"font-size: 16px;\" href=\"https:\/\/researchchemicalsweb.com\/de\/shop\/lysergamide\/1vlsd\/\">1vlsd<\/a><a style=\"font-size: 16px;\" href=\"https:\/\/researchchemicalsweb.com\/de\/shop\/lysergamide\/1cp-lsd\/\">1cp lsd<\/a><\/h4>","protected":false},"excerpt":{"rendered":"<h2>1P-LSD 150 MCG Pellets eigenschappen<\/h2>\n<p><strong>Synoniemen<\/strong>: N,N-diethyl-7-methyl-4-propanoyl-6,6a,8,9-tetrahydroindolo [4,3-fg]chinoline-9-carboxamide<br \/>\n<strong>CAS Nummer<\/strong>: 2349358-81-0<br \/>\n<strong>Formule<\/strong>: C23H29N3O2<br \/>\n<strong>Molmassa<\/strong>: 379,5 g\/mol<br \/>\n<strong>Zuiverheid<\/strong>: \u226599,3%<\/p>\n","protected":false},"featured_media":20156,"comment_status":"closed","ping_status":"closed","template":"","meta":[],"product_brand":[79],"product_cat":[101,327,102,127],"product_tag":[328,329,309,78],"class_list":{"0":"post-18371","1":"product","2":"type-product","3":"status-publish","4":"has-post-thumbnail","6":"product_brand-research-chemical","7":"product_cat-1p-lsd","8":"product_cat-1p-lsd-pellets","9":"product_cat-lysergamides","10":"product_cat-pellets","11":"product_tag-1p-lsd","12":"product_tag-1p-lsd-kopen","13":"product_tag-lsd-bestellen","14":"product_tag-nl","16":"first","17":"instock","18":"shipping-taxable","19":"purchasable","20":"product-type-variable"},"_links":{"self":[{"href":"https:\/\/researchchemicalsweb.com\/de\/wp-json\/wp\/v2\/product\/18371","targetHints":{"allow":["GET"]}}],"collection":[{"href":"https:\/\/researchchemicalsweb.com\/de\/wp-json\/wp\/v2\/product"}],"about":[{"href":"https:\/\/researchchemicalsweb.com\/de\/wp-json\/wp\/v2\/types\/product"}],"replies":[{"embeddable":true,"href":"https:\/\/researchchemicalsweb.com\/de\/wp-json\/wp\/v2\/comments?post=18371"}],"version-history":[{"count":1,"href":"https:\/\/researchchemicalsweb.com\/de\/wp-json\/wp\/v2\/product\/18371\/revisions"}],"predecessor-version":[{"id":18429,"href":"https:\/\/researchchemicalsweb.com\/de\/wp-json\/wp\/v2\/product\/18371\/revisions\/18429"}],"wp:featuredmedia":[{"embeddable":true,"href":"https:\/\/researchchemicalsweb.com\/de\/wp-json\/wp\/v2\/media\/20156"}],"wp:attachment":[{"href":"https:\/\/researchchemicalsweb.com\/de\/wp-json\/wp\/v2\/media?parent=18371"}],"wp:term":[{"taxonomy":"product_brand","embeddable":true,"href":"https:\/\/researchchemicalsweb.com\/de\/wp-json\/wp\/v2\/product_brand?post=18371"},{"taxonomy":"product_cat","embeddable":true,"href":"https:\/\/researchchemicalsweb.com\/de\/wp-json\/wp\/v2\/product_cat?post=18371"},{"taxonomy":"product_tag","embeddable":true,"href":"https:\/\/researchchemicalsweb.com\/de\/wp-json\/wp\/v2\/product_tag?post=18371"}],"curies":[{"name":"wp","href":"https:\/\/api.w.org\/{rel}","templated":true}]}}