{"id":18354,"date":"2025-12-16T20:36:49","date_gmt":"2025-12-16T20:36:49","guid":{"rendered":"https:\/\/researchchemicalsweb.com\/?post_type=product&#038;p=18354"},"modified":"2026-02-17T14:26:26","modified_gmt":"2026-02-17T14:26:26","slug":"1p-lsd-l-tartrat-rein","status":"publish","type":"product","link":"https:\/\/researchchemicalsweb.com\/de\/produkt\/1p-lsd-l-tartrat-rein\/","title":{"rendered":"1P-LSD L-Tartrat Rein"},"content":{"rendered":"<h1><span dir=\"auto\" style=\"vertical-align: inherit;\"><span dir=\"auto\" style=\"vertical-align: inherit;\">1P-LSD L-Tartrat - Erweiterte Produktbeschreibung f\u00fcr die wissenschaftliche Forschung<\/span><\/span><\/h1>\n<p data-start=\"3759\" data-end=\"3969\"><strong data-start=\"3759\" data-end=\"3831\">1P-LSD-L-Tartrat (1-Propionyl-Lysergs\u00e4urediethylamid-L-Tartrat)<\/strong> ist eine <strong data-start=\"3839\" data-end=\"3883\">Forschungsverbindung von hoher Reinheit<\/strong>, entwickelt f\u00fcr <strong data-start=\"3901\" data-end=\"3966\">Neurowissenschaften, Pharmakologie und analytische Forschung<\/strong>.<\/p>\n<p data-start=\"3971\" data-end=\"4280\">Als <strong data-start=\"3975\" data-end=\"4035\">Strukturanalogon von LSD (Lysergs\u00e4urediethylamid)<\/strong> 1P-LSD enth\u00e4lt ein <strong data-start=\"4053\" data-end=\"4071\">Propionylgruppe<\/strong> an den Indol-Stickstoff. Diese Modifikation macht die Verbindung wertvoll f\u00fcr <strong data-start=\"4145\" data-end=\"4186\">Struktur-Wirkungs-Beziehung (SAR)<\/strong>-Forschung, <strong data-start=\"4198\" data-end=\"4237\">Studien zum Serotoninrezeptor (5-HT2A)<\/strong> und <strong data-start=\"4241\" data-end=\"4277\">analytische Referenzzwecke<\/strong>.<\/p>\n<p data-start=\"4282\" data-end=\"4446\">Die <strong data-start=\"4285\" data-end=\"4307\">L-Tartrat-Salzform<\/strong> erh\u00f6ht die <strong data-start=\"4320\" data-end=\"4362\">chemische Stabilit\u00e4t und L\u00f6slichkeit<\/strong>, Dadurch ist es ideal f\u00fcr die Langzeitlagerung und pr\u00e4zise Laborforschung.<\/p>\n<blockquote data-start=\"4448\" data-end=\"4599\">\n<p data-start=\"4450\" data-end=\"4599\">\u26a0\ufe0f <strong data-start=\"4453\" data-end=\"4464\">Anmerkung:<\/strong> Dieses Produkt ist <strong data-start=\"4480\" data-end=\"4535\">ausschlie\u00dflich f\u00fcr die wissenschaftliche Forschung bestimmt sind<\/strong> und <strong data-start=\"4539\" data-end=\"4596\">nicht f\u00fcr den menschlichen oder tierischen Verzehr geeignet<\/strong>.<\/p>\n<\/blockquote>\n<hr data-start=\"4601\" data-end=\"4604\" \/>\n<h3 data-start=\"4606\" data-end=\"4637\"><strong data-start=\"4610\" data-end=\"4637\">Wesentliche Merkmale<\/strong><\/h3>\n<ul data-start=\"4638\" data-end=\"5076\">\n<li data-start=\"4638\" data-end=\"4736\">\n<p data-start=\"4640\" data-end=\"4736\"><strong data-start=\"4640\" data-end=\"4666\">Hohe Reinheit (\u226599%)<\/strong> - Laborgepr\u00fcft auf Identit\u00e4t, Zusammensetzung und Stabilit\u00e4t.<\/p>\n<\/li>\n<li data-start=\"4737\" data-end=\"4817\">\n<p data-start=\"4739\" data-end=\"4817\"><strong data-start=\"4739\" data-end=\"4770\">Stabile L-Tartrat-Salzform<\/strong> - Erh\u00f6ht die Haltbarkeit und verhindert den Verfall.<\/p>\n<\/li>\n<li data-start=\"4818\" data-end=\"4915\">\n<p data-start=\"4820\" data-end=\"4915\"><strong data-start=\"4820\" data-end=\"4859\">Pharmakologischer Forschungsstandard<\/strong> - Geeignet f\u00fcr rezeptor- und neurochemische Studien.<\/p>\n<\/li>\n<li data-start=\"4916\" data-end=\"4995\">\n<p data-start=\"4918\" data-end=\"4995\"><strong data-start=\"4918\" data-end=\"4943\">GMP-\u00e4hnliche Produktion<\/strong> - Garantierte Qualit\u00e4t und Reproduzierbarkeit.<\/p>\n<\/li>\n<li data-start=\"4996\" data-end=\"5076\">\n<p data-start=\"4998\" data-end=\"5076\"><strong data-start=\"4998\" data-end=\"5020\">Sichere Verpackung<\/strong> - Luftdicht und lichtdicht f\u00fcr optimalen Schutz.<\/p>\n<\/li>\n<\/ul>\n<hr data-start=\"5078\" data-end=\"5081\" \/>\n<h3 data-start=\"5083\" data-end=\"5100\"><strong data-start=\"5087\" data-end=\"5100\">Vorteile<\/strong><\/h3>\n<ul data-start=\"5101\" data-end=\"5360\">\n<li data-start=\"5101\" data-end=\"5182\">\n<p data-start=\"5103\" data-end=\"5182\">Unterst\u00fctzt <strong data-start=\"5115\" data-end=\"5179\">Forschung \u00fcber Lysergamid-Analoga und Serotoninrezeptoren<\/strong>.<\/p>\n<\/li>\n<li data-start=\"5183\" data-end=\"5247\">\n<p data-start=\"5185\" data-end=\"5247\"><strong data-start=\"5185\" data-end=\"5230\">Genaue und reproduzierbare Ergebnisse<\/strong> bei der Untersuchung.<\/p>\n<\/li>\n<li data-start=\"5248\" data-end=\"5302\">\n<p data-start=\"5250\" data-end=\"5302\"><strong data-start=\"5250\" data-end=\"5276\">Verbesserte Stabilit\u00e4t<\/strong> f\u00fcr die Langzeitlagerung.<\/p>\n<\/li>\n<li data-start=\"5303\" data-end=\"5360\">\n<p data-start=\"5305\" data-end=\"5360\">Geeignet f\u00fcr <strong data-start=\"5319\" data-end=\"5357\">akademische und analytische Forschung<\/strong>.<\/p>\n<\/li>\n<\/ul>\n<hr data-start=\"5362\" data-end=\"5365\" \/>\n<h3 data-start=\"5367\" data-end=\"5382\"><strong data-start=\"5371\" data-end=\"5382\">Verwenden Sie<\/strong><\/h3>\n<ul data-start=\"5383\" data-end=\"5654\">\n<li data-start=\"5383\" data-end=\"5453\">\n<p data-start=\"5385\" data-end=\"5453\">Nur zu verwenden von <strong data-start=\"5410\" data-end=\"5450\">qualifiziertes Laborpersonal<\/strong>.<\/p>\n<\/li>\n<li data-start=\"5454\" data-end=\"5530\">\n<p data-start=\"5456\" data-end=\"5530\">Verwenden Sie geeignete <strong data-start=\"5474\" data-end=\"5498\">Schutzausr\u00fcstung<\/strong> (Handschuhe, Schutzbrille, Laborkittel).<\/p>\n<\/li>\n<li data-start=\"5531\" data-end=\"5595\">\n<p data-start=\"5533\" data-end=\"5595\">Speichern auf einem <strong data-start=\"5548\" data-end=\"5582\">k\u00fchler, trockener und dunkler Ort<\/strong> (15-25\u00b0C).<\/p>\n<\/li>\n<li data-start=\"5596\" data-end=\"5654\">\n<p data-start=\"5598\" data-end=\"5654\">Nicht f\u00fcr den menschlichen oder tierischen Verzehr geeignet.<\/p>\n<\/li>\n<\/ul>\n<hr data-start=\"5656\" data-end=\"5659\" \/>\n<h3 data-start=\"5661\" data-end=\"5696\"><strong data-start=\"5665\" data-end=\"5696\">H\u00e4ufig gestellte Fragen (FAQs)<\/strong><\/h3>\n<p data-start=\"5698\" data-end=\"5887\"><strong data-start=\"5698\" data-end=\"5747\">1. Wof\u00fcr wird 1P-LSD L-Tartrat verwendet?<\/strong><br data-start=\"5747\" data-end=\"5750\" \/>1P-LSD L-Tartrat wird verwendet f\u00fcr <strong data-start=\"5788\" data-end=\"5833\">pharmakologische und neurochemische Forschung<\/strong> zu Lysergamid-Analoga und Serotoninrezeptoren.<\/p>\n<p data-start=\"5889\" data-end=\"6069\"><strong data-start=\"5889\" data-end=\"5947\">2. Ist 1P-LSD L-Tartrat f\u00fcr den menschlichen Gebrauch sicher?<\/strong><br data-start=\"5947\" data-end=\"5950\" \/>Nein. Dieses Produkt ist <strong data-start=\"5970\" data-end=\"6019\">nur f\u00fcr Forschungszwecke bestimmt<\/strong> und nicht f\u00fcr den menschlichen Verzehr zugelassen.<\/p>\n<p data-start=\"6071\" data-end=\"6244\"><strong data-start=\"6071\" data-end=\"6120\">3. Wie sollte 1P-LSD-L-Tartrat gelagert werden?<\/strong><br data-start=\"6120\" data-end=\"6123\" \/>Aufbewahren in einem <strong data-start=\"6138\" data-end=\"6168\">dicht verschlossene Verpackung<\/strong> bei Raumtemperatur (15-25\u00b0C), vor Feuchtigkeit und direkter Sonneneinstrahlung gesch\u00fctzt.<\/p>\n<p><a href=\"https:\/\/researchchemicalsweb.com\/de\/shop\/lysergamide\/1cp-lsd-150-mcg\/\"><span style=\"vertical-align: inherit;\"><span style=\"vertical-align: inherit;\"><span dir=\"auto\" style=\"vertical-align: inherit;\"><span dir=\"auto\" style=\"vertical-align: inherit;\">1cP-LSD 150 MCG Art Blotters <\/span><\/span><\/span><\/span><\/a><a href=\"https:\/\/researchchemicalsweb.com\/de\/shop\/pellets\/o-dsmt-50mg-pellets\/\"><span style=\"vertical-align: inherit;\"><span style=\"vertical-align: inherit;\"><span dir=\"auto\" style=\"vertical-align: inherit;\"><span dir=\"auto\" style=\"vertical-align: inherit;\">O-DSMT 50mg Pellets <\/span><\/span><\/span><\/span><\/a><a href=\"https:\/\/researchchemicalsweb.com\/de\/shop\/lysergamide\/1v-lsd-150-mcg-blotters\/\"><span style=\"vertical-align: inherit;\"><span style=\"vertical-align: inherit;\"><span dir=\"auto\" style=\"vertical-align: inherit;\"><span dir=\"auto\" style=\"vertical-align: inherit;\">1V-LSD 150 MCG Blotters <\/span><\/span><\/span><\/span><\/a><a href=\"https:\/\/researchchemicalsweb.com\/de\/shop\/phenethylamin\/2c-ef-2mg-capsules\/\"><span style=\"vertical-align: inherit;\"><span style=\"vertical-align: inherit;\"><span dir=\"auto\" style=\"vertical-align: inherit;\"><span dir=\"auto\" style=\"vertical-align: inherit;\">2C-EF 2mg Kapseln <\/span><\/span><\/span><\/span><\/a><a href=\"https:\/\/researchchemicalsweb.com\/de\/shop\/fast-verboten\/6-cl-adba\/\"><span style=\"vertical-align: inherit;\"><span style=\"vertical-align: inherit;\"><span dir=\"auto\" style=\"vertical-align: inherit;\"><span dir=\"auto\" style=\"vertical-align: inherit;\">6-CL-ADBA<\/span><\/span><\/span><\/span><\/a><\/p>","protected":false},"excerpt":{"rendered":"<h3><span style=\"vertical-align: inherit;\"><span style=\"vertical-align: inherit;\"><span dir=\"auto\" style=\"vertical-align: inherit;\"><span dir=\"auto\" style=\"vertical-align: inherit;\">1P-LSD L-tartrate properties<\/span><\/span><\/span><\/span><\/h3>\n<p><strong><span style=\"vertical-align: inherit;\"><span style=\"vertical-align: inherit;\"><span dir=\"auto\" style=\"vertical-align: inherit;\"><span dir=\"auto\" style=\"vertical-align: inherit;\">Synonym:<\/span><\/span><\/span><\/span><\/strong><span style=\"vertical-align: inherit;\"><span style=\"vertical-align: inherit;\"><span dir=\"auto\" style=\"vertical-align: inherit;\"><span dir=\"auto\" style=\"vertical-align: inherit;\"> 1-propionyl-lysergic acid diethylamide hemi-L-tartrate, PLSD <\/span><\/span><\/span><\/span><br \/>\n<strong><span style=\"vertical-align: inherit;\"><span style=\"vertical-align: inherit;\"><span dir=\"auto\" style=\"vertical-align: inherit;\"><span dir=\"auto\" style=\"vertical-align: inherit;\">CAS Number:<\/span><\/span><\/span><\/span><\/strong><span style=\"vertical-align: inherit;\"><span style=\"vertical-align: inherit;\"><span dir=\"auto\" style=\"vertical-align: inherit;\"><span dir=\"auto\" style=\"vertical-align: inherit;\"> 2349358-81-0 <\/span><\/span><\/span><\/span><br \/>\n<strong><span style=\"vertical-align: inherit;\"><span style=\"vertical-align: inherit;\"><span dir=\"auto\" style=\"vertical-align: inherit;\"><span dir=\"auto\" style=\"vertical-align: inherit;\">Formula:<\/span><\/span><\/span><\/span><\/strong><span style=\"vertical-align: inherit;\"><span style=\"vertical-align: inherit;\"><span dir=\"auto\" style=\"vertical-align: inherit;\"><span dir=\"auto\" style=\"vertical-align: inherit;\"> (8\u03b2)-1-propionyl-N,N-diethyl-6-methyl-9,10-didehydroergoline-8-carboxamide hemi-L-tartrate <\/span><\/span><\/span><\/span><br \/>\n<strong><span style=\"vertical-align: inherit;\"><span style=\"vertical-align: inherit;\"><span dir=\"auto\" style=\"vertical-align: inherit;\"><span dir=\"auto\" style=\"vertical-align: inherit;\">Molar mass:<\/span><\/span><\/span><\/span><\/strong><span style=\"vertical-align: inherit;\"><span style=\"vertical-align: inherit;\"><span dir=\"auto\" style=\"vertical-align: inherit;\"><span dir=\"auto\" style=\"vertical-align: inherit;\"> 454.5 g\/mol <\/span><\/span><\/span><\/span><br \/>\n<strong><span style=\"vertical-align: inherit;\"><span style=\"vertical-align: inherit;\"><span dir=\"auto\" style=\"vertical-align: inherit;\"><span dir=\"auto\" style=\"vertical-align: inherit;\">Reinheit:<\/span><\/span><\/span><\/span><\/strong><span style=\"vertical-align: inherit;\"><span style=\"vertical-align: inherit;\"><span dir=\"auto\" style=\"vertical-align: inherit;\"><span dir=\"auto\" style=\"vertical-align: inherit;\"> &gt;97%<\/span><\/span><\/span><\/span><\/p>","protected":false},"featured_media":20157,"comment_status":"closed","ping_status":"closed","template":"","meta":[],"product_brand":[79],"product_cat":[102],"product_tag":[309,78],"class_list":{"0":"post-18354","1":"product","2":"type-product","3":"status-publish","4":"has-post-thumbnail","6":"product_brand-research-chemical","7":"product_cat-lysergamides","8":"product_tag-lsd-bestellen","9":"product_tag-nl","11":"first","12":"instock","13":"shipping-taxable","14":"purchasable","15":"product-type-variable"},"_links":{"self":[{"href":"https:\/\/researchchemicalsweb.com\/de\/wp-json\/wp\/v2\/product\/18354","targetHints":{"allow":["GET"]}}],"collection":[{"href":"https:\/\/researchchemicalsweb.com\/de\/wp-json\/wp\/v2\/product"}],"about":[{"href":"https:\/\/researchchemicalsweb.com\/de\/wp-json\/wp\/v2\/types\/product"}],"replies":[{"embeddable":true,"href":"https:\/\/researchchemicalsweb.com\/de\/wp-json\/wp\/v2\/comments?post=18354"}],"version-history":[{"count":1,"href":"https:\/\/researchchemicalsweb.com\/de\/wp-json\/wp\/v2\/product\/18354\/revisions"}],"predecessor-version":[{"id":18412,"href":"https:\/\/researchchemicalsweb.com\/de\/wp-json\/wp\/v2\/product\/18354\/revisions\/18412"}],"wp:featuredmedia":[{"embeddable":true,"href":"https:\/\/researchchemicalsweb.com\/de\/wp-json\/wp\/v2\/media\/20157"}],"wp:attachment":[{"href":"https:\/\/researchchemicalsweb.com\/de\/wp-json\/wp\/v2\/media?parent=18354"}],"wp:term":[{"taxonomy":"product_brand","embeddable":true,"href":"https:\/\/researchchemicalsweb.com\/de\/wp-json\/wp\/v2\/product_brand?post=18354"},{"taxonomy":"product_cat","embeddable":true,"href":"https:\/\/researchchemicalsweb.com\/de\/wp-json\/wp\/v2\/product_cat?post=18354"},{"taxonomy":"product_tag","embeddable":true,"href":"https:\/\/researchchemicalsweb.com\/de\/wp-json\/wp\/v2\/product_tag?post=18354"}],"curies":[{"name":"wp","href":"https:\/\/api.w.org\/{rel}","templated":true}]}}