{"id":18014,"date":"2025-12-16T20:27:39","date_gmt":"2025-12-16T20:27:39","guid":{"rendered":"https:\/\/researchchemicalsweb.com\/?post_type=product&#038;p=18014"},"modified":"2026-02-18T06:49:49","modified_gmt":"2026-02-18T06:49:49","slug":"1p-lsd-100-mcg-blotters","status":"publish","type":"product","link":"https:\/\/researchchemicalsweb.com\/de\/produkt\/1p-lsd-100-mcg-blotters\/","title":{"rendered":"1P-LSD 100 MCG Blotters"},"content":{"rendered":"<h1><strong>LSD Blotters - High Psychedelic Experience<\/strong><\/h1>\n<p><strong>Kaufen Sie 1P-LSD 100 mcg Blotters in Laborqualit\u00e4t - sicher, genau dosiert und diskret versandt.<\/strong><\/p>\n<hr \/>\n<h2>\u2705 Was ist 1P-LSD?<\/h2>\n<p><strong>1P-LSD (1-Propionyl-Lysergs\u00e4urediethylamid)<\/strong> ist eine beliebte <em>Forschungschemikalie<\/em> aus der Familie der Lysergamide. Es ist bekannt f\u00fcr seine <strong>psychedelische Wirkungen<\/strong> und wird h\u00e4ufig zur Selbstuntersuchung und f\u00fcr wissenschaftliche Zwecke verwendet. Chemisch gesehen ist es dem LSD sehr \u00e4hnlich, hat aber etwas andere Wirkungen und in einigen L\u00e4ndern einen anderen rechtlichen Status.<\/p>\n<p>Unser <strong>1P-LSD-Kleckse zu 100 mcg<\/strong> sind sowohl f\u00fcr Anf\u00e4nger als auch f\u00fcr erfahrene Anwender ideal dosiert.<\/p>\n<hr \/>\n<h2>\u2b50 Warum sollten Sie 1P-LSD bei uns kaufen?<\/h2>\n<ul>\n<li>\ud83d\udd2c <strong>Laborgepr\u00fcft:<\/strong> Garantierte Reinheit und Qualit\u00e4t<\/li>\n<li>\ud83d\udccf <strong>Genaue Dosierung:<\/strong> Jeder Blotter enth\u00e4lt genau 100 Mikrogramm 1P-LSD<\/li>\n<li>\ud83d\udce6 <strong>Diskreter Versand:<\/strong> Sicher verpackt ohne erkennbare Etiketten<\/li>\n<li>\u2705 <strong>Zuverl\u00e4ssige Quelle:<\/strong> Hunderte von zufriedenen Kunden sind Ihnen vorausgegangen <a href=\"http:\/\/google.nl\" target=\"_blank\" rel=\"noopener\">f\u00fcr<\/a><\/li>\n<\/ul>\n<hr \/>\n<h2>\ud83c\udf08 1P-LSD 100 mcg Wirkungen<\/h2>\n<p>Die Auswirkungen von <strong>1P-LSD 100 mcg<\/strong> sind intensiv und spirituell bereichernd. Die Nutzer berichten unter anderem:<\/p>\n<ul>\n<li>Visuelle Muster und bunte Halluzinationen<\/li>\n<li>Erh\u00f6hte Kreativit\u00e4t und geistige Flexibilit\u00e4t<\/li>\n<li>Introspektion und tiefe pers\u00f6nliche Einsichten<\/li>\n<li>Ver\u00e4nderte Zeitwahrnehmung und Sinnesverst\u00e4rkung<\/li>\n<\/ul>\n<p>\u23f1\ufe0f <em>Dauer:<\/em> 6 bis 10 Stunden<br \/>\n\u23f3 <em>Beginn:<\/em> innerhalb von 30 bis 60 Minuten nach der Einnahme<\/p>\n<hr \/>\n<h2>\ud83d\udc8a Empfohlene Dosierung 1P-LSD<\/h2>\n<table>\n<thead>\n<tr>\n<th>Benutzer-Ebene<\/th>\n<th>Dosierung<\/th>\n<th>Auswirkungen<\/th>\n<\/tr>\n<\/thead>\n<tbody>\n<tr>\n<td>Anf\u00e4nger<\/td>\n<td>50-100 mcg<\/td>\n<td>Leichte bis mittelschwere Reise<\/td>\n<\/tr>\n<tr>\n<td>Erfahrener Benutzer<\/td>\n<td>100-150 mcg<\/td>\n<td>Intensive psychedelische Erfahrung<\/td>\n<\/tr>\n<tr>\n<td>Sehr erfahrener Benutzer<\/td>\n<td>150+ mcg<\/td>\n<td>Tiefe und lang anhaltende Reise<\/td>\n<\/tr>\n<\/tbody>\n<\/table>\n<p>\u26a0\ufe0f <strong>Anmerkung:<\/strong> Niemals mit Alkohol oder anderen Drogen kombinieren. Immer in einer sicheren Umgebung verwenden.<\/p>\n<hr \/>\n<h2>\ud83d\udd10 Sicherheit und Lagerung<\/h2>\n<ul>\n<li>Nicht bei psychischen St\u00f6rungen verwenden<\/li>\n<li>Immer in einer vertrauten Umgebung verwenden (Set &amp; Setting)<\/li>\n<li>An einem k\u00fchlen, trockenen und dunklen Ort aufbewahren<\/li>\n<li>Au\u00dferhalb der Reichweite von Kindern aufbewahren<\/li>\n<\/ul>\n<hr \/>\n<h2>\ud83d\udc64 F\u00fcr wen ist 1P-LSD geeignet?<\/h2>\n<p>Diese <strong>1P-LSD 100 mcg Blotters<\/strong> Sind ideal f\u00fcr:<\/p>\n<ul>\n<li>\ud83e\udde0 <strong>Psychonauts<\/strong> - Erforsche dein Bewusstsein<\/li>\n<li>\ud83c\udfa8 <strong>Kreative K\u00f6pfe<\/strong> - Ermutigung zu neuen Ideen<\/li>\n<li>\ud83e\uddd8\u200d\u2640\ufe0f <strong>Spirituell Suchende<\/strong> - Suche nach tiefen Einblicken<\/li>\n<li>\ud83e\uddea <strong>Forscher<\/strong> - Verantwortungsvoll experimentieren<span style=\"vertical-align: inherit;\">\u00a0<\/span><a title=\"6-CL-ADBA\" href=\"https:\/\/researchchemicalsweb.com\/de\/shop\/fast-verboten\/6-cl-adba\/\" target=\"_blank\" rel=\"noopener\"><span style=\"vertical-align: inherit;\">6-CL-ADBA<\/span><\/a><\/li>\n<\/ul>\n<hr \/>\n<h2>\ud83d\uded2 1P-LSD 100 mcg Blotters online bestellen<\/h2>\n<p>Erleben Sie die Kraft der <strong>1P-LSD<\/strong> mit unseren Qualit\u00e4tsklebefolien. Bestellen Sie noch heute f\u00fcr:<\/p>\n<p>\u2714\ufe0f Schnelle Lieferung<br \/>\n\u2714\ufe0f Diskrete Verpackung<br \/>\n\u2714\ufe0f Garantierte Spitzenqualit\u00e4t<\/p>\n<p><strong>\ud83d\udc49 Bestellen Sie jetzt und beginnen Sie Ihre psychedelische Reise!<a title=\"1V-LSD 150 MCG Blotters\" href=\"https:\/\/researchchemicalsweb.com\/de\/shop\/lysergamide\/1v-lsd-150-mcg-blotters\/\" target=\"_blank\" rel=\"noopener\"><span style=\"vertical-align: inherit;\">1V-LSD 150 MCG Blotters<\/span><\/a><\/strong><\/p>\n<hr \/>\n<h2>\u2753 H\u00e4ufig gestellte Fragen (FAQ)<\/h2>\n<p><strong>Ist 1P-LSD in den Niederlanden legal?<\/strong><br \/>\nDie Gesetzgebung zu 1P-LSD kann sich \u00e4ndern. \u00dcberpr\u00fcfen Sie immer die aktuellen Vorschriften.<\/p>\n<p><strong>Wie sollte ich 1P-LSD Blotters aufbewahren?<\/strong><br \/>\nIn einem luftdichten Beh\u00e4lter, an einem dunklen und trockenen Ort bei Raumtemperatur.<\/p>\n<p><strong>Kann ich 1P-LSD mit anderen Substanzen kombinieren?<\/strong><br \/>\nKombinationen werden aufgrund unvorhersehbarer Wechselwirkungen nicht empfohlen.<\/p>\n<p><strong>Wann setzt die Wirkung von 1P-LSD ein?<\/strong><br \/>\nIm Durchschnitt innerhalb von 30 bis 60 Minuten nach der Einnahme, je nach Mageninhalt und Stoffwechsel.<span style=\"vertical-align: inherit;\">\u00a0<\/span><a title=\"2C-EF 2mg Kapseln\" href=\"https:\/\/researchchemicalsweb.com\/de\/shop\/phenethylamin\/2c-ef-2mg-capsules\/\" target=\"_blank\" rel=\"noopener\"><span style=\"vertical-align: inherit;\">2C-EF 2mg Kapseln<\/span><\/a><\/p>","protected":false},"excerpt":{"rendered":"<h2><span style=\"vertical-align: inherit;\"><span style=\"vertical-align: inherit;\">1P-LSD blotters properties<\/span><\/span><\/h2>\n<p><strong><span style=\"vertical-align: inherit;\"><span style=\"vertical-align: inherit;\">Synonyms<\/span><\/span><\/strong><span style=\"vertical-align: inherit;\"><span style=\"vertical-align: inherit;\"> : N,N-diethyl-7-methyl-4-propanoyl-6,6a,8,9-tetrahydroindolo[4,3-fg]quinoline-9-carboxamide <\/span><\/span><br \/>\n<strong><span style=\"vertical-align: inherit;\"><span style=\"vertical-align: inherit;\">CAS Number<\/span><\/span><\/strong><span style=\"vertical-align: inherit;\"><span style=\"vertical-align: inherit;\"> : 2349358-81-0 <\/span><\/span><br \/>\n<strong><span style=\"vertical-align: inherit;\"><span style=\"vertical-align: inherit;\">Formula<\/span><\/span><\/strong><span style=\"vertical-align: inherit;\"><span style=\"vertical-align: inherit;\"> : C23H29N3O2 <\/span><\/span><br \/>\n<strong><span style=\"vertical-align: inherit;\"><span style=\"vertical-align: inherit;\">Molar Mass<\/span><\/span><\/strong><span style=\"vertical-align: inherit;\"><span style=\"vertical-align: inherit;\"> : 379.5 g\/mol <\/span><\/span><br \/>\n<strong><span style=\"vertical-align: inherit;\"><span style=\"vertical-align: inherit;\">Purity<\/span><\/span><\/strong><span style=\"vertical-align: inherit;\"><span style=\"vertical-align: inherit;\"> : \u226599.3%<\/span><\/span><\/p>\n","protected":false},"featured_media":20155,"comment_status":"closed","ping_status":"closed","template":"","meta":[],"product_brand":[79],"product_cat":[101,102],"product_tag":[328,103,104,105,78],"class_list":{"0":"post-18014","1":"product","2":"type-product","3":"status-publish","4":"has-post-thumbnail","6":"product_brand-research-chemical","7":"product_cat-1p-lsd","8":"product_cat-lysergamides","9":"product_tag-1p-lsd","10":"product_tag-blotters","11":"product_tag-lsd","12":"product_tag-lsd-blotter","13":"product_tag-nl","15":"first","16":"instock","17":"shipping-taxable","18":"purchasable","19":"product-type-variable"},"_links":{"self":[{"href":"https:\/\/researchchemicalsweb.com\/de\/wp-json\/wp\/v2\/product\/18014","targetHints":{"allow":["GET"]}}],"collection":[{"href":"https:\/\/researchchemicalsweb.com\/de\/wp-json\/wp\/v2\/product"}],"about":[{"href":"https:\/\/researchchemicalsweb.com\/de\/wp-json\/wp\/v2\/types\/product"}],"replies":[{"embeddable":true,"href":"https:\/\/researchchemicalsweb.com\/de\/wp-json\/wp\/v2\/comments?post=18014"}],"version-history":[{"count":1,"href":"https:\/\/researchchemicalsweb.com\/de\/wp-json\/wp\/v2\/product\/18014\/revisions"}],"predecessor-version":[{"id":18047,"href":"https:\/\/researchchemicalsweb.com\/de\/wp-json\/wp\/v2\/product\/18014\/revisions\/18047"}],"wp:featuredmedia":[{"embeddable":true,"href":"https:\/\/researchchemicalsweb.com\/de\/wp-json\/wp\/v2\/media\/20155"}],"wp:attachment":[{"href":"https:\/\/researchchemicalsweb.com\/de\/wp-json\/wp\/v2\/media?parent=18014"}],"wp:term":[{"taxonomy":"product_brand","embeddable":true,"href":"https:\/\/researchchemicalsweb.com\/de\/wp-json\/wp\/v2\/product_brand?post=18014"},{"taxonomy":"product_cat","embeddable":true,"href":"https:\/\/researchchemicalsweb.com\/de\/wp-json\/wp\/v2\/product_cat?post=18014"},{"taxonomy":"product_tag","embeddable":true,"href":"https:\/\/researchchemicalsweb.com\/de\/wp-json\/wp\/v2\/product_tag?post=18014"}],"curies":[{"name":"wp","href":"https:\/\/api.w.org\/{rel}","templated":true}]}}