{"id":19547,"date":"2025-12-16T21:11:00","date_gmt":"2025-12-16T21:11:00","guid":{"rendered":"https:\/\/researchchemicalsweb.com\/?post_type=product&#038;p=19547"},"modified":"2026-02-17T14:19:57","modified_gmt":"2026-02-17T14:19:57","slug":"fluclotizolam-1-mg-blotters","status":"publish","type":"product","link":"https:\/\/researchchemicalsweb.com\/da\/vare\/fluclotizolam-1-mg-blotters\/","title":{"rendered":"Fluclotizolam 1 MG-blokke"},"content":{"rendered":"<h3 data-start=\"4104\" data-end=\"4123\"><strong data-start=\"4108\" data-end=\"4123\">Introduktion<\/strong><\/h3>\n<p data-start=\"4124\" data-end=\"4415\">Vores <strong data-start=\"4129\" data-end=\"4156\">1 mg forskningsblokke<\/strong> er blevet omhyggeligt udviklet til <strong data-start=\"4189\" data-end=\"4233\">videnskabelig og analytisk forskning<\/strong>.<br data-start=\"4234\" data-end=\"4237\" \/>Hver blotter er fremstillet under <strong data-start=\"4274\" data-end=\"4304\">strenge laboratoriestandarder<\/strong>, som giver <strong data-start=\"4321\" data-end=\"4374\">renhed, n\u00f8jagtighed og reproducerbarhed<\/strong> i professionelle forskningsmilj\u00f8er. Fluclotizolam<\/p>\n<p data-start=\"4417\" data-end=\"4592\">Takket v\u00e6re deres <strong data-start=\"4429\" data-end=\"4470\">stabil og ensartet sammens\u00e6tning<\/strong> Disse blotters tilbyder p\u00e5lidelig ydeevne ved <strong data-start=\"4519\" data-end=\"4589\">kemiske analyser, kalibreringsstudier og uddannelsesm\u00e6ssige anvendelser<\/strong>.<\/p>\n<blockquote data-start=\"4593\" data-end=\"4703\">\n<p data-start=\"4595\" data-end=\"4703\">\u26a0\ufe0f <strong data-start=\"4598\" data-end=\"4703\">Kun beregnet til forskningsform\u00e5l. Ikke egnet til indtagelse af mennesker eller dyr.<\/strong><\/p>\n<\/blockquote>\n<hr data-start=\"4705\" data-end=\"4708\" \/>\n<h3 data-start=\"4710\" data-end=\"4741\"><strong data-start=\"4714\" data-end=\"4741\">Vigtige funktioner<\/strong><\/h3>\n<ul data-start=\"4742\" data-end=\"5225\">\n<li data-start=\"4742\" data-end=\"4827\">\n<p data-start=\"4744\" data-end=\"4827\"><strong data-start=\"4744\" data-end=\"4770\">H\u00f8j renhed (\u226599%)<\/strong> - Uafh\u00e6ngigt testet i akkrediterede laboratorier.<\/p>\n<\/li>\n<li data-start=\"4828\" data-end=\"4921\">\n<p data-start=\"4830\" data-end=\"4921\"><strong data-start=\"4830\" data-end=\"4872\">Pr\u00e6cis dosering af 1 mg pr. blotter<\/strong> - Til n\u00f8jagtige og kontrollerede analyser.<\/p>\n<\/li>\n<li data-start=\"4922\" data-end=\"4998\">\n<p data-start=\"4924\" data-end=\"4998\"><strong data-start=\"4924\" data-end=\"4950\">Stabil sammens\u00e6tning<\/strong> - Bevarer sin integritet ved korrekt opbevaring.<\/p>\n<\/li>\n<li data-start=\"4999\" data-end=\"5066\">\n<p data-start=\"5001\" data-end=\"5066\"><strong data-start=\"5001\" data-end=\"5029\">Kontrolleret produktion<\/strong> - Fremstillet i henhold til ISO-standarder.<\/p>\n<\/li>\n<li data-start=\"5067\" data-end=\"5146\">\n<p data-start=\"5069\" data-end=\"5146\"><strong data-start=\"5069\" data-end=\"5095\">Lys\u00e6gte emballage<\/strong> - Beskytter mod nedbrydning og forurening.<\/p>\n<\/li>\n<li data-start=\"5147\" data-end=\"5225\">\n<p data-start=\"5149\" data-end=\"5225\"><strong data-start=\"5149\" data-end=\"5174\">Kun til forskning<\/strong> - Beregnet til professionel analytisk brug.<\/p>\n<\/li>\n<\/ul>\n<hr data-start=\"5227\" data-end=\"5230\" \/>\n<h3 data-start=\"5232\" data-end=\"5249\"><strong data-start=\"5236\" data-end=\"5249\">Fordele<\/strong><\/h3>\n<ul data-start=\"5250\" data-end=\"5707\">\n<li data-start=\"5250\" data-end=\"5340\">\n<p data-start=\"5252\" data-end=\"5340\"><strong data-start=\"5252\" data-end=\"5288\">P\u00e5lidelige forskningsresultater<\/strong> - Sikrer konsistente og reproducerbare data.<\/p>\n<\/li>\n<li data-start=\"5341\" data-end=\"5442\">\n<p data-start=\"5343\" data-end=\"5442\"><strong data-start=\"5343\" data-end=\"5390\">Optimeret til analytisk anvendelse<\/strong> - Ideel til kalibrering og kriminalteknik.<\/p>\n<\/li>\n<li data-start=\"5443\" data-end=\"5518\">\n<p data-start=\"5445\" data-end=\"5518\"><strong data-start=\"5445\" data-end=\"5468\">Stabil og holdbar<\/strong> - Bevarer kemisk stabilitet under opbevaring.<\/p>\n<\/li>\n<li data-start=\"5519\" data-end=\"5613\">\n<p data-start=\"5521\" data-end=\"5613\"><strong data-start=\"5521\" data-end=\"5558\">Etisk og lovligt produceret<\/strong> - I overensstemmelse med internationale retningslinjer. Fluclotizolam<\/p>\n<\/li>\n<li data-start=\"5614\" data-end=\"5707\">\n<p data-start=\"5616\" data-end=\"5707\"><strong data-start=\"5616\" data-end=\"5655\">Videnskabeligt testet renhed<\/strong> - Testet for identitet, styrke og kontaminering.<\/p>\n<\/li>\n<\/ul>\n<hr data-start=\"5709\" data-end=\"5712\" \/>\n<h3 data-start=\"5714\" data-end=\"5729\"><strong data-start=\"5718\" data-end=\"5729\">Brug<\/strong><\/h3>\n<ol data-start=\"5730\" data-end=\"6137\">\n<li data-start=\"5730\" data-end=\"5814\">\n<p data-start=\"5733\" data-end=\"5814\"><strong data-start=\"5733\" data-end=\"5766\">Kun til forskningsbrug<\/strong> - M\u00e5 kun anvendes i godkendte laboratorier.<\/p>\n<\/li>\n<li data-start=\"5815\" data-end=\"5882\">\n<p data-start=\"5818\" data-end=\"5882\"><strong data-start=\"5818\" data-end=\"5828\">Opbevaring<\/strong> - Opbevar p\u00e5 en <strong data-start=\"5845\" data-end=\"5879\">k\u00f8ligt, t\u00f8rt og m\u00f8rkt sted<\/strong>.<\/p>\n<\/li>\n<li data-start=\"5883\" data-end=\"5966\">\n<p data-start=\"5886\" data-end=\"5966\"><strong data-start=\"5886\" data-end=\"5903\">Sikkert arbejde<\/strong> - Brug handsker og beskyttende laboratorieudstyr.<\/p>\n<\/li>\n<li data-start=\"5967\" data-end=\"6048\">\n<p data-start=\"5970\" data-end=\"6048\"><strong data-start=\"5970\" data-end=\"5982\">M\u00e5linger<\/strong> - Brug kalibreret udstyr for at f\u00e5 n\u00f8jagtige resultater.<\/p>\n<\/li>\n<li data-start=\"6049\" data-end=\"6137\">\n<p data-start=\"6052\" data-end=\"6137\"><strong data-start=\"6052\" data-end=\"6079\">Sikkerhedsadvarsel<\/strong> - Ikke beregnet til indtagelse af mennesker eller dyr.<\/p>\n<\/li>\n<\/ol>\n<hr data-start=\"6139\" data-end=\"6142\" \/>\n<h3 data-start=\"6144\" data-end=\"6171\"><strong data-start=\"6148\" data-end=\"6171\">Ofte stillede sp\u00f8rgsm\u00e5l<\/strong><\/h3>\n<p data-start=\"6173\" data-end=\"6340\"><strong data-start=\"6173\" data-end=\"6229\">1. Hvad bruges 1 mg forskningsblokke til?<\/strong><br data-start=\"6229\" data-end=\"6232\" \/>De er beregnet til <strong data-start=\"6253\" data-end=\"6297\">videnskabelig og analytisk forskning<\/strong>, s\u00e5som kemiske analyser og kalibrering.<\/p>\n<p data-start=\"6342\" data-end=\"6505\"><strong data-start=\"6342\" data-end=\"6410\">2. Kan disse blotters bruges uden for et laboratorium?<\/strong><br data-start=\"6410\" data-end=\"6413\" \/>Nej. Disse produkter er <strong data-start=\"6438\" data-end=\"6502\">udelukkende beregnet til professionel laboratorieforskning<\/strong>.<\/p>\n<p data-start=\"6507\" data-end=\"6645\"><strong data-start=\"6507\" data-end=\"6552\">3. Hvordan skal blotters opbevares?<\/strong><br data-start=\"6552\" data-end=\"6555\" \/>Opbevar dem i en <strong data-start=\"6572\" data-end=\"6608\">k\u00f8ligt, t\u00f8rt og m\u00f8rkt milj\u00f8<\/strong> i en <strong data-start=\"6616\" data-end=\"6642\">lyst\u00e6t emballage<\/strong>.<\/p>\n<hr data-start=\"6647\" data-end=\"6650\" \/>\n<h3 data-start=\"6652\" data-end=\"6670\"><strong data-start=\"6656\" data-end=\"6670\">Ansvarsfraskrivelse<\/strong><\/h3>\n<p data-start=\"6671\" data-end=\"6899\">Dette produkt er <strong data-start=\"6686\" data-end=\"6735\">kun beregnet til forskningsform\u00e5l<\/strong>. <strong data-start=\"6737\" data-end=\"6795\">Ikke egnet til indtagelse af mennesker eller dyr.<\/strong><br data-start=\"6795\" data-end=\"6798\" \/>Ved at k\u00f8be bekr\u00e6fter du, at du overholder alle g\u00e6ldende sikkerheds- og lovkrav.<\/p>\n<p class=\"ds-markdown-paragraph\"><a href=\"https:\/\/researchchemicalsweb.com\/da\/shop\/iboga-ibogaine\/bark-af-iboga-rod\/\"><span dir=\"auto\" style=\"vertical-align: inherit;\"><span dir=\"auto\" style=\"vertical-align: inherit;\">bark af iboga-rod<\/span><\/span><\/a><a href=\"https:\/\/researchchemicalsweb.com\/da\/shop\/iboga-ibogaine\/buy-ibogaine-hcl-online\/\"><span dir=\"auto\" style=\"vertical-align: inherit;\"><span dir=\"auto\" style=\"vertical-align: inherit;\">k\u00f8b ibogaine hcl online<\/span><\/span><\/a><a href=\"https:\/\/researchchemicalsweb.com\/da\/shop\/pellets-for-pellet\/o-dsmt-50mg-pellets\/\"><span dir=\"auto\" style=\"vertical-align: inherit;\"><span dir=\"auto\" style=\"vertical-align: inherit;\">o-dsmt <\/span><\/span><\/a><a href=\"https:\/\/researchchemicalsweb.com\/da\/shop\/lysergamides\/1vlsd\/\"><span dir=\"auto\" style=\"vertical-align: inherit;\"><span dir=\"auto\" style=\"vertical-align: inherit;\">1vlsd<\/span><\/span><\/a><a href=\"https:\/\/researchchemicalsweb.com\/da\/shop\/lysergamides\/1cp-lsd\/\"><span dir=\"auto\" style=\"vertical-align: inherit;\"><span dir=\"auto\" style=\"vertical-align: inherit;\">1cp lsd<\/span><\/span><\/a><\/p>","protected":false},"excerpt":{"rendered":"<p>Introductie Onze 1 mg onderzoeksblotters zijn zorgvuldig ontwikkeld voor wetenschappelijk en analytisch onderzoek.Elke blotter wordt vervaardigd onder strikte laboratoriumnormen, wat<\/p>","protected":false},"featured_media":20333,"comment_status":"closed","ping_status":"closed","template":"","meta":[],"product_brand":[79],"product_cat":[130,826],"product_tag":[827,828,829,830,831,78],"class_list":{"0":"post-19547","1":"product","2":"type-product","3":"status-publish","4":"has-post-thumbnail","6":"product_brand-research-chemical","7":"product_cat-benzodiazepinen","8":"product_cat-fluclotizolam","9":"product_tag-buy-fluclotizolam","10":"product_tag-fluclotizolam","11":"product_tag-fluclotizolam-buy","12":"product_tag-fluclotizolam-half-life","13":"product_tag-fluclotizolam-solution","14":"product_tag-nl","16":"first","17":"instock","18":"shipping-taxable","19":"purchasable","20":"product-type-variable"},"_links":{"self":[{"href":"https:\/\/researchchemicalsweb.com\/da\/wp-json\/wp\/v2\/product\/19547","targetHints":{"allow":["GET"]}}],"collection":[{"href":"https:\/\/researchchemicalsweb.com\/da\/wp-json\/wp\/v2\/product"}],"about":[{"href":"https:\/\/researchchemicalsweb.com\/da\/wp-json\/wp\/v2\/types\/product"}],"replies":[{"embeddable":true,"href":"https:\/\/researchchemicalsweb.com\/da\/wp-json\/wp\/v2\/comments?post=19547"}],"version-history":[{"count":1,"href":"https:\/\/researchchemicalsweb.com\/da\/wp-json\/wp\/v2\/product\/19547\/revisions"}],"predecessor-version":[{"id":19606,"href":"https:\/\/researchchemicalsweb.com\/da\/wp-json\/wp\/v2\/product\/19547\/revisions\/19606"}],"wp:featuredmedia":[{"embeddable":true,"href":"https:\/\/researchchemicalsweb.com\/da\/wp-json\/wp\/v2\/media\/20333"}],"wp:attachment":[{"href":"https:\/\/researchchemicalsweb.com\/da\/wp-json\/wp\/v2\/media?parent=19547"}],"wp:term":[{"taxonomy":"product_brand","embeddable":true,"href":"https:\/\/researchchemicalsweb.com\/da\/wp-json\/wp\/v2\/product_brand?post=19547"},{"taxonomy":"product_cat","embeddable":true,"href":"https:\/\/researchchemicalsweb.com\/da\/wp-json\/wp\/v2\/product_cat?post=19547"},{"taxonomy":"product_tag","embeddable":true,"href":"https:\/\/researchchemicalsweb.com\/da\/wp-json\/wp\/v2\/product_tag?post=19547"}],"curies":[{"name":"wp","href":"https:\/\/api.w.org\/{rel}","templated":true}]}}