{"id":18657,"date":"2025-12-16T20:45:37","date_gmt":"2025-12-16T20:45:37","guid":{"rendered":"https:\/\/researchchemicalsweb.com\/?post_type=product&#038;p=18657"},"modified":"2026-02-17T14:24:42","modified_gmt":"2026-02-17T14:24:42","slug":"norflurazepam-10-mg-pellets","status":"publish","type":"product","link":"https:\/\/researchchemicalsweb.com\/da\/vare\/norflurazepam-10-mg-pellets\/","title":{"rendered":"Norflurazepam 10 MG piller"},"content":{"rendered":"<h3 data-start=\"6139\" data-end=\"6158\"><strong data-start=\"6143\" data-end=\"6158\">Introduktion<\/strong><\/h3>\n<p data-start=\"6160\" data-end=\"6523\"><strong data-start=\"6160\" data-end=\"6190\">Norflurazepam 10mg Pellets<\/strong> dens <strong data-start=\"6196\" data-end=\"6243\">Forskningsstoffer af analytisk kvalitet<\/strong>, ontwikkeld voor <strong data-start=\"6261\" data-end=\"6315\">wetenschappelijk, forensisch en chemisch onderzoek<\/strong>. Norflurazepam 10mg Pellets<br data-start=\"6316\" data-end=\"6319\" \/>Ook bekend als <strong data-start=\"6334\" data-end=\"6356\">Desalkylflurazepam<\/strong>, behoort deze verbinding tot de <strong data-start=\"6389\" data-end=\"6413\">benzodiazepineklasse<\/strong> en is het een <strong data-start=\"6428\" data-end=\"6476\">metaboliet van verschillende benzodiazepinen<\/strong>, waaronder <strong data-start=\"6488\" data-end=\"6502\">Diclazepam<\/strong> og <strong data-start=\"6506\" data-end=\"6520\">Flurazepam<\/strong>.<\/p>\n<p data-start=\"6525\" data-end=\"6758\">Hver pille indeholder <strong data-start=\"6543\" data-end=\"6573\">10 milligram Norflurazepam<\/strong> met een gegarandeerde zuiverheid van <strong data-start=\"6611\" data-end=\"6619\">\u226599%<\/strong>, getest onder <strong data-start=\"6634\" data-end=\"6668\">Good Laboratory Practice (GLP)<\/strong>-normen.<br data-start=\"6676\" data-end=\"6679\" \/>Ideel til <strong data-start=\"6691\" data-end=\"6755\">chromatografisch, spectroscopisch en toxicologisch onderzoek<\/strong>.<\/p>\n<blockquote data-start=\"6760\" data-end=\"6904\">\n<p data-start=\"6762\" data-end=\"6904\">\u26a0\ufe0f <strong data-start=\"6765\" data-end=\"6776\">Bem\u00e6rk:<\/strong> Dette produkt er <strong data-start=\"6792\" data-end=\"6842\">udelukkende beregnet til laboratorietest<\/strong> og <strong data-start=\"6846\" data-end=\"6903\">ikke egnet til menneske- eller dyrefoder<\/strong>.<\/p>\n<\/blockquote>\n<hr data-start=\"6906\" data-end=\"6909\" \/>\n<h3 data-start=\"6911\" data-end=\"6942\"><strong data-start=\"6915\" data-end=\"6942\">Vigtige funktioner<\/strong><\/h3>\n<ul data-start=\"6944\" data-end=\"7442\">\n<li data-start=\"6944\" data-end=\"7043\">\n<p data-start=\"6946\" data-end=\"7043\"><strong data-start=\"6946\" data-end=\"6978\">H\u00f8j analytisk renhed:<\/strong> \u226599% getest via chromatografische en spectroscopische analyse.<\/p>\n<\/li>\n<li data-start=\"7044\" data-end=\"7110\">\n<p data-start=\"7046\" data-end=\"7110\"><strong data-start=\"7046\" data-end=\"7066\">Exacte dosering:<\/strong> Hver pille indeholder <strong data-start=\"7085\" data-end=\"7107\">10mg Norflurazepam<\/strong>.<\/p>\n<\/li>\n<li data-start=\"7111\" data-end=\"7186\">\n<p data-start=\"7113\" data-end=\"7186\"><strong data-start=\"7113\" data-end=\"7134\">Kemisk stabil:<\/strong> Bestand tegen afbraak bij juiste opslagcondities.<\/p>\n<\/li>\n<li data-start=\"7187\" data-end=\"7278\">\n<p data-start=\"7189\" data-end=\"7278\"><strong data-start=\"7189\" data-end=\"7207\">GLP-produktion:<\/strong> Geproduceerd onder strikte <strong data-start=\"7235\" data-end=\"7263\">Good Laboratory Practice<\/strong>-richtlijnen.<\/p>\n<\/li>\n<li data-start=\"7279\" data-end=\"7362\">\n<p data-start=\"7281\" data-end=\"7362\"><strong data-start=\"7281\" data-end=\"7298\">Batch-testet:<\/strong> Elke batch wordt gecontroleerd op identiteit en consistentie.<\/p>\n<\/li>\n<li data-start=\"7363\" data-end=\"7442\">\n<p data-start=\"7365\" data-end=\"7442\"><strong data-start=\"7365\" data-end=\"7388\">Sikker indpakning:<\/strong> Luftt\u00e6t og forseglet for optimal holdbarhed.<\/p>\n<\/li>\n<\/ul>\n<hr data-start=\"7444\" data-end=\"7447\" \/>\n<h3 data-start=\"7449\" data-end=\"7466\"><strong data-start=\"7453\" data-end=\"7466\">Fordele<\/strong><\/h3>\n<ol data-start=\"7468\" data-end=\"7886\">\n<li data-start=\"7468\" data-end=\"7555\">\n<p data-start=\"7471\" data-end=\"7555\"><strong data-start=\"7471\" data-end=\"7508\">Betrouwbare onderzoeksresultaten:<\/strong> Hoge zuiverheid garandeert consistente data.<\/p>\n<\/li>\n<li data-start=\"7556\" data-end=\"7644\">\n<p data-start=\"7559\" data-end=\"7644\"><strong data-start=\"7559\" data-end=\"7586\">Stabilitet p\u00e5 lang sigt:<\/strong> Bestand tegen licht, vocht en temperatuurveranderingen.<\/p>\n<\/li>\n<li data-start=\"7645\" data-end=\"7717\">\n<p data-start=\"7648\" data-end=\"7717\"><strong data-start=\"7648\" data-end=\"7672\">Gebruiksvriendelijk:<\/strong> Pelletvorm zorgt voor eenvoudige dosering.<\/p>\n<\/li>\n<li data-start=\"7718\" data-end=\"7805\">\n<p data-start=\"7721\" data-end=\"7805\"><strong data-start=\"7721\" data-end=\"7749\">Professionel kvalitet:<\/strong> Velegnet til <strong data-start=\"7764\" data-end=\"7802\">forensisch en analytisch onderzoek<\/strong>.<\/p>\n<\/li>\n<li data-start=\"7806\" data-end=\"7886\">\n<p data-start=\"7809\" data-end=\"7886\"><strong data-start=\"7809\" data-end=\"7840\">Internationale standaarden:<\/strong> Geproduceerd volgens GLP-veiligheidsnormen.<\/p>\n<\/li>\n<\/ol>\n<hr data-start=\"7888\" data-end=\"7891\" \/>\n<h3 data-start=\"7893\" data-end=\"7932\"><strong data-start=\"7897\" data-end=\"7932\">Anvendelse (kun forskning)<\/strong><\/h3>\n<ol data-start=\"7934\" data-end=\"8347\">\n<li data-start=\"7934\" data-end=\"8026\">\n<p data-start=\"7937\" data-end=\"8026\"><strong data-start=\"7937\" data-end=\"7968\">Brug beskyttelsest\u00f8j:<\/strong> Handschoenen, veiligheidsbril en labjas zijn verplicht.<\/p>\n<\/li>\n<li data-start=\"8027\" data-end=\"8096\">\n<p data-start=\"8030\" data-end=\"8096\"><strong data-start=\"8030\" data-end=\"8067\">Brug kalibreret udstyr:<\/strong> Voor nauwkeurige metingen.<\/p>\n<\/li>\n<li data-start=\"8097\" data-end=\"8167\">\n<p data-start=\"8100\" data-end=\"8167\"><strong data-start=\"8100\" data-end=\"8127\">Bem\u00e6rk batchinformation:<\/strong> Registreer zuiverheid en hoeveelheid.<\/p>\n<\/li>\n<li data-start=\"8168\" data-end=\"8254\">\n<p data-start=\"8171\" data-end=\"8254\"><strong data-start=\"8171\" data-end=\"8211\">Werk in een gecontroleerde omgeving:<\/strong> Gebruik steriele laboratoriumapparatuur.<\/p>\n<\/li>\n<li data-start=\"8255\" data-end=\"8347\">\n<p data-start=\"8258\" data-end=\"8347\"><strong data-start=\"8258\" data-end=\"8292\">Verwijder afvalstoffen veilig:<\/strong> Volg de veiligheidsrichtlijnen van het laboratorium.<\/p>\n<\/li>\n<\/ol>\n<blockquote data-start=\"8349\" data-end=\"8434\">\n<p data-start=\"8351\" data-end=\"8434\">\u2697\ufe0f <strong data-start=\"8354\" data-end=\"8434\">Kun til laboratorietest - ikke til konsum.<\/strong><\/p>\n<\/blockquote>\n<hr data-start=\"8436\" data-end=\"8439\" \/>\n<h3 data-start=\"8441\" data-end=\"8466\"><strong data-start=\"8445\" data-end=\"8466\">Instruktioner til opbevaring<\/strong><\/h3>\n<ul data-start=\"8468\" data-end=\"8636\">\n<li data-start=\"8468\" data-end=\"8510\">\n<p data-start=\"8470\" data-end=\"8510\">Spar p\u00e5 <strong data-start=\"8481\" data-end=\"8490\">2-8\u00b0C<\/strong>, t\u00f8r og m\u00f8rk.<\/p>\n<\/li>\n<li data-start=\"8511\" data-end=\"8547\">\n<p data-start=\"8513\" data-end=\"8547\">Hold beholderen t\u00e6t lukket.<\/p>\n<\/li>\n<li data-start=\"8548\" data-end=\"8593\">\n<p data-start=\"8550\" data-end=\"8593\">Beskyt mod <strong data-start=\"8565\" data-end=\"8590\">lys, fugt og varme<\/strong>.<\/p>\n<\/li>\n<li data-start=\"8594\" data-end=\"8636\">\n<p data-start=\"8596\" data-end=\"8636\">Buiten bereik van onbevoegden bewaren.<\/p>\n<\/li>\n<\/ul>\n<hr data-start=\"8638\" data-end=\"8641\" \/>\n<h3 data-start=\"8643\" data-end=\"8678\"><strong data-start=\"8647\" data-end=\"8678\">Ofte stillede sp\u00f8rgsm\u00e5l (FAQ)<\/strong><\/h3>\n<p data-start=\"8680\" data-end=\"8839\"><strong data-start=\"8680\" data-end=\"8725\">1. Waarvoor wordt Norflurazepam gebruikt?<\/strong><br data-start=\"8725\" data-end=\"8728\" \/>For <strong data-start=\"8733\" data-end=\"8771\">analytisch en forensisch onderzoek<\/strong>, met nadruk op <strong data-start=\"8787\" data-end=\"8836\">benzodiazepine-analyse en metabolietonderzoek<\/strong>. Norflurazepam 10mg Pellets<\/p>\n<p data-start=\"8841\" data-end=\"9059\"><strong data-start=\"8841\" data-end=\"8901\">2. Is Norflurazepam geschikt voor menselijke consumptie?<\/strong><br data-start=\"8901\" data-end=\"8904\" \/>Nej. <strong data-start=\"8909\" data-end=\"8939\">Norflurazepam 10mg Pellets<\/strong> dens <strong data-start=\"8945\" data-end=\"8995\">udelukkende beregnet til laboratorietest<\/strong> og <strong data-start=\"8999\" data-end=\"9056\">ikke egnet til menneske- eller dyrefoder<\/strong>.<\/p>\n<p data-start=\"9061\" data-end=\"9211\"><strong data-start=\"9061\" data-end=\"9106\">3. Hoe bewaar ik Norflurazepam het beste?<\/strong><br data-start=\"9106\" data-end=\"9109\" \/>Opbevar p\u00e5 en <strong data-start=\"9123\" data-end=\"9165\">k\u00f8ligt, t\u00f8rt og m\u00f8rkt sted (2-8\u00b0C)<\/strong> in de <strong data-start=\"9172\" data-end=\"9208\">originele luchtdichte verpakking<\/strong>.<\/p>\n<hr data-start=\"9213\" data-end=\"9216\" \/>\n<h3 data-start=\"9218\" data-end=\"9235\"><strong data-start=\"9222\" data-end=\"9235\">Konklusion<\/strong><\/h3>\n<p data-start=\"9237\" data-end=\"9533\"><strong data-start=\"9237\" data-end=\"9267\">Norflurazepam 10mg Pellets<\/strong> bieden <strong data-start=\"9275\" data-end=\"9337\">uitstekende zuiverheid, stabiliteit en reproduceerbaarheid<\/strong>, ideel til <strong data-start=\"9351\" data-end=\"9399\">analytisch, chemisch en forensisch onderzoek<\/strong>.<br data-start=\"9400\" data-end=\"9403\" \/>Een betrouwbare keuze voor laboratoria die zich richten op <strong data-start=\"9462\" data-end=\"9530\">benzodiazepine-analyse, receptorstudies en structureel onderzoek<\/strong>.<\/p>","protected":false},"excerpt":{"rendered":"<h3><span data-sheets-value=\"{\" data-sheets-userformat=\"{\"><span dir=\"auto\" style=\"vertical-align: inherit;\"><span dir=\"auto\" style=\"vertical-align: inherit;\">Norflurazepam properties<\/span><\/span><\/span><\/h3>\n<p><strong><span dir=\"auto\" style=\"vertical-align: inherit;\"><span dir=\"auto\" style=\"vertical-align: inherit;\">Synonym:<\/span><\/span><\/strong><span dir=\"auto\" style=\"vertical-align: inherit;\"><span dir=\"auto\" style=\"vertical-align: inherit;\"> Norflurazepam <\/span><\/span><br \/>\n<strong><span dir=\"auto\" style=\"vertical-align: inherit;\"><span dir=\"auto\" style=\"vertical-align: inherit;\">CAS Number:<\/span><\/span><\/strong><span dir=\"auto\" style=\"vertical-align: inherit;\"><span dir=\"auto\" style=\"vertical-align: inherit;\"> 2886-65-9 <\/span><\/span><br \/>\n<strong><span dir=\"auto\" style=\"vertical-align: inherit;\"><span dir=\"auto\" style=\"vertical-align: inherit;\">Formula:<\/span><\/span><\/strong><span dir=\"auto\" style=\"vertical-align: inherit;\"><span dir=\"auto\" style=\"vertical-align: inherit;\"> 7-chloro-5-(2-fluorophenyl)-1,3-dihydro-2H-1,4-benzodiazepin-2-one <\/span><\/span><br \/>\n<strong><span dir=\"auto\" style=\"vertical-align: inherit;\"><span dir=\"auto\" style=\"vertical-align: inherit;\">Molar mass:<\/span><\/span><\/strong><span dir=\"auto\" style=\"vertical-align: inherit;\"><span dir=\"auto\" style=\"vertical-align: inherit;\"> 299.3 g\/mol <\/span><\/span><br \/>\n<strong><span dir=\"auto\" style=\"vertical-align: inherit;\"><span dir=\"auto\" style=\"vertical-align: inherit;\">Purity:<\/span><\/span><\/strong><span dir=\"auto\" style=\"vertical-align: inherit;\"><span dir=\"auto\" style=\"vertical-align: inherit;\"> &gt;97%<\/span><\/span><\/p>","protected":false},"featured_media":20382,"comment_status":"closed","ping_status":"closed","template":"","meta":[],"product_brand":[],"product_cat":[130,218,449,127,82],"product_tag":[78,219],"class_list":{"0":"post-18657","1":"product","2":"type-product","3":"status-publish","4":"has-post-thumbnail","6":"product_cat-benzodiazepinen","7":"product_cat-norflurazepam","8":"product_cat-norflurazepam-pellets","9":"product_cat-pellets","10":"product_cat-sale","11":"product_tag-nl","12":"product_tag-norflurazepam","14":"first","15":"instock","16":"sale","17":"shipping-taxable","18":"purchasable","19":"product-type-variable"},"_links":{"self":[{"href":"https:\/\/researchchemicalsweb.com\/da\/wp-json\/wp\/v2\/product\/18657","targetHints":{"allow":["GET"]}}],"collection":[{"href":"https:\/\/researchchemicalsweb.com\/da\/wp-json\/wp\/v2\/product"}],"about":[{"href":"https:\/\/researchchemicalsweb.com\/da\/wp-json\/wp\/v2\/types\/product"}],"replies":[{"embeddable":true,"href":"https:\/\/researchchemicalsweb.com\/da\/wp-json\/wp\/v2\/comments?post=18657"}],"version-history":[{"count":1,"href":"https:\/\/researchchemicalsweb.com\/da\/wp-json\/wp\/v2\/product\/18657\/revisions"}],"predecessor-version":[{"id":18715,"href":"https:\/\/researchchemicalsweb.com\/da\/wp-json\/wp\/v2\/product\/18657\/revisions\/18715"}],"wp:featuredmedia":[{"embeddable":true,"href":"https:\/\/researchchemicalsweb.com\/da\/wp-json\/wp\/v2\/media\/20382"}],"wp:attachment":[{"href":"https:\/\/researchchemicalsweb.com\/da\/wp-json\/wp\/v2\/media?parent=18657"}],"wp:term":[{"taxonomy":"product_brand","embeddable":true,"href":"https:\/\/researchchemicalsweb.com\/da\/wp-json\/wp\/v2\/product_brand?post=18657"},{"taxonomy":"product_cat","embeddable":true,"href":"https:\/\/researchchemicalsweb.com\/da\/wp-json\/wp\/v2\/product_cat?post=18657"},{"taxonomy":"product_tag","embeddable":true,"href":"https:\/\/researchchemicalsweb.com\/da\/wp-json\/wp\/v2\/product_tag?post=18657"}],"curies":[{"name":"wp","href":"https:\/\/api.w.org\/{rel}","templated":true}]}}