{"id":18634,"date":"2025-12-16T20:44:46","date_gmt":"2025-12-16T20:44:46","guid":{"rendered":"https:\/\/researchchemicalsweb.com\/?post_type=product&#038;p=18634"},"modified":"2026-02-17T14:25:05","modified_gmt":"2026-02-17T14:25:05","slug":"2-mmc-2-methylmethcathinone","status":"publish","type":"product","link":"https:\/\/researchchemicalsweb.com\/da\/vare\/2-mmc-2-methylmethcathinone\/","title":{"rendered":"2-MMC (2-Methylmethcathinone)"},"content":{"rendered":"<p data-start=\"5037\" data-end=\"5280\"><strong data-start=\"5037\" data-end=\"5070\">2-MMC (2-Methylmethcathinone)<\/strong> er en <strong data-start=\"5078\" data-end=\"5111\">synthetisch cathinon-derivaat<\/strong> dat behoort tot de <strong data-start=\"5131\" data-end=\"5155\">fenethylamine-klasse<\/strong>. Het wordt onderzocht binnen de <strong data-start=\"5188\" data-end=\"5225\">forensische en analytische chemie<\/strong> vanwege zijn structurele en spectrale eigenschappen. 2 mmc kopen<\/p>\n<p data-start=\"5282\" data-end=\"5571\">In laboratoria wordt 2-MMC gebruikt als <strong data-start=\"5322\" data-end=\"5340\">referentiestof<\/strong> voor het <strong data-start=\"5350\" data-end=\"5390\">ontwikkelen, valideren en kalibreren<\/strong> van detectiemethoden in forensisch en toxicologisch onderzoek.<br data-start=\"5453\" data-end=\"5456\" \/>Dette produkt er <strong data-start=\"5471\" data-end=\"5509\">Kun til forskningsform\u00e5l<\/strong> og <strong data-start=\"5513\" data-end=\"5570\">ikke egnet til menneske- eller dyrefoder<\/strong>.<\/p>\n<hr data-start=\"5573\" data-end=\"5576\" \/>\n<h3 data-start=\"5578\" data-end=\"5609\"><strong data-start=\"5582\" data-end=\"5609\">Vigtige funktioner<\/strong><\/h3>\n<ul data-start=\"5611\" data-end=\"6105\">\n<li data-start=\"5611\" data-end=\"5713\">\n<p data-start=\"5613\" data-end=\"5713\"><strong data-start=\"5613\" data-end=\"5633\">H\u00f8j renhed:<\/strong> Geproduceerd onder gecontroleerde omstandigheden voor betrouwbare resultaten.<\/p>\n<\/li>\n<li data-start=\"5714\" data-end=\"5823\">\n<p data-start=\"5716\" data-end=\"5823\"><strong data-start=\"5716\" data-end=\"5755\">Certificeret referencemateriale:<\/strong> Leveres med <strong data-start=\"5769\" data-end=\"5797\">Analysecertifikat (COA)<\/strong> en zuiverheidsgegevens.<\/p>\n<\/li>\n<li data-start=\"5824\" data-end=\"5922\">\n<p data-start=\"5826\" data-end=\"5922\"><strong data-start=\"5826\" data-end=\"5853\">Forensische Relevantie:<\/strong> Geschikt voor identificatie en vergelijking van cathinon-analogen.<\/p>\n<\/li>\n<li data-start=\"5923\" data-end=\"6011\">\n<p data-start=\"5925\" data-end=\"6011\"><strong data-start=\"5925\" data-end=\"5956\">Analytisk bred udrulning:<\/strong> Compatibel met <strong data-start=\"5972\" data-end=\"5981\">GC-MS<\/strong>, <strong data-start=\"5983\" data-end=\"5995\">LC-MS\/MS<\/strong>, og <strong data-start=\"6000\" data-end=\"6008\">HPLC<\/strong>.<\/p>\n<\/li>\n<li data-start=\"6012\" data-end=\"6105\">\n<p data-start=\"6014\" data-end=\"6105\"><strong data-start=\"6014\" data-end=\"6041\">Stabiele Samenstelling:<\/strong> Ontworpen voor langdurige opslag onder laboratoriumcondities.<\/p>\n<\/li>\n<\/ul>\n<hr data-start=\"6107\" data-end=\"6110\" \/>\n<h3 data-start=\"6112\" data-end=\"6129\"><strong data-start=\"6116\" data-end=\"6129\">Fordele<\/strong><\/h3>\n<ul data-start=\"6131\" data-end=\"6590\">\n<li data-start=\"6131\" data-end=\"6237\">\n<p data-start=\"6133\" data-end=\"6237\"><strong data-start=\"6133\" data-end=\"6170\">Ondersteunt Forensisch Onderzoek:<\/strong> Helpt bij de detectie en analyse van gesubstitueerde cathinonen.<\/p>\n<\/li>\n<li data-start=\"6238\" data-end=\"6312\">\n<p data-start=\"6240\" data-end=\"6312\"><strong data-start=\"6240\" data-end=\"6267\">P\u00e5lidelig kalibrering:<\/strong> Zorgt voor reproduceerbare meetresultaten.<\/p>\n<\/li>\n<li data-start=\"6313\" data-end=\"6402\">\n<p data-start=\"6315\" data-end=\"6402\"><strong data-start=\"6315\" data-end=\"6336\">Nauwkeurige Data:<\/strong> Draagt bij aan de validatie van toxicologische analysemethoden.<\/p>\n<\/li>\n<li data-start=\"6403\" data-end=\"6490\">\n<p data-start=\"6405\" data-end=\"6490\"><strong data-start=\"6405\" data-end=\"6427\">Uddannelsesm\u00e6ssig v\u00e6rdi:<\/strong> Geschikt voor academische opleidingen in analytische chemie.<\/p>\n<\/li>\n<li data-start=\"6491\" data-end=\"6590\">\n<p data-start=\"6493\" data-end=\"6590\"><strong data-start=\"6493\" data-end=\"6528\">Voldoet aan Laboratoriumnormen:<\/strong> Geproduceerd volgens internationale veiligheidsrichtlijnen.<\/p>\n<\/li>\n<\/ul>\n<hr data-start=\"6592\" data-end=\"6595\" \/>\n<h3 data-start=\"6597\" data-end=\"6658\"><strong data-start=\"6601\" data-end=\"6658\">Brugsanvisning (kun til forskningsform\u00e5l)<\/strong><\/h3>\n<ol data-start=\"6660\" data-end=\"6992\">\n<li data-start=\"6660\" data-end=\"6755\">\n<p data-start=\"6663\" data-end=\"6755\"><strong data-start=\"6663\" data-end=\"6677\">H\u00e5ndtering:<\/strong> Alleen gebruiken in erkende laboratoria met geschikte beschermingsmiddelen.<\/p>\n<\/li>\n<li data-start=\"6756\" data-end=\"6842\">\n<p data-start=\"6759\" data-end=\"6842\"><strong data-start=\"6759\" data-end=\"6777\">Voorbereiding:<\/strong> Verdun of bereid volgens gevalideerde analytische protocollen.<\/p>\n<\/li>\n<li data-start=\"6843\" data-end=\"6906\">\n<p data-start=\"6846\" data-end=\"6906\"><strong data-start=\"6846\" data-end=\"6857\">Opbevaring:<\/strong> Opbevares k\u00f8ligt, t\u00f8rt og m\u00f8rkt, godt forseglet.<\/p>\n<\/li>\n<li data-start=\"6907\" data-end=\"6992\">\n<p data-start=\"6910\" data-end=\"6992\"><strong data-start=\"6910\" data-end=\"6921\">Dr\u00e6ning:<\/strong> Verwerk restanten volgens de lokale regelgeving voor chemisch afval.<\/p>\n<\/li>\n<\/ol>\n<hr data-start=\"6994\" data-end=\"6997\" \/>\n<h3 data-start=\"6999\" data-end=\"7033\"><strong data-start=\"7003\" data-end=\"7033\">Sikkerhed og overholdelse af regler<\/strong><\/h3>\n<ul data-start=\"7035\" data-end=\"7494\">\n<li data-start=\"7035\" data-end=\"7130\">\n<p data-start=\"7037\" data-end=\"7130\"><strong data-start=\"7037\" data-end=\"7073\">Kun til laboratoriebrug:<\/strong> Ikke egnet til indtagelse af mennesker eller dyr.<\/p>\n<\/li>\n<li data-start=\"7131\" data-end=\"7252\">\n<p data-start=\"7133\" data-end=\"7252\"><strong data-start=\"7133\" data-end=\"7161\">Juridiske overvejelser:<\/strong> De juridische status van 2-MMC varieert per land; controleer altijd de lokale wetgeving. 2 mmc kopen<\/p>\n<\/li>\n<li data-start=\"7253\" data-end=\"7369\">\n<p data-start=\"7255\" data-end=\"7369\"><strong data-start=\"7255\" data-end=\"7283\">Sundhed og sikkerhed:<\/strong> Vermijd inademing en huidcontact. Gebruik altijd persoonlijke beschermingsmiddelen.<\/p>\n<\/li>\n<li data-start=\"7370\" data-end=\"7494\">\n<p data-start=\"7372\" data-end=\"7494\"><strong data-start=\"7372\" data-end=\"7389\">Dokumentation:<\/strong> A <strong data-start=\"7394\" data-end=\"7430\">sikkerhedsdatablad (MSDS)<\/strong> og <strong data-start=\"7434\" data-end=\"7462\">Analysecertifikat (COA)<\/strong> er tilg\u00e6ngelige p\u00e5 foresp\u00f8rgsel.<\/p>\n<\/li>\n<\/ul>\n<hr data-start=\"7496\" data-end=\"7499\" \/>\n<h3 data-start=\"7501\" data-end=\"7536\"><strong data-start=\"7505\" data-end=\"7536\">Ofte stillede sp\u00f8rgsm\u00e5l (FAQ)<\/strong><\/h3>\n<p data-start=\"7538\" data-end=\"7677\"><strong data-start=\"7538\" data-end=\"7575\">1. Waarvoor wordt 2-MMC gebruikt?<\/strong><br data-start=\"7575\" data-end=\"7578\" \/>2-MMC wordt gebruikt als <strong data-start=\"7603\" data-end=\"7621\">referentiestof<\/strong> voor chemisch, forensisch en toxicologisch onderzoek.<\/p>\n<p data-start=\"7679\" data-end=\"7840\"><strong data-start=\"7679\" data-end=\"7731\">2. Is 2-MMC geschikt voor menselijke consumptie?<\/strong><br data-start=\"7731\" data-end=\"7734\" \/>Nej. Dette produkt er <strong data-start=\"7754\" data-end=\"7792\">Kun til forskningsform\u00e5l<\/strong> og <strong data-start=\"7796\" data-end=\"7837\">niet goedgekeurd voor medisch gebruik<\/strong>.<\/p>\n<p data-start=\"7842\" data-end=\"7966\"><strong data-start=\"7842\" data-end=\"7882\">3. Hoe moet 2-MMC worden opgeslagen?<\/strong><br data-start=\"7882\" data-end=\"7885\" \/>Opbevares k\u00f8ligt, t\u00f8rt og m\u00f8rkt, godt lukket og utilg\u00e6ngeligt for uvedkommende.<\/p>\n<p><a href=\"https:\/\/researchchemicalsweb.com\/da\/shop\/lysergamides\/1v-lsd-150-mcg-blotters\/\"><span dir=\"auto\" style=\"vertical-align: inherit;\"><span dir=\"auto\" style=\"vertical-align: inherit;\">1V-LSD 150 MCG-blottere <\/span><\/span><\/a><a href=\"https:\/\/researchchemicalsweb.com\/da\/shop\/cathinonen\/kob-2-cmc\/\"><span dir=\"auto\" style=\"vertical-align: inherit;\"><span dir=\"auto\" style=\"vertical-align: inherit;\">2-CMC 250 mg piller <\/span><\/span><\/a><a href=\"https:\/\/researchchemicalsweb.com\/da\/shop\/fenethylamine\/2c-ef-2mg-capsules\/\"><span dir=\"auto\" style=\"vertical-align: inherit;\"><span dir=\"auto\" style=\"vertical-align: inherit;\">2C-EF 2 mg kapsler <\/span><\/span><\/a><a href=\"https:\/\/researchchemicalsweb.com\/da\/shop\/bijna-verboden\/6-cl-adba\/\"><span dir=\"auto\" style=\"vertical-align: inherit;\"><span dir=\"auto\" style=\"vertical-align: inherit;\">6-CL-ADBA <\/span><\/span><\/a><a href=\"https:\/\/researchchemicalsweb.com\/da\/shop\/overig\/meai\/\"><span dir=\"auto\" style=\"vertical-align: inherit;\"><span dir=\"auto\" style=\"vertical-align: inherit;\">MEAI<\/span><\/span><\/a><\/p>","protected":false},"excerpt":{"rendered":"<h2><span dir=\"auto\" style=\"vertical-align: inherit;\"><span dir=\"auto\" style=\"vertical-align: inherit;\">2-MMC properties<\/span><\/span><\/h2>\n<p><strong><span dir=\"auto\" style=\"vertical-align: inherit;\"><span dir=\"auto\" style=\"vertical-align: inherit;\">CAS Number<\/span><\/span><\/strong><span dir=\"auto\" style=\"vertical-align: inherit;\"><span dir=\"auto\" style=\"vertical-align: inherit;\"> : 1246911-71-6 <\/span><\/span><br \/>\n<strong><span dir=\"auto\" style=\"vertical-align: inherit;\"><span dir=\"auto\" style=\"vertical-align: inherit;\">Formula<\/span><\/span><\/strong><span dir=\"auto\" style=\"vertical-align: inherit;\"><span dir=\"auto\" style=\"vertical-align: inherit;\"> : C11h15NO \u2022 HCL <\/span><\/span><br \/>\n<strong><span dir=\"auto\" style=\"vertical-align: inherit;\"><span dir=\"auto\" style=\"vertical-align: inherit;\">Molar Mass<\/span><\/span><\/strong><span dir=\"auto\" style=\"vertical-align: inherit;\"><span dir=\"auto\" style=\"vertical-align: inherit;\"> : 177.247 <\/span><\/span><br \/>\n<strong><span dir=\"auto\" style=\"vertical-align: inherit;\"><span dir=\"auto\" style=\"vertical-align: inherit;\">Purity<\/span><\/span><\/strong><span dir=\"auto\" style=\"vertical-align: inherit;\"><span dir=\"auto\" style=\"vertical-align: inherit;\"> : \u226599%<\/span><\/span><\/p>","protected":false},"featured_media":20190,"comment_status":"closed","ping_status":"closed","template":"","meta":[],"product_brand":[],"product_cat":[394,73,111],"product_tag":[563,395,396,78],"class_list":{"0":"post-18634","1":"product","2":"type-product","3":"status-publish","4":"has-post-thumbnail","6":"product_cat-2-mmc","7":"product_cat-bijna-verboden","8":"product_cat-cathinonen","9":"product_tag-2-mmc","10":"product_tag-2-mmc-kopen","11":"product_tag-2-mmc-pellets-kopen","12":"product_tag-nl","14":"first","15":"instock","16":"shipping-taxable","17":"purchasable","18":"product-type-variable"},"_links":{"self":[{"href":"https:\/\/researchchemicalsweb.com\/da\/wp-json\/wp\/v2\/product\/18634","targetHints":{"allow":["GET"]}}],"collection":[{"href":"https:\/\/researchchemicalsweb.com\/da\/wp-json\/wp\/v2\/product"}],"about":[{"href":"https:\/\/researchchemicalsweb.com\/da\/wp-json\/wp\/v2\/types\/product"}],"replies":[{"embeddable":true,"href":"https:\/\/researchchemicalsweb.com\/da\/wp-json\/wp\/v2\/comments?post=18634"}],"version-history":[{"count":1,"href":"https:\/\/researchchemicalsweb.com\/da\/wp-json\/wp\/v2\/product\/18634\/revisions"}],"predecessor-version":[{"id":18678,"href":"https:\/\/researchchemicalsweb.com\/da\/wp-json\/wp\/v2\/product\/18634\/revisions\/18678"}],"wp:featuredmedia":[{"embeddable":true,"href":"https:\/\/researchchemicalsweb.com\/da\/wp-json\/wp\/v2\/media\/20190"}],"wp:attachment":[{"href":"https:\/\/researchchemicalsweb.com\/da\/wp-json\/wp\/v2\/media?parent=18634"}],"wp:term":[{"taxonomy":"product_brand","embeddable":true,"href":"https:\/\/researchchemicalsweb.com\/da\/wp-json\/wp\/v2\/product_brand?post=18634"},{"taxonomy":"product_cat","embeddable":true,"href":"https:\/\/researchchemicalsweb.com\/da\/wp-json\/wp\/v2\/product_cat?post=18634"},{"taxonomy":"product_tag","embeddable":true,"href":"https:\/\/researchchemicalsweb.com\/da\/wp-json\/wp\/v2\/product_tag?post=18634"}],"curies":[{"name":"wp","href":"https:\/\/api.w.org\/{rel}","templated":true}]}}