{"id":18619,"date":"2025-12-16T20:44:25","date_gmt":"2025-12-16T20:44:25","guid":{"rendered":"https:\/\/researchchemicalsweb.com\/?post_type=product&#038;p=18619"},"modified":"2026-02-17T14:25:46","modified_gmt":"2026-02-17T14:25:46","slug":"clonazolam-06-mg-blisters-a-10-pellets","status":"publish","type":"product","link":"https:\/\/researchchemicalsweb.com\/da\/vare\/clonazolam-06-mg-blisters-a-10-pellets\/","title":{"rendered":"Clonazolam 0,6 MG Blisterpakninger med 10 piller"},"content":{"rendered":"<p data-start=\"5197\" data-end=\"5465\"><strong data-start=\"5197\" data-end=\"5211\">Clonazolam<\/strong> er en <strong data-start=\"5219\" data-end=\"5256\">triazolobenzodiazepine-verbinding<\/strong>, relateret til <strong data-start=\"5270\" data-end=\"5284\">clonazepam<\/strong> en andere benzodiazepinen.<br data-start=\"5311\" data-end=\"5314\" \/>Det bruges i <strong data-start=\"5336\" data-end=\"5378\">forensische en analytische laboratoria<\/strong> som <strong data-start=\"5383\" data-end=\"5406\">Referencemateriale<\/strong> voor <strong data-start=\"5412\" data-end=\"5462\">identificatie, kalibratie en detectieonderzoek<\/strong>. clonazolam<\/p>\n<p data-start=\"5467\" data-end=\"5705\">Den <strong data-start=\"5470\" data-end=\"5491\">0,6 mg pelletvorm<\/strong> zorgt voor <strong data-start=\"5503\" data-end=\"5534\">gestandaardiseerde dosering<\/strong> og <strong data-start=\"5538\" data-end=\"5569\">nauwkeurige analysemethoden<\/strong>.<br data-start=\"5570\" data-end=\"5573\" \/>Het product is <strong data-start=\"5588\" data-end=\"5643\">udelukkende beregnet til videnskabelig forskning<\/strong> og <strong data-start=\"5647\" data-end=\"5704\">ikke egnet til menneske- eller dyrefoder<\/strong>.<\/p>\n<hr data-start=\"5707\" data-end=\"5710\" \/>\n<h3 data-start=\"5712\" data-end=\"5743\"><strong data-start=\"5716\" data-end=\"5743\">Vigtige funktioner<\/strong><\/h3>\n<ul data-start=\"5745\" data-end=\"6188\">\n<li data-start=\"5745\" data-end=\"5831\">\n<p data-start=\"5747\" data-end=\"5831\"><strong data-start=\"5747\" data-end=\"5767\">H\u00f8j renhed:<\/strong> Produceret under kontrollerede laboratorieforhold.<\/p>\n<\/li>\n<li data-start=\"5832\" data-end=\"5919\">\n<p data-start=\"5834\" data-end=\"5919\"><strong data-start=\"5834\" data-end=\"5866\">Standardiseret dosering:<\/strong> 0,6 mg per pellet voor reproduceerbare resultaten.<\/p>\n<\/li>\n<li data-start=\"5920\" data-end=\"6006\">\n<p data-start=\"5922\" data-end=\"6006\"><strong data-start=\"5922\" data-end=\"5961\">Certificeret referencemateriale:<\/strong> Leveres med <strong data-start=\"5975\" data-end=\"6003\">Analysecertifikat (COA)<\/strong>.<\/p>\n<\/li>\n<li data-start=\"6007\" data-end=\"6103\">\n<p data-start=\"6009\" data-end=\"6103\"><strong data-start=\"6009\" data-end=\"6040\">Analytisk bred udrulning:<\/strong> Velegnet til <strong data-start=\"6055\" data-end=\"6064\">GC-MS<\/strong>, <strong data-start=\"6066\" data-end=\"6074\">HPLC<\/strong>, og <strong data-start=\"6079\" data-end=\"6091\">LC-MS\/MS<\/strong> analyser.<\/p>\n<\/li>\n<li data-start=\"6104\" data-end=\"6188\">\n<p data-start=\"6106\" data-end=\"6188\"><strong data-start=\"6106\" data-end=\"6124\">Stabiele Vorm:<\/strong> Ontworpen voor langdurige opslag onder laboratoriumcondities.<\/p>\n<\/li>\n<\/ul>\n<hr data-start=\"6190\" data-end=\"6193\" \/>\n<h3 data-start=\"6195\" data-end=\"6212\"><strong data-start=\"6199\" data-end=\"6212\">Fordele<\/strong><\/h3>\n<ul data-start=\"6214\" data-end=\"6616\">\n<li data-start=\"6214\" data-end=\"6295\">\n<p data-start=\"6216\" data-end=\"6295\"><strong data-start=\"6216\" data-end=\"6243\">Forensische Toepassing:<\/strong> Ondersteunt detectie van benzodiazepine-analogen.<\/p>\n<\/li>\n<li data-start=\"6296\" data-end=\"6381\">\n<p data-start=\"6298\" data-end=\"6381\"><strong data-start=\"6298\" data-end=\"6325\">P\u00e5lidelig kalibrering:<\/strong> Zorgt voor consistente en nauwkeurige meetresultaten.<\/p>\n<\/li>\n<li data-start=\"6382\" data-end=\"6467\">\n<p data-start=\"6384\" data-end=\"6467\"><strong data-start=\"6384\" data-end=\"6406\">Uddannelsesm\u00e6ssig v\u00e6rdi:<\/strong> Geschikt voor academische studies en laboratoriumtraining.<\/p>\n<\/li>\n<li data-start=\"6468\" data-end=\"6558\">\n<p data-start=\"6470\" data-end=\"6558\"><strong data-start=\"6470\" data-end=\"6501\">Sikker laboratoriebrug:<\/strong> Geproduceerd volgens internationale veiligheidsnormen.<\/p>\n<\/li>\n<li data-start=\"6559\" data-end=\"6616\">\n<p data-start=\"6561\" data-end=\"6616\"><strong data-start=\"6561\" data-end=\"6588\">Fuld dokumentation:<\/strong> Geleverd met COA en MSDS.<\/p>\n<\/li>\n<\/ul>\n<hr data-start=\"6618\" data-end=\"6621\" \/>\n<h3 data-start=\"6623\" data-end=\"6684\"><strong data-start=\"6627\" data-end=\"6684\">Brugsanvisning (kun til forskningsform\u00e5l)<\/strong><\/h3>\n<ol data-start=\"6686\" data-end=\"7016\">\n<li data-start=\"6686\" data-end=\"6783\">\n<p data-start=\"6689\" data-end=\"6783\"><strong data-start=\"6689\" data-end=\"6703\">H\u00e5ndtering:<\/strong> M\u00e5 kun anvendes i godkendte laboratorier med passende sikkerhedsanordninger.<\/p>\n<\/li>\n<li data-start=\"6784\" data-end=\"6858\">\n<p data-start=\"6787\" data-end=\"6858\"><strong data-start=\"6787\" data-end=\"6802\">Anvendelse:<\/strong> Gebruik pellets volgens gevalideerde analysemethoden.<\/p>\n<\/li>\n<li data-start=\"6859\" data-end=\"6922\">\n<p data-start=\"6862\" data-end=\"6922\"><strong data-start=\"6862\" data-end=\"6873\">Opbevaring:<\/strong> Opbevares k\u00f8ligt, t\u00f8rt og m\u00f8rkt, godt forseglet.<\/p>\n<\/li>\n<li data-start=\"6923\" data-end=\"7016\">\n<p data-start=\"6926\" data-end=\"7016\"><strong data-start=\"6926\" data-end=\"6937\">Dr\u00e6ning:<\/strong> Verwijder restanten volgens de lokale regelgeving voor chemisch afvalbeheer.<\/p>\n<\/li>\n<\/ol>\n<hr data-start=\"7018\" data-end=\"7021\" \/>\n<h3 data-start=\"7023\" data-end=\"7057\"><strong data-start=\"7027\" data-end=\"7057\">Sikkerhed og overholdelse af regler<\/strong><\/h3>\n<ul data-start=\"7059\" data-end=\"7506\">\n<li data-start=\"7059\" data-end=\"7154\">\n<p data-start=\"7061\" data-end=\"7154\"><strong data-start=\"7061\" data-end=\"7097\">Kun til laboratoriebrug:<\/strong> Ikke egnet til indtagelse af mennesker eller dyr.<\/p>\n<\/li>\n<li data-start=\"7155\" data-end=\"7279\">\n<p data-start=\"7157\" data-end=\"7279\"><strong data-start=\"7157\" data-end=\"7185\">Juridiske overvejelser:<\/strong> Clonazolam valt onder de wetgeving inzake gecontroleerde stoffen; controleer lokale regels.<\/p>\n<\/li>\n<li data-start=\"7280\" data-end=\"7381\">\n<p data-start=\"7282\" data-end=\"7381\"><strong data-start=\"7282\" data-end=\"7310\">Sundhed og sikkerhed:<\/strong> Vermijd huidcontact en inademing. Draag altijd beschermingsmiddelen.<\/p>\n<\/li>\n<li data-start=\"7382\" data-end=\"7506\">\n<p data-start=\"7384\" data-end=\"7506\"><strong data-start=\"7384\" data-end=\"7401\">Dokumentation:<\/strong> A <strong data-start=\"7406\" data-end=\"7442\">sikkerhedsdatablad (MSDS)<\/strong> og <strong data-start=\"7446\" data-end=\"7474\">Analysecertifikat (COA)<\/strong> er tilg\u00e6ngelige p\u00e5 foresp\u00f8rgsel.<\/p>\n<\/li>\n<\/ul>\n<hr data-start=\"7508\" data-end=\"7511\" \/>\n<h3 data-start=\"7513\" data-end=\"7548\"><strong data-start=\"7517\" data-end=\"7548\">Ofte stillede sp\u00f8rgsm\u00e5l (FAQ)<\/strong><\/h3>\n<p data-start=\"7550\" data-end=\"7702\"><strong data-start=\"7550\" data-end=\"7608\">1. Waarvoor worden Clonazolam 0,6 mg Pellets gebruikt?<\/strong><br data-start=\"7608\" data-end=\"7611\" \/>Ze worden gebruikt als <strong data-start=\"7634\" data-end=\"7657\">Referencemateriale<\/strong> in analytische en forensische laboratoria.<\/p>\n<p data-start=\"7704\" data-end=\"7876\"><strong data-start=\"7704\" data-end=\"7765\">2. Er disse piller egnede til menneskef\u00f8de?<\/strong><br data-start=\"7765\" data-end=\"7768\" \/>Nej. Dette produkt er <strong data-start=\"7788\" data-end=\"7826\">Kun til forskningsform\u00e5l<\/strong> og <strong data-start=\"7830\" data-end=\"7873\">ikke godkendt til menneskebrug<\/strong>.<\/p>\n<p data-start=\"7878\" data-end=\"8017\"><strong data-start=\"7878\" data-end=\"7933\">3. Hoe moeten Clonazolam Pellets worden opgeslagen?<\/strong><br data-start=\"7933\" data-end=\"7936\" \/>Opbevares k\u00f8ligt, t\u00f8rt og m\u00f8rkt, godt lukket og utilg\u00e6ngeligt for uvedkommende.<\/p>","protected":false},"excerpt":{"rendered":"<h2><span dir=\"auto\" style=\"vertical-align: inherit;\"><span dir=\"auto\" style=\"vertical-align: inherit;\">Clonazolam pellets properties<\/span><\/span><\/h2>\n<p><strong><span dir=\"auto\" style=\"vertical-align: inherit;\"><span dir=\"auto\" style=\"vertical-align: inherit;\">Synonym:<\/span><\/span><\/strong><span dir=\"auto\" style=\"vertical-align: inherit;\"><span dir=\"auto\" style=\"vertical-align: inherit;\"> 6-(2-chlorophenyl)-1-methyl-8-nitro-4H-[1,2,4]triazolo[4,3-a] [1,4]benzodiazepine <\/span><\/span><br \/>\n<strong><span dir=\"auto\" style=\"vertical-align: inherit;\"><span dir=\"auto\" style=\"vertical-align: inherit;\">CAS Number:<\/span><\/span><\/strong><span dir=\"auto\" style=\"vertical-align: inherit;\"><span dir=\"auto\" style=\"vertical-align: inherit;\"> 33887-02-4 <\/span><\/span><br \/>\n<strong><span dir=\"auto\" style=\"vertical-align: inherit;\"><span dir=\"auto\" style=\"vertical-align: inherit;\">Formula:<\/span><\/span><\/strong><span dir=\"auto\" style=\"vertical-align: inherit;\"><span dir=\"auto\" style=\"vertical-align: inherit;\"> C17H12C1N5O2 <\/span><\/span><br \/>\n<strong><span dir=\"auto\" style=\"vertical-align: inherit;\"><span dir=\"auto\" style=\"vertical-align: inherit;\">Molar mass:<\/span><\/span><\/strong><span dir=\"auto\" style=\"vertical-align: inherit;\"><span dir=\"auto\" style=\"vertical-align: inherit;\"> 353.8 g\/mol <\/span><\/span><br \/>\n<strong><span dir=\"auto\" style=\"vertical-align: inherit;\"><span dir=\"auto\" style=\"vertical-align: inherit;\">Purity:<\/span><\/span><\/strong><span dir=\"auto\" style=\"vertical-align: inherit;\"><span dir=\"auto\" style=\"vertical-align: inherit;\"> \u226598%<\/span><\/span><\/p>\n","protected":false},"featured_media":20304,"comment_status":"closed","ping_status":"closed","template":"","meta":[],"product_brand":[],"product_cat":[92],"product_tag":[119,120,78],"class_list":{"0":"post-18619","1":"product","2":"type-product","3":"status-publish","4":"has-post-thumbnail","6":"product_cat-verboden","7":"product_tag-clonazolam","8":"product_tag-clonazolam-kopen","9":"product_tag-nl","11":"first","12":"outofstock","13":"shipping-taxable","14":"purchasable","15":"product-type-simple"},"_links":{"self":[{"href":"https:\/\/researchchemicalsweb.com\/da\/wp-json\/wp\/v2\/product\/18619","targetHints":{"allow":["GET"]}}],"collection":[{"href":"https:\/\/researchchemicalsweb.com\/da\/wp-json\/wp\/v2\/product"}],"about":[{"href":"https:\/\/researchchemicalsweb.com\/da\/wp-json\/wp\/v2\/types\/product"}],"replies":[{"embeddable":true,"href":"https:\/\/researchchemicalsweb.com\/da\/wp-json\/wp\/v2\/comments?post=18619"}],"version-history":[{"count":1,"href":"https:\/\/researchchemicalsweb.com\/da\/wp-json\/wp\/v2\/product\/18619\/revisions"}],"predecessor-version":[{"id":18653,"href":"https:\/\/researchchemicalsweb.com\/da\/wp-json\/wp\/v2\/product\/18619\/revisions\/18653"}],"wp:featuredmedia":[{"embeddable":true,"href":"https:\/\/researchchemicalsweb.com\/da\/wp-json\/wp\/v2\/media\/20304"}],"wp:attachment":[{"href":"https:\/\/researchchemicalsweb.com\/da\/wp-json\/wp\/v2\/media?parent=18619"}],"wp:term":[{"taxonomy":"product_brand","embeddable":true,"href":"https:\/\/researchchemicalsweb.com\/da\/wp-json\/wp\/v2\/product_brand?post=18619"},{"taxonomy":"product_cat","embeddable":true,"href":"https:\/\/researchchemicalsweb.com\/da\/wp-json\/wp\/v2\/product_cat?post=18619"},{"taxonomy":"product_tag","embeddable":true,"href":"https:\/\/researchchemicalsweb.com\/da\/wp-json\/wp\/v2\/product_tag?post=18619"}],"curies":[{"name":"wp","href":"https:\/\/api.w.org\/{rel}","templated":true}]}}