{"id":18384,"date":"2025-12-16T20:39:09","date_gmt":"2025-12-16T20:39:09","guid":{"rendered":"https:\/\/researchchemicalsweb.com\/?post_type=product&#038;p=18384"},"modified":"2026-02-18T06:25:36","modified_gmt":"2026-02-18T06:25:36","slug":"idra-21-10-mg-pellets","status":"publish","type":"product","link":"https:\/\/researchchemicalsweb.com\/da\/vare\/idra-21-10-mg-pellets\/","title":{"rendered":"IDRA-21 10 MG piller"},"content":{"rendered":"<p data-start=\"4897\" data-end=\"5239\"><strong data-start=\"4897\" data-end=\"4908\">IDRA-21<\/strong> er en <strong data-start=\"4916\" data-end=\"4947\">Benzothiadiazin-forbindelse<\/strong>, relateret til <strong data-start=\"4961\" data-end=\"4975\">aniracetam<\/strong>, og bliver efterforsket p\u00e5 grund af sin <strong data-start=\"5010\" data-end=\"5040\">indvirkning p\u00e5 AMPA-receptorer<\/strong>.<br data-start=\"5041\" data-end=\"5044\" \/>Det bruges i <strong data-start=\"5066\" data-end=\"5136\">retsmedicinske, farmakologiske og neurovidenskabelige laboratorier<\/strong> som <strong data-start=\"5141\" data-end=\"5164\">Referencemateriale<\/strong> for at studere <strong data-start=\"5189\" data-end=\"5236\">synaptiske processer og receptoraktivitet<\/strong>. idra 21<\/p>\n<p data-start=\"5241\" data-end=\"5467\">Den <strong data-start=\"5244\" data-end=\"5264\">10 mg i pilleform<\/strong> giver n\u00f8jagtig dosering og reproducerbare analysefunktioner.<br data-start=\"5332\" data-end=\"5335\" \/>Dette produkt er <strong data-start=\"5350\" data-end=\"5405\">udelukkende beregnet til videnskabelig forskning<\/strong> og <strong data-start=\"5409\" data-end=\"5466\">ikke egnet til menneske- eller dyrefoder<\/strong>.<\/p>\n<hr data-start=\"5469\" data-end=\"5472\" \/>\n<h3 data-start=\"5474\" data-end=\"5505\"><strong data-start=\"5478\" data-end=\"5505\">Vigtige funktioner<\/strong><\/h3>\n<ul data-start=\"5507\" data-end=\"5944\">\n<li data-start=\"5507\" data-end=\"5593\">\n<p data-start=\"5509\" data-end=\"5593\"><strong data-start=\"5509\" data-end=\"5529\">H\u00f8j renhed:<\/strong> Produceret under kontrollerede laboratorieforhold.<\/p>\n<\/li>\n<li data-start=\"5594\" data-end=\"5681\">\n<p data-start=\"5596\" data-end=\"5681\"><strong data-start=\"5596\" data-end=\"5628\">Standardiseret dosering:<\/strong> 10 mg pr. pille til ensartede analysemetoder.<\/p>\n<\/li>\n<li data-start=\"5682\" data-end=\"5768\">\n<p data-start=\"5684\" data-end=\"5768\"><strong data-start=\"5684\" data-end=\"5723\">Certificeret referencemateriale:<\/strong> Leveres med <strong data-start=\"5737\" data-end=\"5765\">Analysecertifikat (COA)<\/strong>.<\/p>\n<\/li>\n<li data-start=\"5769\" data-end=\"5864\">\n<p data-start=\"5771\" data-end=\"5864\"><strong data-start=\"5771\" data-end=\"5802\">Analytisk bred udrulning:<\/strong> Velegnet til <strong data-start=\"5817\" data-end=\"5825\">HPLC<\/strong>, <strong data-start=\"5827\" data-end=\"5839\">LC-MS\/MS<\/strong>, og <strong data-start=\"5844\" data-end=\"5852\">FTIR<\/strong> analyser.<\/p>\n<\/li>\n<li data-start=\"5865\" data-end=\"5944\">\n<p data-start=\"5867\" data-end=\"5944\"><strong data-start=\"5867\" data-end=\"5892\">Stabil formulering:<\/strong> Bevarer stabiliteten under korrekte opbevaringsforhold. idra 21<\/p>\n<\/li>\n<\/ul>\n<hr data-start=\"5946\" data-end=\"5949\" \/>\n<h3 data-start=\"5951\" data-end=\"5968\"><strong data-start=\"5955\" data-end=\"5968\">Fordele<\/strong><\/h3>\n<ul data-start=\"5970\" data-end=\"6434\">\n<li data-start=\"5970\" data-end=\"6089\">\n<p data-start=\"5972\" data-end=\"6089\"><strong data-start=\"5972\" data-end=\"6020\">St\u00f8tter neurovidenskabelig forskning:<\/strong> Velegnet til unders\u00f8gelser af receptoraktivitet og neurotransmission.<\/p>\n<\/li>\n<li data-start=\"6090\" data-end=\"6188\">\n<p data-start=\"6092\" data-end=\"6188\"><strong data-start=\"6092\" data-end=\"6119\">P\u00e5lidelig kalibrering:<\/strong> Sikrer reproducerbare resultater i analytiske applikationer.<\/p>\n<\/li>\n<li data-start=\"6189\" data-end=\"6276\">\n<p data-start=\"6191\" data-end=\"6276\"><strong data-start=\"6191\" data-end=\"6213\">Uddannelsesm\u00e6ssig v\u00e6rdi:<\/strong> Velegnet til akademisk uddannelse og laboratorieforskning.<\/p>\n<\/li>\n<li data-start=\"6277\" data-end=\"6342\">\n<p data-start=\"6279\" data-end=\"6342\"><strong data-start=\"6279\" data-end=\"6306\">Fuld dokumentation:<\/strong> Leveres med <strong data-start=\"6320\" data-end=\"6328\">SIKKERHEDSDATABLAD<\/strong> og <strong data-start=\"6332\" data-end=\"6339\">COA<\/strong>.<\/p>\n<\/li>\n<li data-start=\"6343\" data-end=\"6434\">\n<p data-start=\"6345\" data-end=\"6434\"><strong data-start=\"6345\" data-end=\"6376\">Sikker laboratoriebrug:<\/strong> Designet i henhold til internationale kvalitetsretningslinjer.<\/p>\n<\/li>\n<\/ul>\n<hr data-start=\"6436\" data-end=\"6439\" \/>\n<h3 data-start=\"6441\" data-end=\"6502\"><strong data-start=\"6445\" data-end=\"6502\">Brugsanvisning (kun til forskningsform\u00e5l)<\/strong><\/h3>\n<ol data-start=\"6504\" data-end=\"6836\">\n<li data-start=\"6504\" data-end=\"6601\">\n<p data-start=\"6507\" data-end=\"6601\"><strong data-start=\"6507\" data-end=\"6521\">H\u00e5ndtering:<\/strong> M\u00e5 kun anvendes i godkendte laboratorier med passende sikkerhedsanordninger.<\/p>\n<\/li>\n<li data-start=\"6602\" data-end=\"6681\">\n<p data-start=\"6605\" data-end=\"6681\"><strong data-start=\"6605\" data-end=\"6620\">Anvendelse:<\/strong> Forbered og analyser pellets i henhold til validerede metoder.<\/p>\n<\/li>\n<li data-start=\"6682\" data-end=\"6745\">\n<p data-start=\"6685\" data-end=\"6745\"><strong data-start=\"6685\" data-end=\"6696\">Opbevaring:<\/strong> Opbevares k\u00f8ligt, t\u00f8rt og m\u00f8rkt, godt forseglet.<\/p>\n<\/li>\n<li data-start=\"6746\" data-end=\"6836\">\n<p data-start=\"6749\" data-end=\"6836\"><strong data-start=\"6749\" data-end=\"6760\">Dr\u00e6ning:<\/strong> Bortskaf rester i henhold til lokale regler for h\u00e5ndtering af kemisk affald.<\/p>\n<\/li>\n<\/ol>\n<hr data-start=\"6838\" data-end=\"6841\" \/>\n<h3 data-start=\"6843\" data-end=\"6877\"><strong data-start=\"6847\" data-end=\"6877\">Sikkerhed og overholdelse af regler<\/strong><\/h3>\n<ul data-start=\"6879\" data-end=\"7270\">\n<li data-start=\"6879\" data-end=\"6960\">\n<p data-start=\"6881\" data-end=\"6960\"><strong data-start=\"6881\" data-end=\"6917\">Kun til laboratoriebrug:<\/strong> Ikke beregnet til menneskef\u00f8de.<\/p>\n<\/li>\n<li data-start=\"6961\" data-end=\"7050\">\n<p data-start=\"6963\" data-end=\"7050\"><strong data-start=\"6963\" data-end=\"6991\">Juridiske overvejelser:<\/strong> Tjek lokale regler for brug og opbevaring.<\/p>\n<\/li>\n<li data-start=\"7051\" data-end=\"7145\">\n<p data-start=\"7053\" data-end=\"7145\"><strong data-start=\"7053\" data-end=\"7081\">Sundhed og sikkerhed:<\/strong> Undg\u00e5 kontakt, ind\u00e5nding eller indtagelse; brug egnede personlige v\u00e6rnemidler.<\/p>\n<\/li>\n<li data-start=\"7146\" data-end=\"7270\">\n<p data-start=\"7148\" data-end=\"7270\"><strong data-start=\"7148\" data-end=\"7165\">Dokumentation:<\/strong> A <strong data-start=\"7170\" data-end=\"7206\">sikkerhedsdatablad (MSDS)<\/strong> og <strong data-start=\"7210\" data-end=\"7238\">Analysecertifikat (COA)<\/strong> er tilg\u00e6ngelige p\u00e5 foresp\u00f8rgsel.<\/p>\n<\/li>\n<\/ul>\n<hr data-start=\"7272\" data-end=\"7275\" \/>\n<h3 data-start=\"7277\" data-end=\"7312\"><strong data-start=\"7281\" data-end=\"7312\">Ofte stillede sp\u00f8rgsm\u00e5l (FAQ)<\/strong><\/h3>\n<p data-start=\"7314\" data-end=\"7471\"><strong data-start=\"7314\" data-end=\"7368\">1. Hvad bruges IDRA-21 10 mg pellets til?<\/strong><br data-start=\"7368\" data-end=\"7371\" \/>De bruges i <strong data-start=\"7393\" data-end=\"7440\">forskning i neurovidenskab og kemi<\/strong> Til modulering af AMPA-receptorer.<\/p>\n<p data-start=\"7473\" data-end=\"7645\"><strong data-start=\"7473\" data-end=\"7534\">2. Er disse piller egnede til menneskef\u00f8de?<\/strong><br data-start=\"7534\" data-end=\"7537\" \/>Nej. Dette produkt er <strong data-start=\"7557\" data-end=\"7595\">Kun til forskningsform\u00e5l<\/strong> og <strong data-start=\"7599\" data-end=\"7642\">ikke godkendt til menneskebrug<\/strong>.<\/p>\n<p data-start=\"7647\" data-end=\"7783\"><strong data-start=\"7647\" data-end=\"7699\">3. Hvordan skal IDRA-21 Pellets opbevares?<\/strong><br data-start=\"7699\" data-end=\"7702\" \/>Opbevares k\u00f8ligt, t\u00f8rt og m\u00f8rkt, godt lukket og utilg\u00e6ngeligt for uvedkommende.<\/p>\n<p class=\"ds-markdown-paragraph\">","protected":false},"excerpt":{"rendered":"<h3>IDRA-21 Pellets eigenschappen<\/h3>\n<p><strong>Synoniem<\/strong>: 7-chloro-3-methyl-3,4-dihydro-2H-1,2,4-benzothiadiazine 1,1-dioxide<br \/>\n<strong>CAS<\/strong> <strong>Nummer<\/strong>: 22503-72-6<br \/>\n<strong>Formule<\/strong>: C8H9ClN2O2S<br \/>\n<strong>Molmassa<\/strong>: 232.6 g\/mol<br \/>\n<strong>Renhed<\/strong>: &gt;97%<\/p>","protected":false},"featured_media":20350,"comment_status":"closed","ping_status":"closed","template":"","meta":[],"product_brand":[],"product_cat":[347,348,124,127],"product_tag":[1027,78],"class_list":{"0":"post-18384","1":"product","2":"type-product","3":"status-publish","4":"has-post-thumbnail","6":"product_cat-idra-21","7":"product_cat-idra-21-10-mg-pellets","8":"product_cat-nootropics","9":"product_cat-pellets","10":"product_tag-idra-21-10-mg-pellets","11":"product_tag-nl","13":"first","14":"instock","15":"shipping-taxable","16":"purchasable","17":"product-type-variable"},"_links":{"self":[{"href":"https:\/\/researchchemicalsweb.com\/da\/wp-json\/wp\/v2\/product\/18384","targetHints":{"allow":["GET"]}}],"collection":[{"href":"https:\/\/researchchemicalsweb.com\/da\/wp-json\/wp\/v2\/product"}],"about":[{"href":"https:\/\/researchchemicalsweb.com\/da\/wp-json\/wp\/v2\/types\/product"}],"replies":[{"embeddable":true,"href":"https:\/\/researchchemicalsweb.com\/da\/wp-json\/wp\/v2\/comments?post=18384"}],"version-history":[{"count":1,"href":"https:\/\/researchchemicalsweb.com\/da\/wp-json\/wp\/v2\/product\/18384\/revisions"}],"predecessor-version":[{"id":18443,"href":"https:\/\/researchchemicalsweb.com\/da\/wp-json\/wp\/v2\/product\/18384\/revisions\/18443"}],"wp:featuredmedia":[{"embeddable":true,"href":"https:\/\/researchchemicalsweb.com\/da\/wp-json\/wp\/v2\/media\/20350"}],"wp:attachment":[{"href":"https:\/\/researchchemicalsweb.com\/da\/wp-json\/wp\/v2\/media?parent=18384"}],"wp:term":[{"taxonomy":"product_brand","embeddable":true,"href":"https:\/\/researchchemicalsweb.com\/da\/wp-json\/wp\/v2\/product_brand?post=18384"},{"taxonomy":"product_cat","embeddable":true,"href":"https:\/\/researchchemicalsweb.com\/da\/wp-json\/wp\/v2\/product_cat?post=18384"},{"taxonomy":"product_tag","embeddable":true,"href":"https:\/\/researchchemicalsweb.com\/da\/wp-json\/wp\/v2\/product_tag?post=18384"}],"curies":[{"name":"wp","href":"https:\/\/api.w.org\/{rel}","templated":true}]}}