{"id":18353,"date":"2025-12-16T20:36:49","date_gmt":"2025-12-16T20:36:49","guid":{"rendered":"https:\/\/researchchemicalsweb.com\/?post_type=product&#038;p=18353"},"modified":"2026-02-17T14:26:24","modified_gmt":"2026-02-17T14:26:24","slug":"1p-mipla-l-tartrate-puur","status":"publish","type":"product","link":"https:\/\/researchchemicalsweb.com\/da\/vare\/1p-mipla-l-tartrate-puur\/","title":{"rendered":"1P-MiPLA L-tartrat ren"},"content":{"rendered":"<p data-start=\"3810\" data-end=\"3994\"><strong data-start=\"3810\" data-end=\"3868\">1P-MiPLA (1-Propionyl-N-methyl-N-isopropyllysergamide)<\/strong> er en <strong data-start=\"3876\" data-end=\"3920\">onderzoeksverbinding van hoge zuiverheid<\/strong>, ontwikkeld voor <strong data-start=\"3938\" data-end=\"3991\">neurowetenschappelijk en farmacologisch onderzoek<\/strong>. 1p-mipla<\/p>\n<p data-start=\"3996\" data-end=\"4334\">Als <strong data-start=\"4000\" data-end=\"4060\">structurele analogon van LSD (Lyserginezuurdiethylamide)<\/strong> og <strong data-start=\"4064\" data-end=\"4073\">MiPLA<\/strong>, bevat 1P-MiPLA een <strong data-start=\"4094\" data-end=\"4112\">propionylgroep<\/strong> aan de indoolstikstof. Deze kleine structurele wijziging maakt de verbinding bijzonder interessant voor <strong data-start=\"4217\" data-end=\"4257\">onderzoek naar serotonine-receptoren<\/strong> og <strong data-start=\"4261\" data-end=\"4303\">structure-activity relationships (SAR)<\/strong> binnen de lysergamideklasse.<\/p>\n<p data-start=\"4336\" data-end=\"4491\">Elke batch wordt onder strikte laboratoriumomstandigheden geproduceerd om <strong data-start=\"4410\" data-end=\"4474\">stabiliteit, reproduceerbaarheid en chemische nauwkeurigheid<\/strong> te garanderen.<\/p>\n<blockquote data-start=\"4493\" data-end=\"4644\">\n<p data-start=\"4495\" data-end=\"4644\">\u26a0\ufe0f <strong data-start=\"4498\" data-end=\"4509\">Bem\u00e6rk:<\/strong> Dette produkt er <strong data-start=\"4525\" data-end=\"4580\">udelukkende beregnet til videnskabelig forskning<\/strong> og <strong data-start=\"4584\" data-end=\"4641\">ikke egnet til menneske- eller dyrefoder<\/strong>.<\/p>\n<\/blockquote>\n<hr data-start=\"4646\" data-end=\"4649\" \/>\n<h3 data-start=\"4651\" data-end=\"4682\"><strong data-start=\"4655\" data-end=\"4682\">Vigtige funktioner<\/strong><\/h3>\n<ul data-start=\"4683\" data-end=\"5079\">\n<li data-start=\"4683\" data-end=\"4768\">\n<p data-start=\"4685\" data-end=\"4768\"><strong data-start=\"4685\" data-end=\"4711\">H\u00f8j renhed (\u226599%)<\/strong> \u2013 Laboratoriumgetest voor identiteit en samenstelling.<\/p>\n<\/li>\n<li data-start=\"4769\" data-end=\"4866\">\n<p data-start=\"4771\" data-end=\"4866\"><strong data-start=\"4771\" data-end=\"4810\">Farmacologische Onderzoeksstandaard<\/strong> \u2013 Geschikt voor receptor- en neurochemisch onderzoek. 1p-mipla<\/p>\n<\/li>\n<li data-start=\"4867\" data-end=\"4939\">\n<p data-start=\"4869\" data-end=\"4939\"><strong data-start=\"4869\" data-end=\"4893\">Stabiele Formulering<\/strong> \u2013 Verhoogt houdbaarheid en betrouwbaarheid.<\/p>\n<\/li>\n<li data-start=\"4940\" data-end=\"5012\">\n<p data-start=\"4942\" data-end=\"5012\"><strong data-start=\"4942\" data-end=\"4967\">GMP-achtige Productie<\/strong> \u2013 Gegarandeerde kwaliteit en consistentie.<\/p>\n<\/li>\n<li data-start=\"5013\" data-end=\"5079\">\n<p data-start=\"5015\" data-end=\"5079\"><strong data-start=\"5015\" data-end=\"5037\">Veilige Verpakking<\/strong> \u2013 Luchtdicht en vochtbestendig verpakt.<\/p>\n<\/li>\n<\/ul>\n<hr data-start=\"5081\" data-end=\"5084\" \/>\n<h3 data-start=\"5086\" data-end=\"5103\"><strong data-start=\"5090\" data-end=\"5103\">Fordele<\/strong><\/h3>\n<ul data-start=\"5104\" data-end=\"5376\">\n<li data-start=\"5104\" data-end=\"5185\">\n<p data-start=\"5106\" data-end=\"5185\">Ondersteunt <strong data-start=\"5118\" data-end=\"5182\">onderzoek naar serotonine-receptoren en lysergamide-analogen<\/strong>.<\/p>\n<\/li>\n<li data-start=\"5186\" data-end=\"5257\">\n<p data-start=\"5188\" data-end=\"5257\">Zorgt voor <strong data-start=\"5199\" data-end=\"5254\">betrouwbare en reproduceerbare onderzoeksresultaten<\/strong>.<\/p>\n<\/li>\n<li data-start=\"5258\" data-end=\"5320\">\n<p data-start=\"5260\" data-end=\"5320\"><strong data-start=\"5260\" data-end=\"5286\">Verbeterde stabiliteit<\/strong> voor veilige opslag en gebruik.<\/p>\n<\/li>\n<li data-start=\"5321\" data-end=\"5376\">\n<p data-start=\"5323\" data-end=\"5376\">Ideel til <strong data-start=\"5335\" data-end=\"5373\">academisch en analytisch onderzoek<\/strong>.<\/p>\n<\/li>\n<\/ul>\n<hr data-start=\"5378\" data-end=\"5381\" \/>\n<h3 data-start=\"5383\" data-end=\"5398\"><strong data-start=\"5387\" data-end=\"5398\">Brug<\/strong><\/h3>\n<ul data-start=\"5399\" data-end=\"5670\">\n<li data-start=\"5399\" data-end=\"5469\">\n<p data-start=\"5401\" data-end=\"5469\">Alleen te gebruiken door <strong data-start=\"5426\" data-end=\"5466\">gekwalificeerd laboratoriumpersoneel<\/strong>.<\/p>\n<\/li>\n<li data-start=\"5470\" data-end=\"5546\">\n<p data-start=\"5472\" data-end=\"5546\">Gebruik geschikte <strong data-start=\"5490\" data-end=\"5514\">beschermingsmiddelen<\/strong> (handschoenen, bril, labjas).<\/p>\n<\/li>\n<li data-start=\"5547\" data-end=\"5611\">\n<p data-start=\"5549\" data-end=\"5611\">Bewaren op een <strong data-start=\"5564\" data-end=\"5598\">k\u00f8ligt, t\u00f8rt og m\u00f8rkt sted<\/strong> (15\u201325\u00b0C).<\/p>\n<\/li>\n<li data-start=\"5612\" data-end=\"5670\">\n<p data-start=\"5614\" data-end=\"5670\">Ikke egnet til indtagelse af mennesker eller dyr.<\/p>\n<\/li>\n<\/ul>\n<hr data-start=\"5672\" data-end=\"5675\" \/>\n<h3 data-start=\"5677\" data-end=\"5712\"><strong data-start=\"5681\" data-end=\"5712\">Ofte stillede sp\u00f8rgsm\u00e5l (FAQ)<\/strong><\/h3>\n<p data-start=\"5714\" data-end=\"5885\"><strong data-start=\"5714\" data-end=\"5754\">1. Waarvoor wordt 1P-MiPLA gebruikt?<\/strong><br data-start=\"5754\" data-end=\"5757\" \/>1P-MiPLA wordt gebruikt voor <strong data-start=\"5786\" data-end=\"5831\">farmacologisch en neurochemisch onderzoek<\/strong> naar lysergamide-analogen en serotonine-receptoren.<\/p>\n<p data-start=\"5887\" data-end=\"6058\"><strong data-start=\"5887\" data-end=\"5936\">2. Is 1P-MiPLA veilig voor menselijk gebruik?<\/strong><br data-start=\"5936\" data-end=\"5939\" \/>Nej. Dette produkt er <strong data-start=\"5959\" data-end=\"6008\">kun beregnet til forskningsform\u00e5l<\/strong> en niet goedgekeurd voor menselijke consumptie.<\/p>\n<p data-start=\"6060\" data-end=\"6214\"><strong data-start=\"6060\" data-end=\"6100\">3. Hoe moet 1P-MiPLA worden bewaard?<\/strong><br data-start=\"6100\" data-end=\"6103\" \/>Bewaren in een <strong data-start=\"6118\" data-end=\"6148\">goed afgesloten verpakking<\/strong> bij kamertemperatuur (15\u201325\u00b0C), beschermd tegen licht en vocht.<\/p>","protected":false},"excerpt":{"rendered":"<h3><span dir=\"auto\" style=\"vertical-align: inherit;\"><span dir=\"auto\" style=\"vertical-align: inherit;\">1P-MiPLA L-tartrate properties<\/span><\/span><\/h3>\n<p><strong><span style=\"vertical-align: inherit;\"><span style=\"vertical-align: inherit;\"><span dir=\"auto\" style=\"vertical-align: inherit;\"><span dir=\"auto\" style=\"vertical-align: inherit;\">Synonym:<\/span><\/span><\/span><\/span><\/strong><span style=\"vertical-align: inherit;\"><span style=\"vertical-align: inherit;\"><span dir=\"auto\" style=\"vertical-align: inherit;\"><span dir=\"auto\" style=\"vertical-align: inherit;\"> 1-propionyl-methylisopropyl-sergamide hemi-L-tartrate <\/span><\/span><\/span><\/span><br \/>\n<strong><span style=\"vertical-align: inherit;\"><span style=\"vertical-align: inherit;\"><span dir=\"auto\" style=\"vertical-align: inherit;\"><span dir=\"auto\" style=\"vertical-align: inherit;\">CAS Number:<\/span><\/span><\/span><\/span><\/strong><span style=\"vertical-align: inherit;\"><span style=\"vertical-align: inherit;\"><span dir=\"auto\" style=\"vertical-align: inherit;\"><span dir=\"auto\" style=\"vertical-align: inherit;\"> n\/a <\/span><\/span><\/span><\/span><br \/>\n<strong><span style=\"vertical-align: inherit;\"><span style=\"vertical-align: inherit;\"><span dir=\"auto\" style=\"vertical-align: inherit;\"><span dir=\"auto\" style=\"vertical-align: inherit;\">Formula:<\/span><\/span><\/span><\/span><\/strong><span style=\"vertical-align: inherit;\"><span style=\"vertical-align: inherit;\"><span dir=\"auto\" style=\"vertical-align: inherit;\"><span dir=\"auto\" style=\"vertical-align: inherit;\"> (8\u03b2)-1-propionyl-N-isopropyl-N,6-dimethyl-9,10-didehydroergoline-8-carboxamide hemi-L-tartrate <\/span><\/span><\/span><\/span><br \/>\n<strong><span style=\"vertical-align: inherit;\"><span style=\"vertical-align: inherit;\"><span dir=\"auto\" style=\"vertical-align: inherit;\"><span dir=\"auto\" style=\"vertical-align: inherit;\">Molar Mass:<\/span><\/span><\/span><\/span><\/strong><span style=\"vertical-align: inherit;\"><span style=\"vertical-align: inherit;\"><span dir=\"auto\" style=\"vertical-align: inherit;\"><span dir=\"auto\" style=\"vertical-align: inherit;\"> 454.5 g\/mol <\/span><\/span><\/span><\/span><br \/>\n<strong><span style=\"vertical-align: inherit;\"><span style=\"vertical-align: inherit;\"><span dir=\"auto\" style=\"vertical-align: inherit;\"><span dir=\"auto\" style=\"vertical-align: inherit;\">Purity:<\/span><\/span><\/span><\/span><\/strong><span style=\"vertical-align: inherit;\"><span style=\"vertical-align: inherit;\"><span dir=\"auto\" style=\"vertical-align: inherit;\"><span dir=\"auto\" style=\"vertical-align: inherit;\"> &gt;97%<\/span><\/span><\/span><\/span><\/p>","protected":false},"featured_media":20156,"comment_status":"closed","ping_status":"closed","template":"","meta":[],"product_brand":[],"product_cat":[306,102],"product_tag":[307,308,78],"class_list":{"0":"post-18353","1":"product","2":"type-product","3":"status-publish","4":"has-post-thumbnail","6":"product_cat-1p-mipla","7":"product_cat-lysergamides","8":"product_tag-1p-mipla","9":"product_tag-1p-mipla-kopen","10":"product_tag-nl","12":"first","13":"instock","14":"shipping-taxable","15":"purchasable","16":"product-type-variable"},"_links":{"self":[{"href":"https:\/\/researchchemicalsweb.com\/da\/wp-json\/wp\/v2\/product\/18353","targetHints":{"allow":["GET"]}}],"collection":[{"href":"https:\/\/researchchemicalsweb.com\/da\/wp-json\/wp\/v2\/product"}],"about":[{"href":"https:\/\/researchchemicalsweb.com\/da\/wp-json\/wp\/v2\/types\/product"}],"replies":[{"embeddable":true,"href":"https:\/\/researchchemicalsweb.com\/da\/wp-json\/wp\/v2\/comments?post=18353"}],"version-history":[{"count":1,"href":"https:\/\/researchchemicalsweb.com\/da\/wp-json\/wp\/v2\/product\/18353\/revisions"}],"predecessor-version":[{"id":18411,"href":"https:\/\/researchchemicalsweb.com\/da\/wp-json\/wp\/v2\/product\/18353\/revisions\/18411"}],"wp:featuredmedia":[{"embeddable":true,"href":"https:\/\/researchchemicalsweb.com\/da\/wp-json\/wp\/v2\/media\/20156"}],"wp:attachment":[{"href":"https:\/\/researchchemicalsweb.com\/da\/wp-json\/wp\/v2\/media?parent=18353"}],"wp:term":[{"taxonomy":"product_brand","embeddable":true,"href":"https:\/\/researchchemicalsweb.com\/da\/wp-json\/wp\/v2\/product_brand?post=18353"},{"taxonomy":"product_cat","embeddable":true,"href":"https:\/\/researchchemicalsweb.com\/da\/wp-json\/wp\/v2\/product_cat?post=18353"},{"taxonomy":"product_tag","embeddable":true,"href":"https:\/\/researchchemicalsweb.com\/da\/wp-json\/wp\/v2\/product_tag?post=18353"}],"curies":[{"name":"wp","href":"https:\/\/api.w.org\/{rel}","templated":true}]}}