{"id":18009,"date":"2025-12-16T20:27:38","date_gmt":"2025-12-16T20:27:38","guid":{"rendered":"https:\/\/researchchemicalsweb.com\/?post_type=product&#038;p=18009"},"modified":"2026-02-18T06:51:36","modified_gmt":"2026-02-18T06:51:36","slug":"2c-e","status":"publish","type":"product","link":"https:\/\/researchchemicalsweb.com\/da\/vare\/2c-e\/","title":{"rendered":"2C-E"},"content":{"rendered":"<h1><strong><span style=\"vertical-align: inherit;\"><span style=\"vertical-align: inherit;\"><span dir=\"auto\" style=\"vertical-align: inherit;\"><span dir=\"auto\" style=\"vertical-align: inherit;\">2C E (2,5-Dimethoxy-4-ethylphenethylamine) - kvalitativt testkemikalie<\/span><\/span><\/span><\/span><\/strong><\/h1>\n<p data-start=\"7110\" data-end=\"7499\"><strong data-start=\"7110\" data-end=\"7118\">2C-E<\/strong>, eller <strong data-start=\"7123\" data-end=\"7161\">2,5-Dimethoxy-4-ethylphenethylamin<\/strong>, er en <strong data-start=\"7170\" data-end=\"7206\">syntetisk psykedelisk<\/strong> fra <strong data-start=\"7214\" data-end=\"7245\">2C-serien af phenethylaminer<\/strong>.<br data-start=\"7246\" data-end=\"7249\" \/>Det blev f\u00f8rst syntetiseret af <strong data-start=\"7294\" data-end=\"7319\">Dr. Alexander Shulgin<\/strong> og er i \u00f8jeblikket ved at blive unders\u00f8gt inden for <strong data-start=\"7360\" data-end=\"7406\">retsmedicinske og farmakologiske laboratorier<\/strong>.<br data-start=\"7407\" data-end=\"7410\" \/>2C-E har <strong data-start=\"7421\" data-end=\"7449\">ingen medicinsk brug<\/strong> og falder ind under <strong data-start=\"7464\" data-end=\"7498\">lovgivning om psykoaktive stoffer<\/strong>.<\/p>\n<h2 data-start=\"7506\" data-end=\"7553\"><strong data-start=\"7509\" data-end=\"7553\">Kemisk og farmakologisk baggrund<\/strong><\/h2>\n<p data-start=\"7555\" data-end=\"7580\"><strong data-start=\"7555\" data-end=\"7580\">Vigtige data:<\/strong><\/p>\n<ul data-start=\"7581\" data-end=\"7856\">\n<li data-start=\"7581\" data-end=\"7644\">\n<p data-start=\"7583\" data-end=\"7644\"><strong data-start=\"7583\" data-end=\"7598\">IUPAC-navn:<\/strong> 2-(4-ethyl-2,5-dimethoxyphenyl)ethan-1-amin<\/p>\n<\/li>\n<li data-start=\"7645\" data-end=\"7679\">\n<p data-start=\"7647\" data-end=\"7679\"><strong data-start=\"7647\" data-end=\"7667\">Molekyl\u00e6r formel:<\/strong> C12H19NO2<\/p>\n<\/li>\n<li data-start=\"7680\" data-end=\"7716\">\n<p data-start=\"7682\" data-end=\"7716\"><strong data-start=\"7682\" data-end=\"7700\">Molekyl\u00e6r masse:<\/strong> \u00b1209,29 g\/mol<\/p>\n<\/li>\n<li data-start=\"7717\" data-end=\"7773\">\n<p data-start=\"7719\" data-end=\"7773\"><strong data-start=\"7719\" data-end=\"7740\">Kemisk klasse:<\/strong> Substituerede phenethylaminer<\/p>\n<\/li>\n<li data-start=\"7774\" data-end=\"7856\">\n<p data-start=\"7776\" data-end=\"7856\"><strong data-start=\"7776\" data-end=\"7796\">Receptorens funktion:<\/strong> Serotonin 5-HT<sub>2A<\/sub> agonist (forskningssammenh\u00e6ng).<\/p>\n<\/li>\n<\/ul>\n<p data-start=\"7858\" data-end=\"8026\">Den <strong data-start=\"7861\" data-end=\"7889\">methoxy- og ethylgrupper<\/strong> p\u00e5virke <strong data-start=\"7905\" data-end=\"7924\">receptorbinding<\/strong> og <strong data-start=\"7928\" data-end=\"7957\">Neurokemisk aktivitet<\/strong>, hvilket g\u00f8r 2C-E interessant for <strong data-start=\"7993\" data-end=\"8025\">struktur-aktivitet-forskning<\/strong>.<\/p>\n<h2 data-start=\"8033\" data-end=\"8060\"><strong data-start=\"8036\" data-end=\"8060\">Forskningsform\u00e5l<\/strong><\/h2>\n<p data-start=\"8062\" data-end=\"8089\">2C-E er ved at blive unders\u00f8gt for:<\/p>\n<ul data-start=\"8090\" data-end=\"8357\">\n<li data-start=\"8090\" data-end=\"8149\">\n<p data-start=\"8092\" data-end=\"8149\"><strong data-start=\"8092\" data-end=\"8116\">Analytisk detektion<\/strong> via GC-MS, LC-MS, FTIR og NMR.<\/p>\n<\/li>\n<li data-start=\"8150\" data-end=\"8214\">\n<p data-start=\"8152\" data-end=\"8214\"><strong data-start=\"8152\" data-end=\"8181\">Retsmedicinsk identifikation<\/strong> i beslaglagte pr\u00f8ver.<\/p>\n<\/li>\n<li data-start=\"8215\" data-end=\"8284\">\n<p data-start=\"8217\" data-end=\"8284\"><strong data-start=\"8217\" data-end=\"8245\">Farmakologisk forskning<\/strong> til serotonerg receptoraktivitet.<\/p>\n<\/li>\n<li data-start=\"8285\" data-end=\"8357\">\n<p data-start=\"8287\" data-end=\"8357\"><strong data-start=\"8287\" data-end=\"8316\">Unders\u00f8gelse af folkesundheden<\/strong> inden for advarselssystemer til NPS.<\/p>\n<\/li>\n<\/ul>\n<h2 data-start=\"8364\" data-end=\"8408\"><strong data-start=\"8367\" data-end=\"8408\">Sikkerhed og juridiske overvejelser<\/strong><\/h2>\n<p data-start=\"8410\" data-end=\"8427\"><strong data-start=\"8410\" data-end=\"8425\">Sikkerhed:<\/strong><\/p>\n<ul data-start=\"8428\" data-end=\"8616\">\n<li data-start=\"8428\" data-end=\"8514\">\n<p data-start=\"8430\" data-end=\"8514\">H\u00e5ndteres kun af <strong data-start=\"8451\" data-end=\"8483\">kvalificerede forskere<\/strong> p\u00e5 <strong data-start=\"8487\" data-end=\"8511\">autoriserede laboratorier<\/strong>.<\/p>\n<\/li>\n<li data-start=\"8515\" data-end=\"8574\">\n<p data-start=\"8517\" data-end=\"8574\">Brug <strong data-start=\"8525\" data-end=\"8571\">Beskyttelsest\u00f8j, handsker og beskyttelsesbriller<\/strong>.<\/p>\n<\/li>\n<li data-start=\"8575\" data-end=\"8616\">\n<p data-start=\"8577\" data-end=\"8616\">Undg\u00e5 kontakt, ind\u00e5nding eller indtagelse.<\/p>\n<\/li>\n<\/ul>\n<p data-start=\"8618\" data-end=\"8815\"><strong data-start=\"8618\" data-end=\"8640\">Juridisk status:<\/strong><br data-start=\"8640\" data-end=\"8643\" \/>2C-E er i de fleste lande <strong data-start=\"8671\" data-end=\"8698\">Forbudt eller reguleret<\/strong> blandt <strong data-start=\"8708\" data-end=\"8720\">Opium-lov<\/strong> eller <strong data-start=\"8724\" data-end=\"8758\">lovgivning om psykoaktive stoffer<\/strong>.<br data-start=\"8759\" data-end=\"8762\" \/>Brug uden for forskningsform\u00e5l er <strong data-start=\"8801\" data-end=\"8814\">strafbar<\/strong>.<\/p>\n<h2 data-start=\"8822\" data-end=\"8856\"><strong data-start=\"8825\" data-end=\"8856\">Ofte stillede sp\u00f8rgsm\u00e5l (FAQ)<\/strong><\/h2>\n<h3 data-start=\"8858\" data-end=\"8900\"><strong data-start=\"8862\" data-end=\"8900\">1. Hvad unders\u00f8ges 2C-E for?<\/strong><\/h3>\n<p data-start=\"8901\" data-end=\"8992\">For <strong data-start=\"8906\" data-end=\"8960\">retsmedicinsk, analytisk og farmakologisk forskning<\/strong> til phenethylaminforbindelser.<\/p>\n<h3 data-start=\"8994\" data-end=\"9020\"><strong data-start=\"8998\" data-end=\"9020\">2. Er 2C-E lovlig?<\/strong><\/h3>\n<p data-start=\"9021\" data-end=\"9073\">Nej, 2C-E er verdensomsp\u00e6ndende <strong data-start=\"9045\" data-end=\"9072\">reguleret eller forbudt<\/strong>.<\/p>\n<h3 data-start=\"9075\" data-end=\"9125\"><strong data-start=\"9079\" data-end=\"9125\">3. Hvordan skal 2C-E h\u00e5ndteres sikkert?<\/strong><\/h3>\n<p data-start=\"9126\" data-end=\"9224\">Kun af <strong data-start=\"9138\" data-end=\"9168\">professionelle forskere<\/strong> under <strong data-start=\"9175\" data-end=\"9223\">strenge sikkerheds- og overholdelsesbetingelser<\/strong>.<\/p>\n<h2><strong><span style=\"vertical-align: inherit;\"><span style=\"vertical-align: inherit;\"><span dir=\"auto\" style=\"vertical-align: inherit;\"><span dir=\"auto\" style=\"vertical-align: inherit;\">Egenskaber ved vores 2C-E<\/span><\/span><\/span><\/span><\/strong><\/h2>\n<ul>\n<li><strong><span style=\"vertical-align: inherit;\"><span style=\"vertical-align: inherit;\"><span dir=\"auto\" style=\"vertical-align: inherit;\"><span dir=\"auto\" style=\"vertical-align: inherit;\">H\u00f8j renhed<\/span><\/span><\/span><\/span><\/strong><span style=\"vertical-align: inherit;\"><span style=\"vertical-align: inherit;\"><span dir=\"auto\" style=\"vertical-align: inherit;\"><span dir=\"auto\" style=\"vertical-align: inherit;\"> Produceret under kontrollerede laboratorieforhold<\/span><\/span><\/span><\/span><\/li>\n<li><strong><span style=\"vertical-align: inherit;\"><span style=\"vertical-align: inherit;\"><span dir=\"auto\" style=\"vertical-align: inherit;\"><span dir=\"auto\" style=\"vertical-align: inherit;\">Pr\u00e6cis sammens\u00e6tning<\/span><\/span><\/span><\/span><\/strong><span style=\"vertical-align: inherit;\"><span style=\"vertical-align: inherit;\"><span dir=\"auto\" style=\"vertical-align: inherit;\"><span dir=\"auto\" style=\"vertical-align: inherit;\"> Hvert produkt opfylder strenge kvalitetskrav<\/span><\/span><\/span><\/span><\/li>\n<li><strong><span style=\"vertical-align: inherit;\"><span style=\"vertical-align: inherit;\"><span dir=\"auto\" style=\"vertical-align: inherit;\"><span dir=\"auto\" style=\"vertical-align: inherit;\">Stabil form<\/span><\/span><\/span><\/span><\/strong><span style=\"vertical-align: inherit;\"><span style=\"vertical-align: inherit;\"><span dir=\"auto\" style=\"vertical-align: inherit;\"><span dir=\"auto\" style=\"vertical-align: inherit;\"> Optimal holdbarhed ved korrekt opbevaring<\/span><\/span><\/span><\/span><\/li>\n<li><strong><span style=\"vertical-align: inherit;\"><span style=\"vertical-align: inherit;\"><span dir=\"auto\" style=\"vertical-align: inherit;\"><span dir=\"auto\" style=\"vertical-align: inherit;\">Diskret indpakning<\/span><\/span><\/span><\/span><\/strong><span style=\"vertical-align: inherit;\"><span style=\"vertical-align: inherit;\"><span dir=\"auto\" style=\"vertical-align: inherit;\"><span dir=\"auto\" style=\"vertical-align: inherit;\"> : Leveres sikkert og anonymt<\/span><\/span><\/span><\/span><\/li>\n<\/ul>\n<h2><strong><span style=\"vertical-align: inherit;\"><span style=\"vertical-align: inherit;\"><span dir=\"auto\" style=\"vertical-align: inherit;\"><span dir=\"auto\" style=\"vertical-align: inherit;\">Farmakologiske egenskaber<\/span><\/span><\/span><\/span><\/strong><\/h2>\n<p><span style=\"vertical-align: inherit;\"><span style=\"vertical-align: inherit;\"><span dir=\"auto\" style=\"vertical-align: inherit;\"><span dir=\"auto\" style=\"vertical-align: inherit;\">2C E fungerer prim\u00e6rt som en <\/span><\/span><\/span><\/span><strong><span style=\"vertical-align: inherit;\"><span style=\"vertical-align: inherit;\"><span dir=\"auto\" style=\"vertical-align: inherit;\"><span dir=\"auto\" style=\"vertical-align: inherit;\">serotonin 2A-receptor-agonist<\/span><\/span><\/span><\/span><\/strong><span style=\"vertical-align: inherit;\"><span style=\"vertical-align: inherit;\"><span dir=\"auto\" style=\"vertical-align: inherit;\"><span dir=\"auto\" style=\"vertical-align: inherit;\"> med f\u00f8lgende egenskaber:<\/span><\/span><\/span><\/span><\/p>\n<ul>\n<li><span style=\"vertical-align: inherit;\"><span style=\"vertical-align: inherit;\"><span dir=\"auto\" style=\"vertical-align: inherit;\"><span dir=\"auto\" style=\"vertical-align: inherit;\">Intense visuelle effekter og forbedret sanseopfattelse<\/span><\/span><\/span><\/span><\/li>\n<li><span style=\"vertical-align: inherit;\"><span style=\"vertical-align: inherit;\"><span dir=\"auto\" style=\"vertical-align: inherit;\"><span dir=\"auto\" style=\"vertical-align: inherit;\">Dybe kognitive og f\u00f8lelsesm\u00e6ssige processer<\/span><\/span><\/span><\/span><\/li>\n<li><span style=\"vertical-align: inherit;\"><span style=\"vertical-align: inherit;\"><span dir=\"auto\" style=\"vertical-align: inherit;\"><span dir=\"auto\" style=\"vertical-align: inherit;\">Langvarig effekt (8-12 timer)<\/span><\/span><\/span><\/span><\/li>\n<li><span style=\"vertical-align: inherit;\"><span style=\"vertical-align: inherit;\"><span dir=\"auto\" style=\"vertical-align: inherit;\"><span dir=\"auto\" style=\"vertical-align: inherit;\">Dosisafh\u00e6ngig intensitet<\/span><\/span><\/span><\/span><\/li>\n<\/ul>\n<h2><strong><span style=\"vertical-align: inherit;\"><span style=\"vertical-align: inherit;\"><span dir=\"auto\" style=\"vertical-align: inherit;\"><span dir=\"auto\" style=\"vertical-align: inherit;\">Anbefalet dosis til forskning<\/span><\/span><\/span><\/span><\/strong><\/h2>\n<p><em><span style=\"vertical-align: inherit;\"><span style=\"vertical-align: inherit;\"><span dir=\"auto\" style=\"vertical-align: inherit;\"><span dir=\"auto\" style=\"vertical-align: inherit;\">Kun til videnskabelig reference:<\/span><\/span><\/span><\/span><\/em><\/p>\n<ul>\n<li><strong><span style=\"vertical-align: inherit;\"><span style=\"vertical-align: inherit;\"><span dir=\"auto\" style=\"vertical-align: inherit;\"><span dir=\"auto\" style=\"vertical-align: inherit;\">Let dosis<\/span><\/span><\/span><\/span><\/strong><span style=\"vertical-align: inherit;\"><span style=\"vertical-align: inherit;\"><span dir=\"auto\" style=\"vertical-align: inherit;\"><span dir=\"auto\" style=\"vertical-align: inherit;\"> : 8-12 mg<\/span><\/span><\/span><\/span><\/li>\n<li><strong><span style=\"vertical-align: inherit;\"><span style=\"vertical-align: inherit;\"><span dir=\"auto\" style=\"vertical-align: inherit;\"><span dir=\"auto\" style=\"vertical-align: inherit;\">Gennemsnitlig dosis<\/span><\/span><\/span><\/span><\/strong><span style=\"vertical-align: inherit;\"><span style=\"vertical-align: inherit;\"><span dir=\"auto\" style=\"vertical-align: inherit;\"><span dir=\"auto\" style=\"vertical-align: inherit;\"> : 12-18 mg<\/span><\/span><\/span><\/span><\/li>\n<li><strong><span style=\"vertical-align: inherit;\"><span style=\"vertical-align: inherit;\"><span dir=\"auto\" style=\"vertical-align: inherit;\"><span dir=\"auto\" style=\"vertical-align: inherit;\">H\u00f8j dosis<\/span><\/span><\/span><\/span><\/strong><span style=\"vertical-align: inherit;\"><span style=\"vertical-align: inherit;\"><span dir=\"auto\" style=\"vertical-align: inherit;\"><span dir=\"auto\" style=\"vertical-align: inherit;\"> : 18-25 mg (kun for erfarne forskere)<\/span><\/span><\/span><\/span><\/li>\n<\/ul>\n<h2><strong><span style=\"vertical-align: inherit;\"><span style=\"vertical-align: inherit;\"><span dir=\"auto\" style=\"vertical-align: inherit;\"><span dir=\"auto\" style=\"vertical-align: inherit;\">Retningslinjer for sikkerhed<\/span><\/span><\/span><\/span><\/strong><\/h2>\n<ul>\n<li><span style=\"vertical-align: inherit;\"><span style=\"vertical-align: inherit;\"><span dir=\"auto\" style=\"vertical-align: inherit;\"><span dir=\"auto\" style=\"vertical-align: inherit;\">M\u00e5 ikke bruges i tilf\u00e6lde af psykiatriske lidelser<\/span><\/span><\/span><\/span><\/li>\n<li><span style=\"vertical-align: inherit;\"><span style=\"vertical-align: inherit;\"><span dir=\"auto\" style=\"vertical-align: inherit;\"><span dir=\"auto\" style=\"vertical-align: inherit;\">Undg\u00e5 brug i ukendte eller usikre milj\u00f8er<\/span><\/span><\/span><\/span><\/li>\n<li><span style=\"vertical-align: inherit;\"><span style=\"vertical-align: inherit;\"><span dir=\"auto\" style=\"vertical-align: inherit;\"><span dir=\"auto\" style=\"vertical-align: inherit;\">Kombinationer med andre psykoaktive stoffer anbefales ikke<\/span><\/span><\/span><\/span><\/li>\n<li><span style=\"vertical-align: inherit;\"><span style=\"vertical-align: inherit;\"><span dir=\"auto\" style=\"vertical-align: inherit;\"><span dir=\"auto\" style=\"vertical-align: inherit;\">Opbevares ved stuetemperatur p\u00e5 et m\u00f8rkt, t\u00f8rt sted. <\/span><\/span><\/span><\/span><a title=\"Bark af iboga-rod\" href=\"https:\/\/researchchemicalsweb.com\/da\/shop\/iboga-ibogaine\/bark-af-iboga-rod\/\" target=\"_blank\" rel=\"noopener\"><span style=\"vertical-align: inherit;\"><span style=\"vertical-align: inherit;\"><span dir=\"auto\" style=\"vertical-align: inherit;\"><span dir=\"auto\" style=\"vertical-align: inherit;\">Bark af iboga-rod<\/span><\/span><\/span><\/span><\/a><\/li>\n<\/ul>\n<h2><strong><span style=\"vertical-align: inherit;\"><span style=\"vertical-align: inherit;\"><span dir=\"auto\" style=\"vertical-align: inherit;\"><span dir=\"auto\" style=\"vertical-align: inherit;\">Videnskabelige anvendelser<\/span><\/span><\/span><\/span><\/strong><\/h2>\n<p><span style=\"vertical-align: inherit;\"><span style=\"vertical-align: inherit;\"><span dir=\"auto\" style=\"vertical-align: inherit;\"><span dir=\"auto\" style=\"vertical-align: inherit;\">Dette materiale er udelukkende beregnet til:<\/span><\/span><\/span><\/span><\/p>\n<ul>\n<li><span style=\"vertical-align: inherit;\"><span style=\"vertical-align: inherit;\"><span dir=\"auto\" style=\"vertical-align: inherit;\"><span dir=\"auto\" style=\"vertical-align: inherit;\">Neuropsykologisk forskning i bevidsthedstilstande<\/span><\/span><\/span><\/span><\/li>\n<li><span style=\"vertical-align: inherit;\"><span style=\"vertical-align: inherit;\"><span dir=\"auto\" style=\"vertical-align: inherit;\"><span dir=\"auto\" style=\"vertical-align: inherit;\">Farmakologiske unders\u00f8gelser af phenethylaminer<\/span><\/span><\/span><\/span><\/li>\n<li><span style=\"vertical-align: inherit;\"><span style=\"vertical-align: inherit;\"><span dir=\"auto\" style=\"vertical-align: inherit;\"><span dir=\"auto\" style=\"vertical-align: inherit;\">Kvalitativ analyse af psykedeliske forbindelser<\/span><\/span><\/span><\/span><\/li>\n<\/ul>\n<h2><strong><span style=\"vertical-align: inherit;\"><span style=\"vertical-align: inherit;\"><span dir=\"auto\" style=\"vertical-align: inherit;\"><span dir=\"auto\" style=\"vertical-align: inherit;\">Bestil information<\/span><\/span><\/span><\/span><\/strong><\/h2>\n<p><span style=\"vertical-align: inherit;\"><span style=\"vertical-align: inherit;\"><span dir=\"auto\" style=\"vertical-align: inherit;\"><span dir=\"auto\" style=\"vertical-align: inherit;\">Vores 2C-E sendes i professionel emballage med fuld diskretion. Velegnet til avanceret videnskabelig forskning. <\/span><\/span><\/span><\/span><a title=\"O-DSMT 50 mg piller\" href=\"https:\/\/researchchemicalsweb.com\/da\/shop\/pellets\/o-dsmt-50mg-pellets\/\" target=\"_blank\" rel=\"noopener\"><span style=\"vertical-align: inherit;\"><span style=\"vertical-align: inherit;\"><span dir=\"auto\" style=\"vertical-align: inherit;\"><span dir=\"auto\" style=\"vertical-align: inherit;\">O-DSMT 50 mg piller<\/span><\/span><\/span><\/span><\/a><\/p>\n<p><a href=\"https:\/\/researchchemicalsweb.com\/da\/vare\/iboga-ta\/\">Iboga TA<\/a><a href=\"https:\/\/researchchemicalsweb.com\/da\/vare\/ibogaine-hcl\/\">Ibogain HCL<\/a><a href=\"https:\/\/researchchemicalsweb.com\/da\/vare\/iboga-capsules\/\">Iboga-kapsler<\/a><a href=\"https:\/\/researchchemicalsweb.com\/da\/vare\/jjc8-089\/\">JJC8-089<\/a><a href=\"https:\/\/researchchemicalsweb.com\/da\/vare\/benzocaine-powder-%e2%89%a599-0\/\">Benzokain pulver \u226599.0%<\/a><\/p>","protected":false},"excerpt":{"rendered":"<h2><span style=\"vertical-align: inherit;\"><span style=\"vertical-align: inherit;\"><span dir=\"auto\" style=\"vertical-align: inherit;\"><span dir=\"auto\" style=\"vertical-align: inherit;\">2C-E properties<\/span><\/span><\/span><\/span><\/h2>\n<p><strong><span style=\"vertical-align: inherit;\"><span style=\"vertical-align: inherit;\"><span dir=\"auto\" style=\"vertical-align: inherit;\"><span dir=\"auto\" style=\"vertical-align: inherit;\">Synonyms<\/span><\/span><\/span><\/span><\/strong><span style=\"vertical-align: inherit;\"><span style=\"vertical-align: inherit;\"><span dir=\"auto\" style=\"vertical-align: inherit;\"><span dir=\"auto\" style=\"vertical-align: inherit;\"> : 2,5-dimethoxy-4-ethylphenethylamine, monohydrochloride <\/span><\/span><\/span><\/span><br \/>\n<strong><span style=\"vertical-align: inherit;\"><span style=\"vertical-align: inherit;\"><span dir=\"auto\" style=\"vertical-align: inherit;\"><span dir=\"auto\" style=\"vertical-align: inherit;\">CAS Number<\/span><\/span><\/span><\/span><\/strong><span style=\"vertical-align: inherit;\"><span style=\"vertical-align: inherit;\"><span dir=\"auto\" style=\"vertical-align: inherit;\"><span dir=\"auto\" style=\"vertical-align: inherit;\"> : 923013-67-6 <\/span><\/span><\/span><\/span><br \/>\n<strong><span style=\"vertical-align: inherit;\"><span style=\"vertical-align: inherit;\"><span dir=\"auto\" style=\"vertical-align: inherit;\"><span dir=\"auto\" style=\"vertical-align: inherit;\">Formula<\/span><\/span><\/span><\/span><\/strong><span style=\"vertical-align: inherit;\"><span style=\"vertical-align: inherit;\"><span dir=\"auto\" style=\"vertical-align: inherit;\"><span dir=\"auto\" style=\"vertical-align: inherit;\"> : C12H19NO2 \u2022 HCL <\/span><\/span><\/span><\/span><br \/>\n<strong><span style=\"vertical-align: inherit;\"><span style=\"vertical-align: inherit;\"><span dir=\"auto\" style=\"vertical-align: inherit;\"><span dir=\"auto\" style=\"vertical-align: inherit;\">Molar mass<\/span><\/span><\/span><\/span><\/strong><span style=\"vertical-align: inherit;\"><span style=\"vertical-align: inherit;\"><span dir=\"auto\" style=\"vertical-align: inherit;\"><span dir=\"auto\" style=\"vertical-align: inherit;\"> : 245.7 g\/mol <\/span><\/span><\/span><\/span><br \/>\n<strong><span style=\"vertical-align: inherit;\"><span style=\"vertical-align: inherit;\"><span dir=\"auto\" style=\"vertical-align: inherit;\"><span dir=\"auto\" style=\"vertical-align: inherit;\">Purity<\/span><\/span><\/span><\/span><\/strong><span style=\"vertical-align: inherit;\"><span style=\"vertical-align: inherit;\"><span dir=\"auto\" style=\"vertical-align: inherit;\"><span dir=\"auto\" style=\"vertical-align: inherit;\"> : \u226599%<\/span><\/span><\/span><\/span><\/p>","protected":false},"featured_media":20172,"comment_status":"closed","ping_status":"closed","template":"","meta":[],"product_brand":[79],"product_cat":[72,73,74],"product_tag":[75,76,77,78],"class_list":{"0":"post-18009","1":"product","2":"type-product","3":"status-publish","4":"has-post-thumbnail","6":"product_brand-research-chemical","7":"product_cat-2c-e","8":"product_cat-bijna-verboden","9":"product_cat-fenethylamine","10":"product_tag-2c-e","11":"product_tag-2c-e-kopen","12":"product_tag-2ce","13":"product_tag-nl","15":"first","16":"instock","17":"shipping-taxable","18":"purchasable","19":"product-type-variable"},"_links":{"self":[{"href":"https:\/\/researchchemicalsweb.com\/da\/wp-json\/wp\/v2\/product\/18009","targetHints":{"allow":["GET"]}}],"collection":[{"href":"https:\/\/researchchemicalsweb.com\/da\/wp-json\/wp\/v2\/product"}],"about":[{"href":"https:\/\/researchchemicalsweb.com\/da\/wp-json\/wp\/v2\/types\/product"}],"replies":[{"embeddable":true,"href":"https:\/\/researchchemicalsweb.com\/da\/wp-json\/wp\/v2\/comments?post=18009"}],"version-history":[{"count":3,"href":"https:\/\/researchchemicalsweb.com\/da\/wp-json\/wp\/v2\/product\/18009\/revisions"}],"predecessor-version":[{"id":20132,"href":"https:\/\/researchchemicalsweb.com\/da\/wp-json\/wp\/v2\/product\/18009\/revisions\/20132"}],"wp:featuredmedia":[{"embeddable":true,"href":"https:\/\/researchchemicalsweb.com\/da\/wp-json\/wp\/v2\/media\/20172"}],"wp:attachment":[{"href":"https:\/\/researchchemicalsweb.com\/da\/wp-json\/wp\/v2\/media?parent=18009"}],"wp:term":[{"taxonomy":"product_brand","embeddable":true,"href":"https:\/\/researchchemicalsweb.com\/da\/wp-json\/wp\/v2\/product_brand?post=18009"},{"taxonomy":"product_cat","embeddable":true,"href":"https:\/\/researchchemicalsweb.com\/da\/wp-json\/wp\/v2\/product_cat?post=18009"},{"taxonomy":"product_tag","embeddable":true,"href":"https:\/\/researchchemicalsweb.com\/da\/wp-json\/wp\/v2\/product_tag?post=18009"}],"curies":[{"name":"wp","href":"https:\/\/api.w.org\/{rel}","templated":true}]}}