{"id":18977,"date":"2025-12-16T20:52:58","date_gmt":"2025-12-16T20:52:58","guid":{"rendered":"https:\/\/researchchemicalsweb.com\/?post_type=product&#038;p=18977"},"modified":"2026-02-17T14:23:51","modified_gmt":"2026-02-17T14:23:51","slug":"pagoclone-2","status":"publish","type":"product","link":"https:\/\/researchchemicalsweb.com\/cs\/produkt\/pagoclone-2\/","title":{"rendered":"Pagoclone 10 MG pelety"},"content":{"rendered":"<h3 data-start=\"5961\" data-end=\"5980\"><strong data-start=\"5965\" data-end=\"5980\">\u00davod<\/strong><\/h3>\n<p data-start=\"5982\" data-end=\"6257\"><strong data-start=\"5982\" data-end=\"6008\">Pagoclone 10mg Pellets<\/strong> zijn <strong data-start=\"6014\" data-end=\"6061\">onderzoeksstoffen van laboratoriumkwaliteit<\/strong>, uitsluitend bedoeld voor <strong data-start=\"6088\" data-end=\"6132\">wetenschappelijk en analytisch onderzoek<\/strong>. Elke pellet bevat <strong data-start=\"6152\" data-end=\"6178\">10 milligram Pagoclone<\/strong>, zorgvuldig geformuleerd voor <strong data-start=\"6209\" data-end=\"6254\">nauwkeurigheid, zuiverheid en stabiliteit<\/strong>. Pagoclone pellets<\/p>\n<p data-start=\"6259\" data-end=\"6460\">De pellets worden geproduceerd onder <strong data-start=\"6296\" data-end=\"6341\">gecontroleerde laboratoriumomstandigheden<\/strong> en zijn ideaal voor onderzoekers die <strong data-start=\"6379\" data-end=\"6446\">GABA-analogen, farmacologische eigenschappen of receptorbinding<\/strong> bestuderen.<\/p>\n<blockquote data-start=\"6462\" data-end=\"6600\">\n<p data-start=\"6464\" data-end=\"6600\">\u26a0\ufe0f <strong data-start=\"6467\" data-end=\"6478\">Pozn\u00e1mka:<\/strong> Dit product is uitsluitend bedoeld voor <strong data-start=\"6519\" data-end=\"6544\">laboratorn\u00ed v\u00fdzkum<\/strong>. Niet geschikt voor menselijke of dierlijke consumptie.<\/p>\n<\/blockquote>\n<hr data-start=\"6602\" data-end=\"6605\" \/>\n<h3 data-start=\"6607\" data-end=\"6638\"><strong data-start=\"6611\" data-end=\"6638\">Kl\u00ed\u010dov\u00e9 vlastnosti<\/strong><\/h3>\n<ul data-start=\"6640\" data-end=\"7077\">\n<li data-start=\"6640\" data-end=\"6698\">\n<p data-start=\"6642\" data-end=\"6698\"><strong data-start=\"6642\" data-end=\"6662\">Exacte dosering:<\/strong> Elke pellet bevat 10mg Pagoclone.<\/p>\n<\/li>\n<li data-start=\"6699\" data-end=\"6751\">\n<p data-start=\"6701\" data-end=\"6751\"><strong data-start=\"6701\" data-end=\"6721\">Hoge zuiverheid:<\/strong> \u226599% analytische kwaliteit.<\/p>\n<\/li>\n<li data-start=\"6752\" data-end=\"6827\">\n<p data-start=\"6754\" data-end=\"6827\"><strong data-start=\"6754\" data-end=\"6781\">Stabiel en betrouwbaar:<\/strong> Geschikt voor langdurige opslag en gebruik.<\/p>\n<\/li>\n<li data-start=\"6828\" data-end=\"6916\">\n<p data-start=\"6830\" data-end=\"6916\"><strong data-start=\"6830\" data-end=\"6858\">Gemakkelijk te hanteren:<\/strong> Pelletvorm beperkt risico op besmetting of verspilling.<\/p>\n<\/li>\n<li data-start=\"6917\" data-end=\"6994\">\n<p data-start=\"6919\" data-end=\"6994\"><strong data-start=\"6919\" data-end=\"6936\">Batch-getest:<\/strong> Elke partij wordt getest op zuiverheid en consistentie.<\/p>\n<\/li>\n<li data-start=\"6995\" data-end=\"7077\">\n<p data-start=\"6997\" data-end=\"7077\"><strong data-start=\"6997\" data-end=\"7020\">Veilige verpakking:<\/strong> Verzegeld en vochtbestendig voor maximale integriteit. Pagoclone pellets<\/p>\n<\/li>\n<\/ul>\n<hr data-start=\"7079\" data-end=\"7082\" \/>\n<h3 data-start=\"7084\" data-end=\"7101\"><strong data-start=\"7088\" data-end=\"7101\">V\u00fdhody<\/strong><\/h3>\n<ol data-start=\"7103\" data-end=\"7481\">\n<li data-start=\"7103\" data-end=\"7184\">\n<p data-start=\"7106\" data-end=\"7184\"><strong data-start=\"7106\" data-end=\"7143\">Betrouwbare onderzoeksresultaten:<\/strong> Consistente data bij herhaald gebruik.<\/p>\n<\/li>\n<li data-start=\"7185\" data-end=\"7257\">\n<p data-start=\"7188\" data-end=\"7257\"><strong data-start=\"7188\" data-end=\"7211\">Veilige verwerking:<\/strong> Minder blootstelling dankzij pelletformaat.<\/p>\n<\/li>\n<li data-start=\"7258\" data-end=\"7352\">\n<p data-start=\"7261\" data-end=\"7352\"><strong data-start=\"7261\" data-end=\"7297\">Ideaal voor analytische studies:<\/strong> Geschikt voor farmacologische en chemische analyses.<\/p>\n<\/li>\n<li data-start=\"7353\" data-end=\"7415\">\n<p data-start=\"7356\" data-end=\"7415\"><strong data-start=\"7356\" data-end=\"7374\">Lang houdbaar:<\/strong> Behoudt kwaliteit bij correcte opslag.<\/p>\n<\/li>\n<li data-start=\"7416\" data-end=\"7481\">\n<p data-start=\"7419\" data-end=\"7481\"><strong data-start=\"7419\" data-end=\"7447\">Professionele kwaliteit:<\/strong> Voldoet aan laboratoriumnormen.<\/p>\n<\/li>\n<\/ol>\n<hr data-start=\"7483\" data-end=\"7486\" \/>\n<h3 data-start=\"7488\" data-end=\"7527\"><strong data-start=\"7492\" data-end=\"7527\">Gebruik (Alleen voor Onderzoek)<\/strong><\/h3>\n<ol data-start=\"7529\" data-end=\"7856\">\n<li data-start=\"7529\" data-end=\"7602\">\n<p data-start=\"7532\" data-end=\"7602\"><strong data-start=\"7532\" data-end=\"7564\">Gebruik beschermende kleding<\/strong> zoals handschoenen, bril en labjas.<\/p>\n<\/li>\n<li data-start=\"7603\" data-end=\"7686\">\n<p data-start=\"7606\" data-end=\"7686\"><strong data-start=\"7606\" data-end=\"7625\">Meet zorgvuldig<\/strong> het benodigde aantal pellets af met steriele instrumenten.<\/p>\n<\/li>\n<li data-start=\"7687\" data-end=\"7734\">\n<p data-start=\"7690\" data-end=\"7734\"><strong data-start=\"7690\" data-end=\"7700\">Noteer<\/strong> batchnummer en opslagcondities.<\/p>\n<\/li>\n<li data-start=\"7735\" data-end=\"7797\">\n<p data-start=\"7738\" data-end=\"7797\"><strong data-start=\"7738\" data-end=\"7748\">Bewaar<\/strong> de rest op een koele, droge en donkere plaats.<\/p>\n<\/li>\n<li data-start=\"7798\" data-end=\"7856\">\n<p data-start=\"7801\" data-end=\"7856\"><strong data-start=\"7801\" data-end=\"7820\">Verwijder afval<\/strong> volgens veiligheidsvoorschriften.<\/p>\n<\/li>\n<\/ol>\n<blockquote data-start=\"7858\" data-end=\"7964\">\n<p data-start=\"7860\" data-end=\"7964\">\u26a0\ufe0f <strong data-start=\"7863\" data-end=\"7908\">Niet geschikt voor menselijke consumptie.<\/strong> Alleen voor <strong data-start=\"7921\" data-end=\"7963\">wetenschappelijk en analytisch gebruik<\/strong>.<\/p>\n<\/blockquote>\n<hr data-start=\"7966\" data-end=\"7969\" \/>\n<h3 data-start=\"7971\" data-end=\"7996\"><strong data-start=\"7975\" data-end=\"7996\">Opslaginstructies<\/strong><\/h3>\n<ul data-start=\"7998\" data-end=\"8169\">\n<li data-start=\"7998\" data-end=\"8042\">\n<p data-start=\"8000\" data-end=\"8042\">Bewaar bij <strong data-start=\"8011\" data-end=\"8022\">15\u201325\u00b0C<\/strong>, droog en donker.<\/p>\n<\/li>\n<li data-start=\"8043\" data-end=\"8080\">\n<p data-start=\"8045\" data-end=\"8080\">Houd de verpakking goed gesloten.<\/p>\n<\/li>\n<li data-start=\"8081\" data-end=\"8126\">\n<p data-start=\"8083\" data-end=\"8126\">Vermijd blootstelling aan licht en vocht.<\/p>\n<\/li>\n<li data-start=\"8127\" data-end=\"8169\">\n<p data-start=\"8129\" data-end=\"8169\">Buiten bereik van onbevoegden bewaren.<\/p>\n<\/li>\n<\/ul>\n<hr data-start=\"8171\" data-end=\"8174\" \/>\n<h3 data-start=\"8176\" data-end=\"8211\"><strong data-start=\"8180\" data-end=\"8211\">Veelgestelde Vragen (FAQ\u2019s)<\/strong><\/h3>\n<p data-start=\"8213\" data-end=\"8380\"><strong data-start=\"8213\" data-end=\"8268\">1. Waarvoor worden Pagoclone 10mg Pellets gebruikt?<\/strong><br data-start=\"8268\" data-end=\"8271\" \/>Voor <strong data-start=\"8276\" data-end=\"8320\">wetenschappelijk en analytisch onderzoek<\/strong>, onder meer naar GABA-receptoren en chemische analogie\u00ebn.<\/p>\n<p data-start=\"8382\" data-end=\"8549\"><strong data-start=\"8382\" data-end=\"8432\">2. Zijn deze pellets geschikt voor consumptie?<\/strong><br data-start=\"8432\" data-end=\"8435\" \/>Nee, ze zijn <strong data-start=\"8448\" data-end=\"8498\">uitsluitend bedoeld voor laboratoriumonderzoek<\/strong> a <strong data-start=\"8502\" data-end=\"8546\">niet geschikt voor menselijke consumptie<\/strong>.<\/p>\n<p data-start=\"8551\" data-end=\"8671\"><strong data-start=\"8551\" data-end=\"8594\">3. Hoe bewaar ik dit product het beste?<\/strong><br data-start=\"8594\" data-end=\"8597\" \/>Bewaar het op een <strong data-start=\"8615\" data-end=\"8649\">koele, droge en donkere plaats<\/strong> tussen <strong data-start=\"8657\" data-end=\"8668\">15\u201325\u00b0C<\/strong>.<\/p>\n<hr data-start=\"8673\" data-end=\"8676\" \/>\n<h3 data-start=\"8678\" data-end=\"8695\"><strong data-start=\"8682\" data-end=\"8695\">Conclusie<\/strong><\/h3>\n<p data-start=\"8697\" data-end=\"8906\"><strong data-start=\"8697\" data-end=\"8723\">Pagoclone 10mg Pellets<\/strong> bieden <strong data-start=\"8731\" data-end=\"8774\">precisie, zuiverheid en betrouwbaarheid<\/strong> voor professioneel laboratoriumonderzoek. Perfect voor onderzoekers die streven naar <strong data-start=\"8860\" data-end=\"8903\">constante en reproduceerbare resultaten<\/strong>.<\/p>\n<p><strong><a title=\"1V-LSD 150 MCG Blotters\" href=\"https:\/\/researchchemicalsweb.com\/cs\/shop\/lysergamides\/1v-lsd-150-mcg-blotters\/\" target=\"_blank\" rel=\"noopener\">1V-LSD 150 MCG Blotters<\/a> <\/strong><a title=\"2-CMC 250 mg pelety\" href=\"https:\/\/researchchemicalsweb.com\/cs\/shop\/cathinonen\/koupit-2-cmc\/\" target=\"_blank\" rel=\"noopener\">2-CMC 250 mg pelety <\/a><a title=\"2C-EF 2mg kapsle\" href=\"https:\/\/researchchemicalsweb.com\/cs\/shop\/fenethylamine\/2c-ef-2mg-capsules\/\" target=\"_blank\" rel=\"noopener\">2C-EF 2mg kapsle<\/a><\/p>","protected":false},"excerpt":{"rendered":"<p>Introductie Pagoclone 10mg Pellets zijn onderzoeksstoffen van laboratoriumkwaliteit, uitsluitend bedoeld voor wetenschappelijk en analytisch onderzoek. Elke pellet bevat 10 milligram<\/p>","protected":false},"featured_media":20390,"comment_status":"closed","ping_status":"closed","template":"","meta":[],"product_brand":[79],"product_cat":[515,516,517,127],"product_tag":[78,518],"class_list":{"0":"post-18977","1":"product","2":"type-product","3":"status-publish","4":"has-post-thumbnail","6":"product_brand-research-chemical","7":"product_cat-overig","8":"product_cat-pagoclone","9":"product_cat-pagoclone-pellets","10":"product_cat-pellets","11":"product_tag-nl","12":"product_tag-pagoclone","14":"first","15":"instock","16":"shipping-taxable","17":"purchasable","18":"product-type-variable"},"_links":{"self":[{"href":"https:\/\/researchchemicalsweb.com\/cs\/wp-json\/wp\/v2\/product\/18977","targetHints":{"allow":["GET"]}}],"collection":[{"href":"https:\/\/researchchemicalsweb.com\/cs\/wp-json\/wp\/v2\/product"}],"about":[{"href":"https:\/\/researchchemicalsweb.com\/cs\/wp-json\/wp\/v2\/types\/product"}],"replies":[{"embeddable":true,"href":"https:\/\/researchchemicalsweb.com\/cs\/wp-json\/wp\/v2\/comments?post=18977"}],"version-history":[{"count":1,"href":"https:\/\/researchchemicalsweb.com\/cs\/wp-json\/wp\/v2\/product\/18977\/revisions"}],"predecessor-version":[{"id":19016,"href":"https:\/\/researchchemicalsweb.com\/cs\/wp-json\/wp\/v2\/product\/18977\/revisions\/19016"}],"wp:featuredmedia":[{"embeddable":true,"href":"https:\/\/researchchemicalsweb.com\/cs\/wp-json\/wp\/v2\/media\/20390"}],"wp:attachment":[{"href":"https:\/\/researchchemicalsweb.com\/cs\/wp-json\/wp\/v2\/media?parent=18977"}],"wp:term":[{"taxonomy":"product_brand","embeddable":true,"href":"https:\/\/researchchemicalsweb.com\/cs\/wp-json\/wp\/v2\/product_brand?post=18977"},{"taxonomy":"product_cat","embeddable":true,"href":"https:\/\/researchchemicalsweb.com\/cs\/wp-json\/wp\/v2\/product_cat?post=18977"},{"taxonomy":"product_tag","embeddable":true,"href":"https:\/\/researchchemicalsweb.com\/cs\/wp-json\/wp\/v2\/product_tag?post=18977"}],"curies":[{"name":"wp","href":"https:\/\/api.w.org\/{rel}","templated":true}]}}